{"id":45814,"date":"2021-02-21T17:09:26","date_gmt":"2021-02-21T17:09:26","guid":{"rendered":"https:\/\/www.autonvaraosahaku.fi\/?product=hella-5dv-008-290-004-muut-luokat"},"modified":"2021-02-21T17:09:30","modified_gmt":"2021-02-21T17:09:30","slug":"hella-5dv-008-290-004-muut-luokat","status":"publish","type":"product","link":"https:\/\/www.autonvaraosahaku.fi\/?product=hella-5dv-008-290-004-muut-luokat","title":{"rendered":"HELLA 5DV 008 290-004 Muut luokat"},"content":{"rendered":"<p>Korvaava tuote\/korvaava tiedote 2: ilman adapteria, Ohjainta\/ohjelmaa EI SAA kouluttaa\/p\u00e4ivitt\u00e4\u00e4; Lyhdyn muoto: Xenon; Nimellisj\u00e4nnite (V): 12; Valmistusvuoteen: 07\/2010; AUDI: A6 Avant 4F5, C6,A6 4F2, C6,A8 4E_,A6 Allroad 4FH, C6; SKODA: SUPERB 3U4; BMW: 5 E60,5 Touring E61,X5 E53,Z4 E85,7 E65, E66, E67,Z4 Coupe E86; NISSAN: QASHQAI \/ QASHQAI +2 J10, JJ10; SAAB: 9-3 YS3F,9-3 Kombi YS3F,9-3 Cabriolet YS3F; MERCEDES-BENZ: E-CLASS W211,E-CLASS T-Model S211,M-CLASS W164,M-CLASS W163,SLK R171,CLS C219,R-CLASS W251, V251,GL-CLASS X164; OPEL: ASTRA H Caravan L35,ASTRA G CC F48_, F08_,ASTRA H L48,ASTRA G Caravan F35_,VECTRA C Caravan,ASTRA H GTC L08,SIGNUM,VECTRA C,VECTRA C GTS,ASTRA H TwinTop L67,ASTRA G Cabriolet F67,ASTRA G Coupe F07_,ASTRA G Stufenheck F69_,ASTRA H Stufenheck L69,ASTRA H Kasten L70,ASTRA G Kasten F70,ASTRA G CLASSIC Caravan F35,ASTRA CLASSIC Caravan,ASTRA G CLASSIC T98,ASTRA CLASSIC L48,ASTRA CLASSIC Stufenheck,ASTRA G CLASSIC Stufenheck T98; FORD: FOCUS Kombi DNW,FOCUS DAW, DBW,FOCUS C-MAX,FOCUS Stufenheck DFW; RENAULT: CLIO II BB0\/1\/2_, CB0\/1\/2_,SC\u00c9NIC II JM0\/1_,ESPACE IV JK0\/1_,GRAND SC\u00c9NIC II JM0\/1_,CLIO II Kasten SB0\/1\/2_; VAUXHALL: ASTRA Mk V H CC,ASTRA Mk V H Estate,ASTRA Mk V H Convertible; 4E0907476, 63126907488, 6907488, 2M5112K072AA, 2M5Z13C170AA, 2M5Z13C170AA, 24406569, 24417111, 6235149, 02C2S15079, 0028202326, A0028202326, 0028202326, A0028202326, 28474JD00B, 24406569, 24417111, 6235149, 12790592, 4E0907476, 24406569, 24417111, 6235149, 4E0907476<\/p>\n","protected":false},"excerpt":{"rendered":"<p>HELLA Kytkent\u00e4laite, Kaasupurkauslamppu 5DV 008 290-004  AUDI,SKODA,BMW,A6 Avant 4F5, C6,A6 4F2, C6,A8 4E_,A6 Allroad 4FH, C6,SUPERB 3U4,5 E60<\/p>\n","protected":false},"featured_media":0,"template":"","meta":{"site-sidebar-layout":"default","site-content-layout":"default","ast-global-header-display":"","ast-main-header-display":"","ast-hfb-above-header-display":"","ast-hfb-below-header-display":"","ast-hfb-mobile-header-display":"","site-post-title":"","ast-breadcrumbs-content":"","ast-featured-img":"","footer-sml-layout":"","theme-transparent-header-meta":"","adv-header-id-meta":"","stick-header-meta":"","header-above-stick-meta":"","header-main-stick-meta":"","header-below-stick-meta":""},"pwb-brand":[24],"product_cat":[37],"product_tag":[],"class_list":{"0":"post-45814","1":"product","2":"type-product","3":"status-publish","5":"pwb-brand-hella","6":"product_cat-muut-luokat","7":"desktop-align-left","8":"tablet-align-left","9":"mobile-align-left","11":"first","12":"instock","13":"product-type-external"},"brands":[{"id":24,"name":"HELLA","slug":"hella"}],"_links":{"self":[{"href":"https:\/\/www.autonvaraosahaku.fi\/index.php?rest_route=\/wp\/v2\/product\/45814","targetHints":{"allow":["GET"]}}],"collection":[{"href":"https:\/\/www.autonvaraosahaku.fi\/index.php?rest_route=\/wp\/v2\/product"}],"about":[{"href":"https:\/\/www.autonvaraosahaku.fi\/index.php?rest_route=\/wp\/v2\/types\/product"}],"wp:attachment":[{"href":"https:\/\/www.autonvaraosahaku.fi\/index.php?rest_route=%2Fwp%2Fv2%2Fmedia&parent=45814"}],"wp:term":[{"taxonomy":"pwb-brand","embeddable":true,"href":"https:\/\/www.autonvaraosahaku.fi\/index.php?rest_route=%2Fwp%2Fv2%2Fpwb-brand&post=45814"},{"taxonomy":"product_cat","embeddable":true,"href":"https:\/\/www.autonvaraosahaku.fi\/index.php?rest_route=%2Fwp%2Fv2%2Fproduct_cat&post=45814"},{"taxonomy":"product_tag","embeddable":true,"href":"https:\/\/www.autonvaraosahaku.fi\/index.php?rest_route=%2Fwp%2Fv2%2Fproduct_tag&post=45814"}],"curies":[{"name":"wp","href":"https:\/\/api.w.org\/{rel}","templated":true}]}}