{"id":45841,"date":"2021-02-21T17:09:37","date_gmt":"2021-02-21T17:09:37","guid":{"rendered":"https:\/\/www.autonvaraosahaku.fi\/?product=mahle-original-kl-33-of-polttoainesuodatin"},"modified":"2021-02-21T17:09:38","modified_gmt":"2021-02-21T17:09:38","slug":"mahle-original-kl-33-of-polttoainesuodatin","status":"publish","type":"product","link":"https:\/\/www.autonvaraosahaku.fi\/?product=mahle-original-kl-33-of-polttoainesuodatin","title":{"rendered":"MAHLE ORIGINAL KL 33 OF Polttoainesuodatin"},"content":{"rendered":"<p>Suodatintyyppi: Letkusuodatin, Vorfilter; Kopan l\u00e4pimitta (mm): 23,0; Korkeus 1 (mm): 56,75; Korkeus (mm): 104,0; L\u00e4pimitta 2 [mm]: 8,1; L\u00e4pimitta 3 [mm]: 8,1; DAEWOO: MUSSO FJ,KORANDO KJ,KORANDO Cabrio KJ; MERCEDES-BENZ: Stufenheck W124,Stufenheck W123,KOMBI Kombi S124,G-CLASS W463,G-CLASS W460,S-CLASS W140,COUPE C123,G-CLASS W461,KOMBI Kombi S123,100 Bus 631,T2\/L Kasten\/Kombi,100 Kasten 631,T2\/LN1 Kasten\/Kombi,100 Pritsche\/Fahrgestell 631,T2\/L Pritsche\/Fahrgestell,T1\/TN Pritsche\/Fahrgestell,G-CLASS Cabrio W463,T2\/LN1 Pritsche\/Fahrgestell,T1\/TN Kasten\/Kombi,T2\/LN1 Kipper,O 309,UNIMOG; SSANGYONG: MUSSO FJ,KORANDO KJ,KORANDO Cabrio KJ; PUCH: G-MODELL W 460,G-MODELL W 463; 5008879, A810X9155AA, EFG38, 0014776301, 0014776401, 0014776601, 0014777901, 6150920101, A0014776301, A0014776401, A0014776601, A0014777901, A6150920101<\/p>\n","protected":false},"excerpt":{"rendered":"<p>MAHLE ORIGINAL Polttoainesuodatin KL 33 OF  DAEWOO,MERCEDES-BENZ,SSANGYONG,MUSSO FJ,KORANDO KJ,KORANDO Cabrio KJ,Stufenheck W124,Stufenheck W123<\/p>\n","protected":false},"featured_media":0,"template":"","meta":{"site-sidebar-layout":"default","site-content-layout":"default","ast-global-header-display":"","ast-main-header-display":"","ast-hfb-above-header-display":"","ast-hfb-below-header-display":"","ast-hfb-mobile-header-display":"","site-post-title":"","ast-breadcrumbs-content":"","ast-featured-img":"","footer-sml-layout":"","theme-transparent-header-meta":"","adv-header-id-meta":"","stick-header-meta":"","header-above-stick-meta":"","header-main-stick-meta":"","header-below-stick-meta":""},"pwb-brand":[153],"product_cat":[29],"product_tag":[],"class_list":{"0":"post-45841","1":"product","2":"type-product","3":"status-publish","5":"pwb-brand-mahle-original","6":"product_cat-polttoainesuodatin","7":"desktop-align-left","8":"tablet-align-left","9":"mobile-align-left","11":"first","12":"instock","13":"product-type-external"},"brands":[{"id":153,"name":"MAHLE ORIGINAL","slug":"mahle-original"}],"_links":{"self":[{"href":"https:\/\/www.autonvaraosahaku.fi\/index.php?rest_route=\/wp\/v2\/product\/45841","targetHints":{"allow":["GET"]}}],"collection":[{"href":"https:\/\/www.autonvaraosahaku.fi\/index.php?rest_route=\/wp\/v2\/product"}],"about":[{"href":"https:\/\/www.autonvaraosahaku.fi\/index.php?rest_route=\/wp\/v2\/types\/product"}],"wp:attachment":[{"href":"https:\/\/www.autonvaraosahaku.fi\/index.php?rest_route=%2Fwp%2Fv2%2Fmedia&parent=45841"}],"wp:term":[{"taxonomy":"pwb-brand","embeddable":true,"href":"https:\/\/www.autonvaraosahaku.fi\/index.php?rest_route=%2Fwp%2Fv2%2Fpwb-brand&post=45841"},{"taxonomy":"product_cat","embeddable":true,"href":"https:\/\/www.autonvaraosahaku.fi\/index.php?rest_route=%2Fwp%2Fv2%2Fproduct_cat&post=45841"},{"taxonomy":"product_tag","embeddable":true,"href":"https:\/\/www.autonvaraosahaku.fi\/index.php?rest_route=%2Fwp%2Fv2%2Fproduct_tag&post=45841"}],"curies":[{"name":"wp","href":"https:\/\/api.w.org\/{rel}","templated":true}]}}