{"id":45870,"date":"2021-02-21T17:09:43","date_gmt":"2021-02-21T17:09:43","guid":{"rendered":"https:\/\/www.autonvaraosahaku.fi\/?product=japanparts-fa-110s-ilmansuodatin"},"modified":"2021-02-21T17:09:45","modified_gmt":"2021-02-21T17:09:45","slug":"japanparts-fa-110s-ilmansuodatin","status":"publish","type":"product","link":"https:\/\/www.autonvaraosahaku.fi\/?product=japanparts-fa-110s-ilmansuodatin","title":{"rendered":"JAPANPARTS FA-110S Ilmansuodatin"},"content":{"rendered":"<p>Korkeus (mm): 176,5; Ulkol\u00e4pimitta [mm]: 127,3; Sis\u00e4l\u00e4pimitta [mm]: 70,7; Sis\u00e4l\u00e4pimitta 1 [mm]: 10; Valmistusvuoteen: 06\/1996; NISSAN: TERRANO II R20,PATROL GR II Wagon Y61,TERRANO I WD21,VANETTE Bus C22,VANETTE CARGO Bus HC 23,VANETTE Kasten C22,CHERRY III N12,URVAN Bus E24,URVAN Kasten E23,SUNNY I B11,VANETTE Bus KC120,URVAN Kasten E24,URVAN Bus E23,SUNNY I Traveller B11,VANETTE Kasten C120; FORD: MAVERICK UDS, UNS; 1654680G00, 1654604N00, 165460F000, 1654676000, 1654676015, 1654676016, 1654680G00, 16546G9900, 16546L1100, 16546R9000, 16546R9009, 16546Y9500, 16546Y9501, AY120NS009<\/p>\n","protected":false},"excerpt":{"rendered":"<p>JAPANPARTS Ilmansuodatin FA-110S  NISSAN,FORD,TERRANO II R20,PATROL GR II Wagon Y61,TERRANO I WD21,VANETTE Bus C22,VANETTE CARGO Bus HC 23<\/p>\n","protected":false},"featured_media":0,"template":"","meta":{"site-sidebar-layout":"default","site-content-layout":"default","ast-global-header-display":"","ast-main-header-display":"","ast-hfb-above-header-display":"","ast-hfb-below-header-display":"","ast-hfb-mobile-header-display":"","site-post-title":"","ast-breadcrumbs-content":"","ast-featured-img":"","footer-sml-layout":"","theme-transparent-header-meta":"","adv-header-id-meta":"","stick-header-meta":"","header-above-stick-meta":"","header-main-stick-meta":"","header-below-stick-meta":""},"pwb-brand":[334],"product_cat":[31],"product_tag":[],"class_list":{"0":"post-45870","1":"product","2":"type-product","3":"status-publish","5":"pwb-brand-japanparts","6":"product_cat-ilmansuodatin","7":"desktop-align-left","8":"tablet-align-left","9":"mobile-align-left","11":"first","12":"instock","13":"product-type-external"},"brands":[{"id":334,"name":"JAPANPARTS","slug":"japanparts"}],"_links":{"self":[{"href":"https:\/\/www.autonvaraosahaku.fi\/index.php?rest_route=\/wp\/v2\/product\/45870","targetHints":{"allow":["GET"]}}],"collection":[{"href":"https:\/\/www.autonvaraosahaku.fi\/index.php?rest_route=\/wp\/v2\/product"}],"about":[{"href":"https:\/\/www.autonvaraosahaku.fi\/index.php?rest_route=\/wp\/v2\/types\/product"}],"wp:attachment":[{"href":"https:\/\/www.autonvaraosahaku.fi\/index.php?rest_route=%2Fwp%2Fv2%2Fmedia&parent=45870"}],"wp:term":[{"taxonomy":"pwb-brand","embeddable":true,"href":"https:\/\/www.autonvaraosahaku.fi\/index.php?rest_route=%2Fwp%2Fv2%2Fpwb-brand&post=45870"},{"taxonomy":"product_cat","embeddable":true,"href":"https:\/\/www.autonvaraosahaku.fi\/index.php?rest_route=%2Fwp%2Fv2%2Fproduct_cat&post=45870"},{"taxonomy":"product_tag","embeddable":true,"href":"https:\/\/www.autonvaraosahaku.fi\/index.php?rest_route=%2Fwp%2Fv2%2Fproduct_tag&post=45870"}],"curies":[{"name":"wp","href":"https:\/\/api.w.org\/{rel}","templated":true}]}}