{"id":45883,"date":"2021-02-21T17:09:48","date_gmt":"2021-02-21T17:09:48","guid":{"rendered":"https:\/\/www.autonvaraosahaku.fi\/?product=trw-df2813-jarrulevyt"},"modified":"2021-02-21T17:09:49","modified_gmt":"2021-02-21T17:09:49","slug":"trw-df2813-jarrulevyt","status":"publish","type":"product","link":"https:\/\/www.autonvaraosahaku.fi\/?product=trw-df2813-jarrulevyt","title":{"rendered":"TRW DF2813 Jarrulevyt"},"content":{"rendered":"<p>Jarrulevytyyppi: Vakiomalli; Ulkol\u00e4pimitta [mm]: 290; Jarrulevyn paksuus (mm): 10; V\u00e4himm\u00e4ispaksuus (mm): 8,3; keskitt\u00e4misl\u00e4pimitta [mm]: 67; Korkeus (mm): 55,5; Reikien m\u00e4\u00e4r\u00e4: 5; Kierremitta: 13,2; Reik\u00e4ympyr\u00e4-\u00d8 [mm]: 112; Rumpul\u00e4pimitta: 164; V\u00e4ri: Musta; Pinta: Lakattu; Tarkistuskilpi: E1 90R 02 C0204\/0523; Asennuspuoli: Hinterachse; MERCEDES-BENZ: C-CLASS W203,C-CLASS T-Model S203,C-CLASS W202,E-CLASS W210,C-CLASS Coupe CL203,SLK R171,CLK C208,CLK C209,E-CLASS W124,CLK Cabriolet A208,CLK Cabriolet A209,E-CLASS Kombi S124,CLC-CLASS CL203; 1244231112, 2034230412, 2104230312, 2104230612, 2104231012, 210423101264, A1244231112, A2034230412, A2104230312, A2104230612, A2104231012, A210423101264; Jarrulevy<\/p>\n","protected":false},"excerpt":{"rendered":"<p>TRW Jarrulevyt DF2813 Jarrulevy MERCEDES-BENZ,C-CLASS W203,C-CLASS T-Model S203,C-CLASS W202,E-CLASS W210,C-CLASS Coupe CL203,SLK R171,CLK C208<\/p>\n","protected":false},"featured_media":0,"template":"","meta":{"site-sidebar-layout":"default","site-content-layout":"default","ast-global-header-display":"","ast-main-header-display":"","ast-hfb-above-header-display":"","ast-hfb-below-header-display":"","ast-hfb-mobile-header-display":"","site-post-title":"","ast-breadcrumbs-content":"","ast-featured-img":"","footer-sml-layout":"","theme-transparent-header-meta":"","adv-header-id-meta":"","stick-header-meta":"","header-above-stick-meta":"","header-main-stick-meta":"","header-below-stick-meta":""},"pwb-brand":[332],"product_cat":[66],"product_tag":[],"class_list":{"0":"post-45883","1":"product","2":"type-product","3":"status-publish","5":"pwb-brand-trw","6":"product_cat-jarrulevyt","7":"desktop-align-left","8":"tablet-align-left","9":"mobile-align-left","11":"first","12":"instock","13":"product-type-external"},"brands":[{"id":332,"name":"TRW","slug":"trw"}],"_links":{"self":[{"href":"https:\/\/www.autonvaraosahaku.fi\/index.php?rest_route=\/wp\/v2\/product\/45883","targetHints":{"allow":["GET"]}}],"collection":[{"href":"https:\/\/www.autonvaraosahaku.fi\/index.php?rest_route=\/wp\/v2\/product"}],"about":[{"href":"https:\/\/www.autonvaraosahaku.fi\/index.php?rest_route=\/wp\/v2\/types\/product"}],"wp:attachment":[{"href":"https:\/\/www.autonvaraosahaku.fi\/index.php?rest_route=%2Fwp%2Fv2%2Fmedia&parent=45883"}],"wp:term":[{"taxonomy":"pwb-brand","embeddable":true,"href":"https:\/\/www.autonvaraosahaku.fi\/index.php?rest_route=%2Fwp%2Fv2%2Fpwb-brand&post=45883"},{"taxonomy":"product_cat","embeddable":true,"href":"https:\/\/www.autonvaraosahaku.fi\/index.php?rest_route=%2Fwp%2Fv2%2Fproduct_cat&post=45883"},{"taxonomy":"product_tag","embeddable":true,"href":"https:\/\/www.autonvaraosahaku.fi\/index.php?rest_route=%2Fwp%2Fv2%2Fproduct_tag&post=45883"}],"curies":[{"name":"wp","href":"https:\/\/api.w.org\/{rel}","templated":true}]}}