{"id":45886,"date":"2021-02-21T17:09:48","date_gmt":"2021-02-21T17:09:48","guid":{"rendered":"https:\/\/www.autonvaraosahaku.fi\/?product=febi-bilstein-12037-jarrulevyt"},"modified":"2021-02-21T17:09:50","modified_gmt":"2021-02-21T17:09:50","slug":"febi-bilstein-12037-jarrulevyt","status":"publish","type":"product","link":"https:\/\/www.autonvaraosahaku.fi\/?product=febi-bilstein-12037-jarrulevyt","title":{"rendered":"FEBI BILSTEIN 12037 Jarrulevyt"},"content":{"rendered":"<p>Jarrulevyn paksuus (mm): 26; Kiinnitysreikien lukum\u00e4\u00e4r\u00e4: 5, 1; Paksuus [mm]: 43,6; Ulkol\u00e4pimitta [mm]: 281,0; Reik\u00e4ympyr\u00e4-\u00d8 [mm]: 98; Pinta: pinnoitettu; Jarrulevytyyppi: Tuuletettu, sis\u00e4; Asennuspuoli: Etuakseli; V\u00e4himm\u00e4ispaksuus (mm): 24,2; Paino [kg]: 7,1; keskitt\u00e4misl\u00e4pimitta [mm]: 59, 59; Jarruj\u00e4rjestelm\u00e4: Girling; LANCIA: ZETA 220; FIAT: ULYSSE 220,TIPO Schr\u00e4gheck 356_,TIPO Kombi 356_,TIPO Stufenheck 356_; CITRO\u00cbN: EVASION 22, U6,JUMPY U6U,JUMPY Kasten BS_, BT_, BY_, BZ_,JUMPY Pritsche\/Fahrgestell BU_, BV_, BW_, BX_; PEUGEOT: 806 221,EXPERT Kasten 222,EXPERT 224,EXPERT Pritsche\/Fahrgestell 223; 4246J2, 4246J2S, 4246J3, 4246J3S, E169008, 1309392080, 1317651080, 52017293, 52067394, 71738908, 1309392080, 1317651080, 71738908, 4246J2, 4246J2S, 4246J3, 4246J3S; Jarrulevy<\/p>\n","protected":false},"excerpt":{"rendered":"<p>FEBI BILSTEIN Jarrulevyt 12037 Jarrulevy LANCIA,FIAT,CITRO\u00cbN,ZETA 220,ULYSSE 220,TIPO Schr\u00e4gheck 356_,TIPO Kombi 356_,TIPO Stufenheck 356_<\/p>\n","protected":false},"featured_media":0,"template":"","meta":{"site-sidebar-layout":"default","site-content-layout":"default","ast-global-header-display":"","ast-main-header-display":"","ast-hfb-above-header-display":"","ast-hfb-below-header-display":"","ast-hfb-mobile-header-display":"","site-post-title":"","ast-breadcrumbs-content":"","ast-featured-img":"","footer-sml-layout":"","theme-transparent-header-meta":"","adv-header-id-meta":"","stick-header-meta":"","header-above-stick-meta":"","header-main-stick-meta":"","header-below-stick-meta":""},"pwb-brand":[50],"product_cat":[66],"product_tag":[],"class_list":{"0":"post-45886","1":"product","2":"type-product","3":"status-publish","5":"pwb-brand-febi-bilstein","6":"product_cat-jarrulevyt","7":"desktop-align-left","8":"tablet-align-left","9":"mobile-align-left","11":"first","12":"instock","13":"product-type-external"},"brands":[{"id":50,"name":"FEBI BILSTEIN","slug":"febi-bilstein"}],"_links":{"self":[{"href":"https:\/\/www.autonvaraosahaku.fi\/index.php?rest_route=\/wp\/v2\/product\/45886","targetHints":{"allow":["GET"]}}],"collection":[{"href":"https:\/\/www.autonvaraosahaku.fi\/index.php?rest_route=\/wp\/v2\/product"}],"about":[{"href":"https:\/\/www.autonvaraosahaku.fi\/index.php?rest_route=\/wp\/v2\/types\/product"}],"wp:attachment":[{"href":"https:\/\/www.autonvaraosahaku.fi\/index.php?rest_route=%2Fwp%2Fv2%2Fmedia&parent=45886"}],"wp:term":[{"taxonomy":"pwb-brand","embeddable":true,"href":"https:\/\/www.autonvaraosahaku.fi\/index.php?rest_route=%2Fwp%2Fv2%2Fpwb-brand&post=45886"},{"taxonomy":"product_cat","embeddable":true,"href":"https:\/\/www.autonvaraosahaku.fi\/index.php?rest_route=%2Fwp%2Fv2%2Fproduct_cat&post=45886"},{"taxonomy":"product_tag","embeddable":true,"href":"https:\/\/www.autonvaraosahaku.fi\/index.php?rest_route=%2Fwp%2Fv2%2Fproduct_tag&post=45886"}],"curies":[{"name":"wp","href":"https:\/\/api.w.org\/{rel}","templated":true}]}}