{"id":45993,"date":"2021-02-21T17:10:16","date_gmt":"2021-02-21T17:10:16","guid":{"rendered":"https:\/\/www.autonvaraosahaku.fi\/?product=motul-101580-moottorioljy"},"modified":"2021-02-21T17:10:19","modified_gmt":"2021-02-21T17:10:19","slug":"motul-101580-moottorioljy","status":"publish","type":"product","link":"https:\/\/www.autonvaraosahaku.fi\/?product=motul-101580-moottorioljy","title":{"rendered":"MOTUL 101580 Moottori\u00f6ljy"},"content":{"rendered":"<p>Tilavuus (litra): 1; \u00d6ljy: Synteettinen \u00f6ljy; Erittely: ACEA C1, JASO DL-1; Viskositeettiluokka SAE: 5W-30; Valmistajan hyv\u00e4ksym\u00e4: Ford WSS-M2C934-B, STJLR.03.5005; Versio: ECO-CLEAN+; API-m\u00e4\u00e4rittely: SE; MAZDA: 5 CR19,3 BK,6 Station Wagon GY,6 Kombi GH,CX-7 ER,6 Hatchback GG,6 GG,3 BL,6 Schr\u00e4gheck GH,3 Stufenheck BK,6 GH,3 Stufenheck BL,CX-9 TB; CHEVROLET: CAPTIVA C100, C140,MATIZ M200, M250,NUBIRA Kombi,KALOS,AVEO Schr\u00e4gheck T250, T255,EPICA KL1_,LACETTI J200,AVEO Stufenheck T250, T255,REZZO,KALOS Stufenheck,EVANDA,NUBIRA Stufenheck,TAHOE B2W,SPARK M200 M250,AVEO Stufenheck T200,SPARK M150,LACETTI Kombi J200,AVALANCHE,LACETTI Stufenheck; DAEWOO: KALOS KLAS,MATIZ KLYA,REZZO KLAU,EVANDA KLAL,LACETTI Schr\u00e4gheck KLAN,NUBIRA Stufenheck KLAN,KALOS Stufenheck KLAS; NISSAN: QASHQAI \/ QASHQAI +2 J10, JJ10,X-TRAIL T30,NOTE E11,ALMERA II Hatchback N16,JUKE F15,PATHFINDER R51,X-TRAIL T31,MICRA IV K13,NV200 EVALIA,350 Z Z33,NOTE E12,TIIDA Schr\u00e4gheck,NV200 Kasten,MURANO Z51,ALMERA Mk II N16,370 Z Z34,350 Z Roadster Z33,CUBE Z12,TIIDA Stufenheck SC11X,370 Z Roadster Z34,TEANA II J32,PATROL III Y62,SENTRA B15,TEANA I J31; KIA: PICANTO BA,CEE&#8217;D SW ED,CEE&#8217;D Schr\u00e4gheck ED,SPORTAGE JE_, KM_,SORENTO II XM,CARENS II FJ,RIO III UB,CEE&#8217;D JD,CARENS III UN,CARNIVAL II GQ,CARNIVAL \/ GRAND CARNIVAL III VQ,PICANTO TA,PRO CEE&#8217;D ED,CERATO LD,MAGENTIS GD,MAGENTIS MG,PRO CEE\u00b4D JD,OPIRUS GH,CERATO Stufenheck LD,OPTIMA,RIO III Stufenheck UB,CARNIVAL I UP,CERATO II Stufenheck TD,SORENTO III,SOUL II PS,CERATO YD Stufenheck,CERATO KOUP TD,CADENZA; LEXUS: IS II GSE2_, ALE2_, USE2_,RX MHU3_, GSU3_, MCU3_,IS I JCE1_, GXE1_,GS GRS19_, UZS19_, GWS19_,RX GYL1_, GGL15, AGL10,CT ZWA1_,IS SportCross,RX MCU15,IS III GSE3_, AVE3_,LS UVF4_, USF4_,GS GRL1_, GWL1_,SC UZZ40_,LS UCF30,IS C GSE2_,LX UZJ100,ES AVV6_, GSV6_, ASV6_,ES GSV4_, ACV4_,GX URJ15_,ES MCV_, VZV_,NX ZGZ1_, AGZ1_, AYZ1_,RC GSC1_, USC1_; FORD USA: EXPEDITION; LAND ROVER: FREELANDER 2 FA_,DEFENDER Station Wagon LD,RANGE ROVER SPORT LS,RANGE ROVER EVOQUE LV,RANGE ROVER III LM,DISCOVERY IV LA,DEFENDER Pick-up LD_,DEFENDER Cabrio LD,RANGE ROVER SPORT LW,RANGE ROVER IV LG,DEFENDER Pritsche\/Fahrgestell LD,DISCOVERY SPORT LC,RANGE ROVER VELAR L560,DISCOVERY V LR_; HYUNDAI: ix35 LM, EL, ELH,i10 PA,TUCSON JM,H-1 Travel TQ,SONATA V NF,ix55,SANTA F\u00c9 III DM,GENESIS Coupe,VELOSTER FS,H-1 Cargo TQ,ELANTRA Stufenheck XD,GRAND SANTA F\u00c9,LANTRA II J-2,ELANTRA Stufenheck MD, UD,ACCENT IV RB,i20 GB,ELANTRA Stufenheck HD,GENESIS BH,ACCENT IV Stufenheck RB,GRANDEUR HG,i20 Coupe,GENESIS DH; INFINITI: FX,EX,M35<\/p>\n","protected":false},"excerpt":{"rendered":"<p>MOTUL Moottori\u00f6ljy 101580<\/p>\n","protected":false},"featured_media":0,"template":"","meta":{"site-sidebar-layout":"default","site-content-layout":"default","ast-global-header-display":"","ast-main-header-display":"","ast-hfb-above-header-display":"","ast-hfb-below-header-display":"","ast-hfb-mobile-header-display":"","site-post-title":"","ast-breadcrumbs-content":"","ast-featured-img":"","footer-sml-layout":"","theme-transparent-header-meta":"","adv-header-id-meta":"","stick-header-meta":"","header-above-stick-meta":"","header-main-stick-meta":"","header-below-stick-meta":""},"pwb-brand":[140],"product_cat":[129],"product_tag":[],"class_list":{"0":"post-45993","1":"product","2":"type-product","3":"status-publish","5":"pwb-brand-motul","6":"product_cat-moottorioljy","7":"desktop-align-left","8":"tablet-align-left","9":"mobile-align-left","11":"first","12":"instock","13":"product-type-external"},"brands":[{"id":140,"name":"MOTUL","slug":"motul"}],"_links":{"self":[{"href":"https:\/\/www.autonvaraosahaku.fi\/index.php?rest_route=\/wp\/v2\/product\/45993","targetHints":{"allow":["GET"]}}],"collection":[{"href":"https:\/\/www.autonvaraosahaku.fi\/index.php?rest_route=\/wp\/v2\/product"}],"about":[{"href":"https:\/\/www.autonvaraosahaku.fi\/index.php?rest_route=\/wp\/v2\/types\/product"}],"wp:attachment":[{"href":"https:\/\/www.autonvaraosahaku.fi\/index.php?rest_route=%2Fwp%2Fv2%2Fmedia&parent=45993"}],"wp:term":[{"taxonomy":"pwb-brand","embeddable":true,"href":"https:\/\/www.autonvaraosahaku.fi\/index.php?rest_route=%2Fwp%2Fv2%2Fpwb-brand&post=45993"},{"taxonomy":"product_cat","embeddable":true,"href":"https:\/\/www.autonvaraosahaku.fi\/index.php?rest_route=%2Fwp%2Fv2%2Fproduct_cat&post=45993"},{"taxonomy":"product_tag","embeddable":true,"href":"https:\/\/www.autonvaraosahaku.fi\/index.php?rest_route=%2Fwp%2Fv2%2Fproduct_tag&post=45993"}],"curies":[{"name":"wp","href":"https:\/\/api.w.org\/{rel}","templated":true}]}}