{"id":45999,"date":"2021-02-21T17:10:21","date_gmt":"2021-02-21T17:10:21","guid":{"rendered":"https:\/\/www.autonvaraosahaku.fi\/?product=jurid-562304jc-jarrulevyt"},"modified":"2021-02-21T17:10:21","modified_gmt":"2021-02-21T17:10:21","slug":"jurid-562304jc-jarrulevyt","status":"publish","type":"product","link":"https:\/\/www.autonvaraosahaku.fi\/?product=jurid-562304jc-jarrulevyt","title":{"rendered":"JURID 562304JC Jarrulevyt"},"content":{"rendered":"<p>Korkeus (mm): 40; Paino [kg]: 10,18; Jarrulevytyyppi: Tuuletettu; Jarrulevyn paksuus (mm): 22; V\u00e4himm\u00e4ispaksuus (mm): 20; Ulkol\u00e4pimitta [mm]: 257; Reikien m\u00e4\u00e4r\u00e4: 4; keskitt\u00e4misl\u00e4pimitta [mm]: 60; Kiristysmomentti: 98; Reik\u00e4ympyr\u00e4-\u00d8 [mm]: 100; Pinta: pinnoitettu; Pakkaustyyppi: Laatikko; M\u00e4\u00e4r\u00e4yksikk\u00f6: Sarja; Korvaava tuote\/korvaava tiedote 2: ilman ruuveja; Reik\u00e4ympyr\u00e4-\u00d8 2 [mm]: 100; Versio: JC; Pakkauspituus [cm]: 28; Pakkausleveys [cm]: 28; Pakkauskorkeus [mm]: 10,5; Asennuspuoli: Vorderachse; OPEL: CORSA D,ADAM,CORSA D Van,CORSA E; FIAT: GRANDE PUNTO 199,PUNTO EVO 199,PUNTO 199,PUNTO Van 199,GRANDE PUNTO Van 199_,PUNTO EVO Van 199_; VAUXHALL: CORSA Mk III D L_8,ADAM,CORSAVAN Mk III D,CORSA Mk IV E; 51830236, 55700918, 55700920, 55700921, 6001073179, 71773404, 13317922, 569024, 569065, 93188917, 9319724, 93197241, 13317922, 93188917, 93197241; Jarrulevy<\/p>\n","protected":false},"excerpt":{"rendered":"<p>JURID Jarrulevyt 562304JC Jarrulevy OPEL,FIAT,VAUXHALL,CORSA D,ADAM,CORSA D Van,CORSA E,GRANDE PUNTO 199,PUNTO EVO 199,PUNTO 199,PUNTO Van 199<\/p>\n","protected":false},"featured_media":0,"template":"","meta":{"site-sidebar-layout":"default","site-content-layout":"default","ast-global-header-display":"","ast-main-header-display":"","ast-hfb-above-header-display":"","ast-hfb-below-header-display":"","ast-hfb-mobile-header-display":"","site-post-title":"","ast-breadcrumbs-content":"","ast-featured-img":"","footer-sml-layout":"","theme-transparent-header-meta":"","adv-header-id-meta":"","stick-header-meta":"","header-above-stick-meta":"","header-main-stick-meta":"","header-below-stick-meta":""},"pwb-brand":[247],"product_cat":[66],"product_tag":[],"class_list":{"0":"post-45999","1":"product","2":"type-product","3":"status-publish","5":"pwb-brand-jurid","6":"product_cat-jarrulevyt","7":"desktop-align-left","8":"tablet-align-left","9":"mobile-align-left","11":"first","12":"instock","13":"product-type-external"},"brands":[{"id":247,"name":"JURID","slug":"jurid"}],"_links":{"self":[{"href":"https:\/\/www.autonvaraosahaku.fi\/index.php?rest_route=\/wp\/v2\/product\/45999","targetHints":{"allow":["GET"]}}],"collection":[{"href":"https:\/\/www.autonvaraosahaku.fi\/index.php?rest_route=\/wp\/v2\/product"}],"about":[{"href":"https:\/\/www.autonvaraosahaku.fi\/index.php?rest_route=\/wp\/v2\/types\/product"}],"wp:attachment":[{"href":"https:\/\/www.autonvaraosahaku.fi\/index.php?rest_route=%2Fwp%2Fv2%2Fmedia&parent=45999"}],"wp:term":[{"taxonomy":"pwb-brand","embeddable":true,"href":"https:\/\/www.autonvaraosahaku.fi\/index.php?rest_route=%2Fwp%2Fv2%2Fpwb-brand&post=45999"},{"taxonomy":"product_cat","embeddable":true,"href":"https:\/\/www.autonvaraosahaku.fi\/index.php?rest_route=%2Fwp%2Fv2%2Fproduct_cat&post=45999"},{"taxonomy":"product_tag","embeddable":true,"href":"https:\/\/www.autonvaraosahaku.fi\/index.php?rest_route=%2Fwp%2Fv2%2Fproduct_tag&post=45999"}],"curies":[{"name":"wp","href":"https:\/\/api.w.org\/{rel}","templated":true}]}}