{"id":46004,"date":"2021-02-21T17:10:21","date_gmt":"2021-02-21T17:10:21","guid":{"rendered":"https:\/\/www.autonvaraosahaku.fi\/?product=topran-302-639-hydraulinen-venttiilinnostin"},"modified":"2021-02-21T17:10:22","modified_gmt":"2021-02-21T17:10:22","slug":"topran-302-639-hydraulinen-venttiilinnostin","status":"publish","type":"product","link":"https:\/\/www.autonvaraosahaku.fi\/?product=topran-302-639-hydraulinen-venttiilinnostin","title":{"rendered":"TOPRAN 302 639 Hydraulinen venttiilinnostin"},"content":{"rendered":"<p>K\u00e4ytt\u00f6: Hydraulinen; Ulkol\u00e4pimitta [mm]: 12; Korkeus (mm): 33,4; Tarvittava kappalem\u00e4\u00e4r\u00e4: 16; Organisaationumerosta: 10586; FIAT: SCUDO 270_,SCUDO Kasten 270_,SCUDO Pritsche\/Fahrgestell 270_; PEUGEOT: 206 Schr\u00e4gheck 2A\/C,206 CC 2D,207 WA_, WC_,307 SW 3H,207 CC WD_,407 SW 6E_,307 3A\/C,207 SW WK_,308 SW,206 SW 2E\/K,308 4A_, 4C_,5008,307 Break 3E,407 6D_,3008,PARTNER Tepee,1007 KM_,PARTNER Combispace 5F,PARTNER Kasten 5,EXPERT Tepee VF3V_,EXPERT Kasten VF3A_, VF3U_, VF3X_,PARTNER Kasten,EXPERT Pritsche\/Fahrgestell; HYUNDAI: ix35 LM, EL, ELH,i30 FD,GETZ TB,i10 PA,i20 PB, PBT,i30 CW FD,i40 CW VF,ix20 JC,MATRIX FC,i30 CW GD,H-1 Travel TQ,ix55,i40 VF,H-1 Kasten,H-1 Cargo TQ,ACCENT III MC,H-1 \/ STAREX,ACCENT III Stufenheck MC,ELANTRA Stufenheck MD, UD,i20 GB,ELANTRA Stufenheck HD,ACCENT IV Stufenheck RB,PORTER Pritsche\/Fahrgestell; CITRO\u00cbN: BERLINGO MF,XSARA PICASSO N68,C2 JM_,BERLINGO B9,C5 III Break TD_,C4 I LC_,BERLINGO Kasten M_,C3 Picasso,C5 III RD_,C3 II,JUMPY,BERLINGO Kasten B9,JUMPY Kasten; MAZDA: 2 DE,3 Stufenheck BL; KIA: SORENTO I JC,PICANTO BA,SPORTAGE SL,CEE&#8217;D SW ED,CEE&#8217;D Schr\u00e4gheck ED,VENGA YN,RIO III UB,RIO II JB,CEE&#8217;D JD,CARENS III UN,CEE`D Sportswagon JD,PRO CEE&#8217;D ED,CARENS IV,SOUL AM,CERATO LD,PRO CEE\u00b4D JD,CERATO Stufenheck LD,RIO II Stufenheck JB,OPTIMA,SPORTAGE QL,K2500 SD,SOUL II PS; VOLVO: V50 MW,V70 III BW,C30,V60,S40 II MS,V40 Schr\u00e4gheck,S80 II AS,S60 II; MINI: MINI R56,MINI CLUBMAN R55; 094289, 9650981280, 1319249, 3M5Q6500BA, 222314A000, 222314A001, 222314A000, 222314A001, Y60312101, 11337805974, 7805974, 094289, 30711499; Venttiilinnostin<\/p>\n","protected":false},"excerpt":{"rendered":"<p>TOPRAN Hydraulinen Venttiilinnostin 302 639 Venttiilinnostin FIAT,PEUGEOT,HYUNDAI,SCUDO 270_,SCUDO Kasten 270_,SCUDO Pritsche\/Fahrgestell 270_<\/p>\n","protected":false},"featured_media":0,"template":"","meta":{"site-sidebar-layout":"default","site-content-layout":"default","ast-global-header-display":"","ast-main-header-display":"","ast-hfb-above-header-display":"","ast-hfb-below-header-display":"","ast-hfb-mobile-header-display":"","site-post-title":"","ast-breadcrumbs-content":"","ast-featured-img":"","footer-sml-layout":"","theme-transparent-header-meta":"","adv-header-id-meta":"","stick-header-meta":"","header-above-stick-meta":"","header-main-stick-meta":"","header-below-stick-meta":""},"pwb-brand":[18],"product_cat":[126],"product_tag":[],"class_list":{"0":"post-46004","1":"product","2":"type-product","3":"status-publish","5":"pwb-brand-topran","6":"product_cat-hydraulinen-venttiilinnostin","7":"desktop-align-left","8":"tablet-align-left","9":"mobile-align-left","11":"first","12":"instock","13":"product-type-external"},"brands":[{"id":18,"name":"TOPRAN","slug":"topran"}],"_links":{"self":[{"href":"https:\/\/www.autonvaraosahaku.fi\/index.php?rest_route=\/wp\/v2\/product\/46004","targetHints":{"allow":["GET"]}}],"collection":[{"href":"https:\/\/www.autonvaraosahaku.fi\/index.php?rest_route=\/wp\/v2\/product"}],"about":[{"href":"https:\/\/www.autonvaraosahaku.fi\/index.php?rest_route=\/wp\/v2\/types\/product"}],"wp:attachment":[{"href":"https:\/\/www.autonvaraosahaku.fi\/index.php?rest_route=%2Fwp%2Fv2%2Fmedia&parent=46004"}],"wp:term":[{"taxonomy":"pwb-brand","embeddable":true,"href":"https:\/\/www.autonvaraosahaku.fi\/index.php?rest_route=%2Fwp%2Fv2%2Fpwb-brand&post=46004"},{"taxonomy":"product_cat","embeddable":true,"href":"https:\/\/www.autonvaraosahaku.fi\/index.php?rest_route=%2Fwp%2Fv2%2Fproduct_cat&post=46004"},{"taxonomy":"product_tag","embeddable":true,"href":"https:\/\/www.autonvaraosahaku.fi\/index.php?rest_route=%2Fwp%2Fv2%2Fproduct_tag&post=46004"}],"curies":[{"name":"wp","href":"https:\/\/api.w.org\/{rel}","templated":true}]}}