{"id":46019,"date":"2021-02-21T17:10:26","date_gmt":"2021-02-21T17:10:26","guid":{"rendered":"https:\/\/www.autonvaraosahaku.fi\/?product=vaico-v10-8169-1-jarrupalat"},"modified":"2021-02-21T17:10:27","modified_gmt":"2021-02-21T17:10:27","slug":"vaico-v10-8169-1-jarrupalat","status":"publish","type":"product","link":"https:\/\/www.autonvaraosahaku.fi\/?product=vaico-v10-8169-1-jarrupalat","title":{"rendered":"VAICO V10-8169-1 Jarrupalat"},"content":{"rendered":"<p>Korkeus (mm): 7,4; Asennuspuoli: Etuakseli; Vaihtoehtoisesti: ; Leveys (mm): 156,3; Paksuus [mm]: 19,5; Kulumisenilmaisimen liitos: Sis. kulumisenilmaisimen; Jarruj\u00e4rjestelm\u00e4: ATE; Paino [kg]: 0,542; Pakkausleveys [cm]: 15,63; Pakkauskorkeus [mm]: 7,4; Pakkaussyvyys [cm]: 2; M\u00e4\u00e4r\u00e4yksikk\u00f6: Akselisarja; lis\u00e4tieto: CST99; Valmistusvuosi alkaen: 08\/1991; VW: PASSAT Variant 3B6,PASSAT Variant 3B5,PASSAT 3B2,PASSAT 3B3; AUDI: A4 8D2, B5,A4 Avant 8D5, B5,A4 8E2, B6,100 4A, C4,100 44, 44Q, C3,A6 Avant 4A, C4,A6 4A, C4,100 Avant 4A, C4,100 Avant 44, 44Q, C3,200 44, 44Q,200 43; 4A0698151, 4A0698151C, 4A0698151, 4A0698151C, 4A0698151, 4A0698151C, 4A0698151, 4A0698151C; Jarrupalasarja,Jarrupala, Levyjarru<\/p>\n","protected":false},"excerpt":{"rendered":"<p>VAICO Jarrupalat V10-8169-1 Jarrupalasarja,Jarrupala, Levyjarru VW,AUDI,PASSAT Variant 3B6,PASSAT Variant 3B5,PASSAT 3B2,PASSAT 3B3,A4 8D2, B5<\/p>\n","protected":false},"featured_media":0,"template":"","meta":{"site-sidebar-layout":"default","site-content-layout":"default","ast-global-header-display":"","ast-main-header-display":"","ast-hfb-above-header-display":"","ast-hfb-below-header-display":"","ast-hfb-mobile-header-display":"","site-post-title":"","ast-breadcrumbs-content":"","ast-featured-img":"","footer-sml-layout":"","theme-transparent-header-meta":"","adv-header-id-meta":"","stick-header-meta":"","header-above-stick-meta":"","header-main-stick-meta":"","header-below-stick-meta":""},"pwb-brand":[330],"product_cat":[100],"product_tag":[],"class_list":{"0":"post-46019","1":"product","2":"type-product","3":"status-publish","5":"pwb-brand-vaico","6":"product_cat-jarrupalat","7":"desktop-align-left","8":"tablet-align-left","9":"mobile-align-left","11":"first","12":"instock","13":"product-type-external"},"brands":[{"id":330,"name":"VAICO","slug":"vaico"}],"_links":{"self":[{"href":"https:\/\/www.autonvaraosahaku.fi\/index.php?rest_route=\/wp\/v2\/product\/46019","targetHints":{"allow":["GET"]}}],"collection":[{"href":"https:\/\/www.autonvaraosahaku.fi\/index.php?rest_route=\/wp\/v2\/product"}],"about":[{"href":"https:\/\/www.autonvaraosahaku.fi\/index.php?rest_route=\/wp\/v2\/types\/product"}],"wp:attachment":[{"href":"https:\/\/www.autonvaraosahaku.fi\/index.php?rest_route=%2Fwp%2Fv2%2Fmedia&parent=46019"}],"wp:term":[{"taxonomy":"pwb-brand","embeddable":true,"href":"https:\/\/www.autonvaraosahaku.fi\/index.php?rest_route=%2Fwp%2Fv2%2Fpwb-brand&post=46019"},{"taxonomy":"product_cat","embeddable":true,"href":"https:\/\/www.autonvaraosahaku.fi\/index.php?rest_route=%2Fwp%2Fv2%2Fproduct_cat&post=46019"},{"taxonomy":"product_tag","embeddable":true,"href":"https:\/\/www.autonvaraosahaku.fi\/index.php?rest_route=%2Fwp%2Fv2%2Fproduct_tag&post=46019"}],"curies":[{"name":"wp","href":"https:\/\/api.w.org\/{rel}","templated":true}]}}