{"id":46051,"date":"2021-02-21T17:10:32","date_gmt":"2021-02-21T17:10:32","guid":{"rendered":"https:\/\/www.autonvaraosahaku.fi\/?product=ridex-123b0021-jarrurumpu"},"modified":"2021-02-21T17:10:34","modified_gmt":"2021-02-21T17:10:34","slug":"ridex-123b0021-jarrurumpu","status":"publish","type":"product","link":"https:\/\/www.autonvaraosahaku.fi\/?product=ridex-123b0021-jarrurumpu","title":{"rendered":"RIDEX 123B0021 Jarrurumpu"},"content":{"rendered":"<p>Rumpul\u00e4pimitta: 228; Suurin mahdollinen rummun sis\u00e4mitta (mm): 229,5; J-rumpu sis\u00e4leveys [mm]: 47; J-rumpu ulkoleveys [mm]: 59; Asennusl\u00e4pimitta [mm]: 75; Jarrurummun ulkol\u00e4pim. [mm]: 270; Reik\u00e4ympyr\u00e4-\u00d8 [mm]: 120; Asennuspuoli: Taka-akseli, Hinterachse; Reik\u00e4kuvio\/-m\u00e4\u00e4r\u00e4: 5\/6; Reik\u00e4-\u00d8 [mm]: 14,6; BMW: 3 Compact E36,3 E36,3 Coupe E36,3 Cabriolet E30,3 Cabriolet E36,3 Touring E36; 34211158815, 34211159486<\/p>\n","protected":false},"excerpt":{"rendered":"<p>RIDEX Jarrurumpu 123B0021  BMW,3 Compact E36,3 E36,3 Coupe E36,3 Cabriolet E30,3 Cabriolet E36,3 Touring E36<\/p>\n","protected":false},"featured_media":0,"template":"","meta":{"site-sidebar-layout":"default","site-content-layout":"default","ast-global-header-display":"","ast-main-header-display":"","ast-hfb-above-header-display":"","ast-hfb-below-header-display":"","ast-hfb-mobile-header-display":"","site-post-title":"","ast-breadcrumbs-content":"","ast-featured-img":"","footer-sml-layout":"","theme-transparent-header-meta":"","adv-header-id-meta":"","stick-header-meta":"","header-above-stick-meta":"","header-main-stick-meta":"","header-below-stick-meta":""},"pwb-brand":[157],"product_cat":[304],"product_tag":[],"class_list":{"0":"post-46051","1":"product","2":"type-product","3":"status-publish","5":"pwb-brand-ridex","6":"product_cat-jarrurumpu","7":"desktop-align-left","8":"tablet-align-left","9":"mobile-align-left","11":"first","12":"instock","13":"product-type-external"},"brands":[{"id":157,"name":"RIDEX","slug":"ridex"}],"_links":{"self":[{"href":"https:\/\/www.autonvaraosahaku.fi\/index.php?rest_route=\/wp\/v2\/product\/46051","targetHints":{"allow":["GET"]}}],"collection":[{"href":"https:\/\/www.autonvaraosahaku.fi\/index.php?rest_route=\/wp\/v2\/product"}],"about":[{"href":"https:\/\/www.autonvaraosahaku.fi\/index.php?rest_route=\/wp\/v2\/types\/product"}],"wp:attachment":[{"href":"https:\/\/www.autonvaraosahaku.fi\/index.php?rest_route=%2Fwp%2Fv2%2Fmedia&parent=46051"}],"wp:term":[{"taxonomy":"pwb-brand","embeddable":true,"href":"https:\/\/www.autonvaraosahaku.fi\/index.php?rest_route=%2Fwp%2Fv2%2Fpwb-brand&post=46051"},{"taxonomy":"product_cat","embeddable":true,"href":"https:\/\/www.autonvaraosahaku.fi\/index.php?rest_route=%2Fwp%2Fv2%2Fproduct_cat&post=46051"},{"taxonomy":"product_tag","embeddable":true,"href":"https:\/\/www.autonvaraosahaku.fi\/index.php?rest_route=%2Fwp%2Fv2%2Fproduct_tag&post=46051"}],"curies":[{"name":"wp","href":"https:\/\/api.w.org\/{rel}","templated":true}]}}