{"id":46064,"date":"2021-02-21T17:10:37","date_gmt":"2021-02-21T17:10:37","guid":{"rendered":"https:\/\/www.autonvaraosahaku.fi\/?product=kolbenschmidt-50007602-hydraulinen-venttiilinnostin"},"modified":"2021-02-21T17:10:38","modified_gmt":"2021-02-21T17:10:38","slug":"kolbenschmidt-50007602-hydraulinen-venttiilinnostin","status":"publish","type":"product","link":"https:\/\/www.autonvaraosahaku.fi\/?product=kolbenschmidt-50007602-hydraulinen-venttiilinnostin","title":{"rendered":"KOLBENSCHMIDT 50007602 Hydraulinen venttiilinnostin"},"content":{"rendered":"<p>K\u00e4ytt\u00f6: Hydraulinen; Ulkol\u00e4pimitta [mm]: 35; Pituus (mm): 26; TECDOC-moottorinumero: 4698; NISSAN: PRIMERA P11,PRIMERA Traveller WP11,PRIMERA Hatchback P11,PATROL GR II Wagon Y61,ALMERA I Hatchback N15,ALMERA I N15,SERENA C23M,PATROL GR I Y60, GR,PRIMERA P10,PATROL Station Wagon W260,PATROL Hardtop K260,SUNNY III N14,PULSAR V Schr\u00e4gheck N14,SUNNY III Liftback N14,PRIMERA Hatchback P10,PRIMERA Traveller W10,LAUREL JC32,SUNNY III Traveller Y10,PATROL Pritsche\/Fahrgestell Y60; 1323140L05; Venttiilinnostin<\/p>\n","protected":false},"excerpt":{"rendered":"<p>KOLBENSCHMIDT Hydraulinen Venttiilinnostin 50007602 Venttiilinnostin NISSAN,PRIMERA P11,PRIMERA Traveller WP11,PRIMERA Hatchback P11<\/p>\n","protected":false},"featured_media":0,"template":"","meta":{"site-sidebar-layout":"default","site-content-layout":"default","ast-global-header-display":"","ast-main-header-display":"","ast-hfb-above-header-display":"","ast-hfb-below-header-display":"","ast-hfb-mobile-header-display":"","site-post-title":"","ast-breadcrumbs-content":"","ast-featured-img":"","footer-sml-layout":"","theme-transparent-header-meta":"","adv-header-id-meta":"","stick-header-meta":"","header-above-stick-meta":"","header-main-stick-meta":"","header-below-stick-meta":""},"pwb-brand":[293],"product_cat":[126],"product_tag":[],"class_list":{"0":"post-46064","1":"product","2":"type-product","3":"status-publish","5":"pwb-brand-kolbenschmidt","6":"product_cat-hydraulinen-venttiilinnostin","7":"desktop-align-left","8":"tablet-align-left","9":"mobile-align-left","11":"first","12":"instock","13":"product-type-external"},"brands":[{"id":293,"name":"KOLBENSCHMIDT","slug":"kolbenschmidt"}],"_links":{"self":[{"href":"https:\/\/www.autonvaraosahaku.fi\/index.php?rest_route=\/wp\/v2\/product\/46064","targetHints":{"allow":["GET"]}}],"collection":[{"href":"https:\/\/www.autonvaraosahaku.fi\/index.php?rest_route=\/wp\/v2\/product"}],"about":[{"href":"https:\/\/www.autonvaraosahaku.fi\/index.php?rest_route=\/wp\/v2\/types\/product"}],"wp:attachment":[{"href":"https:\/\/www.autonvaraosahaku.fi\/index.php?rest_route=%2Fwp%2Fv2%2Fmedia&parent=46064"}],"wp:term":[{"taxonomy":"pwb-brand","embeddable":true,"href":"https:\/\/www.autonvaraosahaku.fi\/index.php?rest_route=%2Fwp%2Fv2%2Fpwb-brand&post=46064"},{"taxonomy":"product_cat","embeddable":true,"href":"https:\/\/www.autonvaraosahaku.fi\/index.php?rest_route=%2Fwp%2Fv2%2Fproduct_cat&post=46064"},{"taxonomy":"product_tag","embeddable":true,"href":"https:\/\/www.autonvaraosahaku.fi\/index.php?rest_route=%2Fwp%2Fv2%2Fproduct_tag&post=46064"}],"curies":[{"name":"wp","href":"https:\/\/api.w.org\/{rel}","templated":true}]}}