{"id":46090,"date":"2021-02-21T17:10:43","date_gmt":"2021-02-21T17:10:43","guid":{"rendered":"https:\/\/www.autonvaraosahaku.fi\/?product=ridex-689c0056-sytytyspuola"},"modified":"2021-02-21T17:10:45","modified_gmt":"2021-02-21T17:10:45","slug":"ridex-689c0056-sytytyspuola","status":"publish","type":"product","link":"https:\/\/www.autonvaraosahaku.fi\/?product=ridex-689c0056-sytytyspuola","title":{"rendered":"RIDEX 689C0056 Sytytyspuola"},"content":{"rendered":"<p>Napojen m\u00e4\u00e4r\u00e4: 2; Korvaava tuote\/korvaava tiedote 2: Sis\u00e4\u00e4nrakennettu vaihdemekanismi; Sytytyspuola: COP-sytytyspuola (syt.tulpan p\u00e4\u00e4ll\u00e4), Sytytystulppakoskettimella; J\u00e4nnite (V): 12; Moottorinumero: AJ-V6; JAGUAR: S-TYPE CCX,X-TYPE CF1,X-TYPE Estate,XJ X350, X358,XJ X35_, _J12_, _J24_; LINCOLN: LS; 1W4U12A366AA, 1W4Z12029AA, 2W4E12A366AC, 2W4E12A366AD, 2W4Z12029A, 2W4Z12029AC, 5008049, C2S42751, XR814052, XR816250, XR842741<\/p>\n","protected":false},"excerpt":{"rendered":"<p>RIDEX Sytytyspuola 689C0056  JAGUAR,LINCOLN,S-TYPE CCX,X-TYPE CF1,X-TYPE Estate,XJ X350, X358,XJ X35_, _J12_, _J24_,LS<\/p>\n","protected":false},"featured_media":0,"template":"","meta":{"site-sidebar-layout":"default","site-content-layout":"default","ast-global-header-display":"","ast-main-header-display":"","ast-hfb-above-header-display":"","ast-hfb-below-header-display":"","ast-hfb-mobile-header-display":"","site-post-title":"","ast-breadcrumbs-content":"","ast-featured-img":"","footer-sml-layout":"","theme-transparent-header-meta":"","adv-header-id-meta":"","stick-header-meta":"","header-above-stick-meta":"","header-main-stick-meta":"","header-below-stick-meta":""},"pwb-brand":[157],"product_cat":[25],"product_tag":[],"class_list":{"0":"post-46090","1":"product","2":"type-product","3":"status-publish","5":"pwb-brand-ridex","6":"product_cat-sytytyspuola","7":"desktop-align-left","8":"tablet-align-left","9":"mobile-align-left","11":"first","12":"instock","13":"product-type-external"},"brands":[{"id":157,"name":"RIDEX","slug":"ridex"}],"_links":{"self":[{"href":"https:\/\/www.autonvaraosahaku.fi\/index.php?rest_route=\/wp\/v2\/product\/46090","targetHints":{"allow":["GET"]}}],"collection":[{"href":"https:\/\/www.autonvaraosahaku.fi\/index.php?rest_route=\/wp\/v2\/product"}],"about":[{"href":"https:\/\/www.autonvaraosahaku.fi\/index.php?rest_route=\/wp\/v2\/types\/product"}],"wp:attachment":[{"href":"https:\/\/www.autonvaraosahaku.fi\/index.php?rest_route=%2Fwp%2Fv2%2Fmedia&parent=46090"}],"wp:term":[{"taxonomy":"pwb-brand","embeddable":true,"href":"https:\/\/www.autonvaraosahaku.fi\/index.php?rest_route=%2Fwp%2Fv2%2Fpwb-brand&post=46090"},{"taxonomy":"product_cat","embeddable":true,"href":"https:\/\/www.autonvaraosahaku.fi\/index.php?rest_route=%2Fwp%2Fv2%2Fproduct_cat&post=46090"},{"taxonomy":"product_tag","embeddable":true,"href":"https:\/\/www.autonvaraosahaku.fi\/index.php?rest_route=%2Fwp%2Fv2%2Fproduct_tag&post=46090"}],"curies":[{"name":"wp","href":"https:\/\/api.w.org\/{rel}","templated":true}]}}