{"id":46106,"date":"2021-02-21T17:10:48","date_gmt":"2021-02-21T17:10:48","guid":{"rendered":"https:\/\/www.autonvaraosahaku.fi\/?product=elring-135-190-kampiakselin-tiiviste"},"modified":"2021-02-21T17:10:50","modified_gmt":"2021-02-21T17:10:50","slug":"elring-135-190-kampiakselin-tiiviste","status":"publish","type":"product","link":"https:\/\/www.autonvaraosahaku.fi\/?product=elring-135-190-kampiakselin-tiiviste","title":{"rendered":"ELRING 135.190 Kampiakselin tiiviste"},"content":{"rendered":"<p>Sis\u00e4l\u00e4pimitta [mm]: 98; Ulkol\u00e4pimitta [mm]: 110; Korkeus (mm): 8,5; Akselitiivisteen malli: A; Rihlamalli: Vasen kierre; Materiaali: FPM (fluori-kumi); Suojavaippa: Suojakumilla; Asennuspuoli: getriebeseitig; VOLVO: V40 Kombi VW,V70 II SW,V50 MW,XC60,XC90 I,V70 I LV,S60 I,850 Kombi LW,V70 III BW,C30,S80 I TS, XY,V60,S40 II MS,XC70 CROSS COUNTRY,S40 I VS,C70 II Cabriolet,V40 Schr\u00e4gheck,XC70 II,S80 II AS,S60 II,C70 I Cabriolet,C70 I Coupe,850 LS,960 II Kombi 965,S70 LS,960 II 964,V90 Kombi,960 Kombi 965,960 964,S90,XC90 II,V90 II,S90 II,XC60 II,XC40 536; FORD: MONDEO IV Turnier BA7,FOCUS II DA_,S-MAX WA6,KUGA I,MONDEO IV BA7,MONDEO IV Stufenheck BA7; RENAULT: LAGUNA I B56_, 556_,LAGUNA I Grandtour K56_,SAFRANE II B54_; 1369754, 7436842092, 7439458178, 31339213, 68422740, 9458178; Akselitiiviste, Kampiakseli<\/p>\n","protected":false},"excerpt":{"rendered":"<p>ELRING Kampiakselin Tiiviste 135.190 Akselitiiviste, Kampiakseli VOLVO,FORD,RENAULT,V40 Kombi VW,V70 II SW,V50 MW,XC60,XC90 I,V70 I LV,S60 I<\/p>\n","protected":false},"featured_media":0,"template":"","meta":{"site-sidebar-layout":"default","site-content-layout":"default","ast-global-header-display":"","ast-main-header-display":"","ast-hfb-above-header-display":"","ast-hfb-below-header-display":"","ast-hfb-mobile-header-display":"","site-post-title":"","ast-breadcrumbs-content":"","ast-featured-img":"","footer-sml-layout":"","theme-transparent-header-meta":"","adv-header-id-meta":"","stick-header-meta":"","header-above-stick-meta":"","header-main-stick-meta":"","header-below-stick-meta":""},"pwb-brand":[26],"product_cat":[88],"product_tag":[],"class_list":{"0":"post-46106","1":"product","2":"type-product","3":"status-publish","5":"pwb-brand-elring","6":"product_cat-kampiakselin-tiiviste","7":"desktop-align-left","8":"tablet-align-left","9":"mobile-align-left","11":"first","12":"instock","13":"product-type-external"},"brands":[{"id":26,"name":"ELRING","slug":"elring"}],"_links":{"self":[{"href":"https:\/\/www.autonvaraosahaku.fi\/index.php?rest_route=\/wp\/v2\/product\/46106","targetHints":{"allow":["GET"]}}],"collection":[{"href":"https:\/\/www.autonvaraosahaku.fi\/index.php?rest_route=\/wp\/v2\/product"}],"about":[{"href":"https:\/\/www.autonvaraosahaku.fi\/index.php?rest_route=\/wp\/v2\/types\/product"}],"wp:attachment":[{"href":"https:\/\/www.autonvaraosahaku.fi\/index.php?rest_route=%2Fwp%2Fv2%2Fmedia&parent=46106"}],"wp:term":[{"taxonomy":"pwb-brand","embeddable":true,"href":"https:\/\/www.autonvaraosahaku.fi\/index.php?rest_route=%2Fwp%2Fv2%2Fpwb-brand&post=46106"},{"taxonomy":"product_cat","embeddable":true,"href":"https:\/\/www.autonvaraosahaku.fi\/index.php?rest_route=%2Fwp%2Fv2%2Fproduct_cat&post=46106"},{"taxonomy":"product_tag","embeddable":true,"href":"https:\/\/www.autonvaraosahaku.fi\/index.php?rest_route=%2Fwp%2Fv2%2Fproduct_tag&post=46106"}],"curies":[{"name":"wp","href":"https:\/\/api.w.org\/{rel}","templated":true}]}}