{"id":46137,"date":"2021-02-21T17:10:54","date_gmt":"2021-02-21T17:10:54","guid":{"rendered":"https:\/\/www.autonvaraosahaku.fi\/?product=mahle-original-kl-567-polttoainesuodatin"},"modified":"2021-02-21T17:10:58","modified_gmt":"2021-02-21T17:10:58","slug":"mahle-original-kl-567-polttoainesuodatin","status":"publish","type":"product","link":"https:\/\/www.autonvaraosahaku.fi\/?product=mahle-original-kl-567-polttoainesuodatin","title":{"rendered":"MAHLE ORIGINAL KL 567 Polttoainesuodatin"},"content":{"rendered":"<p>Suodatintyyppi: Letkusuodatin, ohne Filterheizung; L\u00e4pimitta [mm]: 90,0; Korkeus (mm): 205,0; L\u00e4pimitta 2 [mm]: 9,49; L\u00e4pimitta 4 [mm]: 7,89, 7,89; L\u00e4pimitta 3 [mm]: 7,89; LANCIA: DELTA III 844,MUSA 350,YPSILON 312, 846; OPEL: COMBO Kasten\/Kombi X12,COMBO Tour X12; ALFA ROMEO: 159 Sportwagon 939,GIULIETTA 940,MITO 955,159 939,BRERA,SPIDER 939; FIAT: GRANDE PUNTO 199,PANDA 169,DUCATO Kasten 250,500 312,STILO 192,BRAVO II 198,DUCATO Pritsche\/Fahrgestell 250,PUNTO EVO 199,DUCATO Bus 250,DOBLO Cargo 223,500 C 312,STILO Multi Wagon 192,DOBLO 119,CROMA 194,DOBLO Kasten\/Kombi 263,PUNTO 199,IDEA,QUBO 225,DOBLO Gro\u00dfraumlimousine 152, 263,FIORINO Kasten\/Kombi 225,LINEA 323,PUNTO Van 199,DOBLO Pritsche\/Fahrgestell 263,STRADA Pick-up 578_,GRANDE PUNTO Van 199_,PUNTO EVO Van 199_; CITRO\u00cbN: JUMPER Kasten,NEMO Kasten AA_,JUMPER Bus,JUMPER Pritsche\/Fahrgestell,NEMO Kombi; PEUGEOT: BOXER Kasten,BOXER Bus,BOXER Pritsche\/Fahrgestell,BIPPER AA_,BIPPER Tepee; VAUXHALL: COMBO Mk III D Kasten\/Kombi; 60693681, 71773197, 77363657, 77363657, 1606384980, 1901A3, 0000060693681, 0000071773197, 60693681, 71773197, 77363657, 1729042, BS519155A, BS519155AA, 95514995, 60693681, 77363657, 0818020, 818020, 95514995, 1606384980, 1901A3, 95514995<\/p>\n","protected":false},"excerpt":{"rendered":"<p>MAHLE ORIGINAL Polttoainesuodatin KL 567  LANCIA,OPEL,ALFA ROMEO,DELTA III 844,MUSA 350,YPSILON 312, 846,COMBO Kasten\/Kombi X12,COMBO Tour X12<\/p>\n","protected":false},"featured_media":0,"template":"","meta":{"site-sidebar-layout":"default","site-content-layout":"default","ast-global-header-display":"","ast-main-header-display":"","ast-hfb-above-header-display":"","ast-hfb-below-header-display":"","ast-hfb-mobile-header-display":"","site-post-title":"","ast-breadcrumbs-content":"","ast-featured-img":"","footer-sml-layout":"","theme-transparent-header-meta":"","adv-header-id-meta":"","stick-header-meta":"","header-above-stick-meta":"","header-main-stick-meta":"","header-below-stick-meta":""},"pwb-brand":[153],"product_cat":[29],"product_tag":[],"class_list":{"0":"post-46137","1":"product","2":"type-product","3":"status-publish","5":"pwb-brand-mahle-original","6":"product_cat-polttoainesuodatin","7":"desktop-align-left","8":"tablet-align-left","9":"mobile-align-left","11":"first","12":"instock","13":"product-type-external"},"brands":[{"id":153,"name":"MAHLE ORIGINAL","slug":"mahle-original"}],"_links":{"self":[{"href":"https:\/\/www.autonvaraosahaku.fi\/index.php?rest_route=\/wp\/v2\/product\/46137","targetHints":{"allow":["GET"]}}],"collection":[{"href":"https:\/\/www.autonvaraosahaku.fi\/index.php?rest_route=\/wp\/v2\/product"}],"about":[{"href":"https:\/\/www.autonvaraosahaku.fi\/index.php?rest_route=\/wp\/v2\/types\/product"}],"wp:attachment":[{"href":"https:\/\/www.autonvaraosahaku.fi\/index.php?rest_route=%2Fwp%2Fv2%2Fmedia&parent=46137"}],"wp:term":[{"taxonomy":"pwb-brand","embeddable":true,"href":"https:\/\/www.autonvaraosahaku.fi\/index.php?rest_route=%2Fwp%2Fv2%2Fpwb-brand&post=46137"},{"taxonomy":"product_cat","embeddable":true,"href":"https:\/\/www.autonvaraosahaku.fi\/index.php?rest_route=%2Fwp%2Fv2%2Fproduct_cat&post=46137"},{"taxonomy":"product_tag","embeddable":true,"href":"https:\/\/www.autonvaraosahaku.fi\/index.php?rest_route=%2Fwp%2Fv2%2Fproduct_tag&post=46137"}],"curies":[{"name":"wp","href":"https:\/\/api.w.org\/{rel}","templated":true}]}}