{"id":46140,"date":"2021-02-21T17:10:59","date_gmt":"2021-02-21T17:10:59","guid":{"rendered":"https:\/\/www.autonvaraosahaku.fi\/?product=beru-z21-sytytystulpat"},"modified":"2021-02-21T17:11:00","modified_gmt":"2021-02-21T17:11:00","slug":"beru-z21-sytytystulpat","status":"publish","type":"product","link":"https:\/\/www.autonvaraosahaku.fi\/?product=beru-z21-sytytystulpat","title":{"rendered":"BERU Z21 Sytytystulpat"},"content":{"rendered":"<p>K\u00e4rkiv\u00e4li (mm): 1,1; Liittimet: SAE\/M4; Kierremitta: M14x1,25; Avainv\u00e4li: 21 mm; Sytytystulppa: 1-maaelektroodi, suoralla istukalla; Kierteen pituus (mm): 19; Teknisten tietojen numero: 14 R-7 DUX; Itsepalvelupakattu, katso osaluettelo: ; Kiristysmomentti > [Nm]: 20; Kiristysmomentti enint\u00e4\u00e4n [Nm]: 30; Tuotelinja: ULTRA; Tarvittava kappalem\u00e4\u00e4r\u00e4: 3; MAZDA: 323 C IV BG,323 III Hatchback BF,626 III GD,626 III Hatchback GD,626 III Coupe GD,626 III Station Wagon GV,626 II GC,626 II Hatchback GC,323 III BF,323 III Station Wagon BW,323 II Hatchback BD; CHEVROLET: MATIZ M200, M250,SPARK M200 M250,SPARK M150; DAEWOO: MATIZ KLYA,TICO KLY3; LADA: NIVA 2121,KALINA Kombi 1117,KALINA Schr\u00e4gheck 1119,111 2111,110 2110,SAMARA 2108, 2109, 2115, 2113, 2114,KALINA Stufenheck 1118,112 2112,PRIORA Schr\u00e4gheck 2172,SAMARA Stufenheck 21099, 2115,GRANTA Schr\u00e4gheck 2191; NISSAN: PATROL GR II Wagon Y61,VANETTE Bus C22,URVAN Kasten E24,URVAN Bus E23; KIA: MAGENTIS GD,SEPHIA Stufenheck FA,SEPHIA FA,ROADSTER,AVELLA; HONDA: CRX I AF, AS,PRELUDE II AB,ACCORD III CA,CIVIC III Hatchback AL, AJ, AG, AH,ACCORD III Aerodeck CA,CIVIC III Stufenheck AM, AK, AU,CIVIC I Shuttle AN, AR,ACCORD II Hatchback AC, AD,INTEGRA DA,ACCORD II AC, AD; HYUNDAI: SONATA IV EF,H-1 Kasten,H-1 \/ STAREX,SONATA III Y-3,PONY X-2,LANTRA I J-1,S COUPE SLC,H100 Bus P,PONY \/ EXCEL Stufenheck X-2,SONATA II Y-2,H100 Pritsche\/Fahrgestell,PONY Stufenheck X-1; DAIHATSU: MOVE L6_,CHARADE IV G200, G202,CHARADE III G100, G101, G102,CUORE II L80, L81,CHARADE II G11, G30,CHARMANT A; ROVER: 200 XH; 64, MS851238, 1214007, 1214008, 1214803; Tulpat,Sytytystulppa<\/p>\n","protected":false},"excerpt":{"rendered":"<p>BERU Sytytystulpat Z21 Tulpat,Sytytystulppa MAZDA,CHEVROLET,DAEWOO,323 C IV BG,323 III Hatchback BF,626 III GD,626 III Hatchback GD,626 III Coupe GD<\/p>\n","protected":false},"featured_media":0,"template":"","meta":{"site-sidebar-layout":"default","site-content-layout":"default","ast-global-header-display":"","ast-main-header-display":"","ast-hfb-above-header-display":"","ast-hfb-below-header-display":"","ast-hfb-mobile-header-display":"","site-post-title":"","ast-breadcrumbs-content":"","ast-featured-img":"","footer-sml-layout":"","theme-transparent-header-meta":"","adv-header-id-meta":"","stick-header-meta":"","header-above-stick-meta":"","header-main-stick-meta":"","header-below-stick-meta":""},"pwb-brand":[327],"product_cat":[165],"product_tag":[],"class_list":{"0":"post-46140","1":"product","2":"type-product","3":"status-publish","5":"pwb-brand-beru","6":"product_cat-sytytystulpat","7":"desktop-align-left","8":"tablet-align-left","9":"mobile-align-left","11":"first","12":"instock","13":"product-type-external"},"brands":[{"id":327,"name":"BERU","slug":"beru"}],"_links":{"self":[{"href":"https:\/\/www.autonvaraosahaku.fi\/index.php?rest_route=\/wp\/v2\/product\/46140","targetHints":{"allow":["GET"]}}],"collection":[{"href":"https:\/\/www.autonvaraosahaku.fi\/index.php?rest_route=\/wp\/v2\/product"}],"about":[{"href":"https:\/\/www.autonvaraosahaku.fi\/index.php?rest_route=\/wp\/v2\/types\/product"}],"wp:attachment":[{"href":"https:\/\/www.autonvaraosahaku.fi\/index.php?rest_route=%2Fwp%2Fv2%2Fmedia&parent=46140"}],"wp:term":[{"taxonomy":"pwb-brand","embeddable":true,"href":"https:\/\/www.autonvaraosahaku.fi\/index.php?rest_route=%2Fwp%2Fv2%2Fpwb-brand&post=46140"},{"taxonomy":"product_cat","embeddable":true,"href":"https:\/\/www.autonvaraosahaku.fi\/index.php?rest_route=%2Fwp%2Fv2%2Fproduct_cat&post=46140"},{"taxonomy":"product_tag","embeddable":true,"href":"https:\/\/www.autonvaraosahaku.fi\/index.php?rest_route=%2Fwp%2Fv2%2Fproduct_tag&post=46140"}],"curies":[{"name":"wp","href":"https:\/\/api.w.org\/{rel}","templated":true}]}}