{"id":46155,"date":"2021-02-21T17:10:59","date_gmt":"2021-02-21T17:10:59","guid":{"rendered":"https:\/\/www.autonvaraosahaku.fi\/?product=vemo-v40-72-0332-jaahdytysnesteen-lampotila-anturi"},"modified":"2021-02-21T17:11:03","modified_gmt":"2021-02-21T17:11:03","slug":"vemo-v40-72-0332-jaahdytysnesteen-lampotila-anturi","status":"publish","type":"product","link":"https:\/\/www.autonvaraosahaku.fi\/?product=vemo-v40-72-0332-jaahdytysnesteen-lampotila-anturi","title":{"rendered":"VEMO V40-72-0332 J\u00e4\u00e4hdytysnesteen l\u00e4mp\u00f6tila anturi"},"content":{"rendered":"<p>Pistokemallin tunnus: 2-polig; Kierremitta: M12x1,5; Korvaava tuote\/korvaava tiedote 2: Tiivisterenkaalla; Kopan v\u00e4ri: Musta; Paino [kg]: 0,03209; Pakkausleveys [cm]: 5,8; Pakkauskorkeus [mm]: 3,3; Pakkaussyvyys [cm]: 3; Tuotelinja: Original Quality; Moottorinumero: Z 14 XEP; CHEVROLET: CAPTIVA C100, C140,ORLANDO J309,CRUZE J300,CRUZE Station Wagon J308,CRUZE Schr\u00e4gheck J305,CAMARO GMX511,TRAX,MALIBU V300; JEEP: GRAND CHEROKEE IV WK, WK2,WRANGLER III JK,CHEROKEE KJ,CHEROKEE KK; IVECO: DAILY IV Kasten\/Kombi,DAILY III Pritsche\/Fahrgestell,DAILY III Kasten\/Kombi,DAILY IV Pritsche\/Fahrgestell,DAILY V Kasten\/Kombi,DAILY V Pritsche\/Fahrgestell,DAILY IV Bus,DAILY IV Kipper,DAILY V Kipper,DAILY VI Kasten\/Kombi,DAILY III Bus,DAILY VI Pritsche\/Fahrgestell,DAILY VI Bus,DAILY TOURYS Bus,DAILY CITYS,EUROSTAR,EUROTECH MH,EUROTECH MP,EUROTRAKKER,STRALIS,TRAKKER; HONDA: CR-V III RE,CIVIC VII Hatchback EU, EP, EV,CR-V II RD_,ACCORD VII CL,FR-V BE,ACCORD VII Tourer CM; VOLVO: 7700,8500,8700,8900,9500,B7,B9,FE,FE II,FH,FH II,FH16,FH16 II,FL II,FM,FMX,FMX II; SAAB: 9-3 YS3F,9-5 Kombi YS3E,9-3 Kombi YS3F,9-3 YS3D,9-5 YS3E,9-3 Cabriolet YS3F,9-3 Cabriolet YS3D,9000 Schr\u00e4gheck,900 II Cabriolet,900 II,9000,900 II Coupe,9-5 YS3G,9-3X; SUZUKI: GRAND VITARA II JT; OPEL: CORSA D,CORSA C F08, F68,ZAFIRA B A05,ASTRA H Caravan L35,MERIVA,ZAFIRA A F75_,ASTRA G CC F48_, F08_,ASTRA H L48,ASTRA J Sports Tourer,ASTRA G Caravan F35_,CORSA B 73_, 78_, 79_,INSIGNIA Caravan,VECTRA C Caravan,ASTRA J,ASTRA H GTC L08,MERIVA B,SIGNUM,VECTRA C,AGILA A H00,ZAFIRA TOURER C P12,VECTRA B 36_,OMEGA B Caravan 21_, 22_, 23_,MOKKA,OMEGA B 25_, 26_, 27_,VECTRA C GTS,ANTARA,TIGRA TwinTop,VECTRA B Caravan 31_,ASTRA H TwinTop L67,INSIGNIA,ASTRA G Cabriolet F67,INSIGNIA Stufenheck,FRONTERA B 6B_,ASTRA G Coupe F07_,COMBO Kasten\/Kombi,ASTRA G Stufenheck F69_,ZAFIRA B Van,ASTRA GTC J,VECTRA B CC 38_,COMBO Tour,ASTRA J Stufenheck,SINTRA,CORSA D Van,TIGRA 95_,CASCADA W13,CORSA C Kasten F08, W5L,ASTRA H Stufenheck L69,COMBO 71_,ASTRA H Kasten L70,ASTRA F CLASSIC CC,SPEEDSTER,ASTRA F CLASSIC Stufenheck,ASTRA F CLASSIC Caravan,CORSA B Kasten 73_,ASTRA G Kasten F70,CORSA B Kombi F35,INSIGNIA A Country Tourer G09,ASTRA G CLASSIC Caravan F35,ASTRA CLASSIC Car; CHRYSLER: VOYAGER IV RG, RS,GRAND VOYAGER V RT,300 C; LANCIA: VOYAGER Gro\u00dfraumlimousine RT,LYBRA SW 839BX,KAPPA 838A,THEMA LX,LYBRA 839AX,KAPPA SW 838B; 0000046462179, 0000046469865, 0000060814715, 46469865, 46472179, 55187822, 60814715, 670005736, 670050444, 71741090, 90541937, 46472179, 500382599, 60814715, 71739856, 99455420, 0000046462179, 0046469865, 0670005736, 46469865, 46472179, 500382599, 60814715, 670005736, 670050444, 71738956, 71739856, 99455420, 01150, 37870PLZD00, 37870RBDE01, 0000099455420, 0005010412450, 005010412450, 05010412450, 5010412450, 0000060814715, 11L0247CP01, 01342567, 09198691, 1338179, 1338357, 1338418, 1338461, 1338467, 1338511, 1342567, 15393755, 4801922, 4818227, 55599958, 6235605, 6238179, 6238266, 6238422, 6238935, 6338486, 90490185, 90541520, 90541937, 90542063, 90570185, 90570382, 9193163, 9195066, 9198691, 93174208, 97227219, 1338C7, 1338F9, 93955187822, 5001848546, 7420513340, 09542861, 12566778, 15393755, 15398755, 24436779, 4660585, 4772208, 4772307, 4773586, 5341391, 5959283, 90541937, 90542063, 9177213, 9542861, 9543406, 040904382800000, 409043828000, 90541937, 2R0919501B, 3Z0963535<\/p>\n","protected":false},"excerpt":{"rendered":"<p>VEMO Tunnistin, J\u00e4\u00e4hdytysnesteen L\u00e4mp\u00f6tila V40-72-0332  CHEVROLET,JEEP,IVECO,CAPTIVA C100, C140,ORLANDO J309,CRUZE J300,CRUZE Station Wagon J308<\/p>\n","protected":false},"featured_media":0,"template":"","meta":{"site-sidebar-layout":"default","site-content-layout":"default","ast-global-header-display":"","ast-main-header-display":"","ast-hfb-above-header-display":"","ast-hfb-below-header-display":"","ast-hfb-mobile-header-display":"","site-post-title":"","ast-breadcrumbs-content":"","ast-featured-img":"","footer-sml-layout":"","theme-transparent-header-meta":"","adv-header-id-meta":"","stick-header-meta":"","header-above-stick-meta":"","header-main-stick-meta":"","header-below-stick-meta":""},"pwb-brand":[168],"product_cat":[200],"product_tag":[],"class_list":{"0":"post-46155","1":"product","2":"type-product","3":"status-publish","5":"pwb-brand-vemo","6":"product_cat-jaahdytysnesteen-lampotila-anturi","7":"desktop-align-left","8":"tablet-align-left","9":"mobile-align-left","11":"first","12":"instock","13":"product-type-external"},"brands":[{"id":168,"name":"VEMO","slug":"vemo"}],"_links":{"self":[{"href":"https:\/\/www.autonvaraosahaku.fi\/index.php?rest_route=\/wp\/v2\/product\/46155","targetHints":{"allow":["GET"]}}],"collection":[{"href":"https:\/\/www.autonvaraosahaku.fi\/index.php?rest_route=\/wp\/v2\/product"}],"about":[{"href":"https:\/\/www.autonvaraosahaku.fi\/index.php?rest_route=\/wp\/v2\/types\/product"}],"wp:attachment":[{"href":"https:\/\/www.autonvaraosahaku.fi\/index.php?rest_route=%2Fwp%2Fv2%2Fmedia&parent=46155"}],"wp:term":[{"taxonomy":"pwb-brand","embeddable":true,"href":"https:\/\/www.autonvaraosahaku.fi\/index.php?rest_route=%2Fwp%2Fv2%2Fpwb-brand&post=46155"},{"taxonomy":"product_cat","embeddable":true,"href":"https:\/\/www.autonvaraosahaku.fi\/index.php?rest_route=%2Fwp%2Fv2%2Fproduct_cat&post=46155"},{"taxonomy":"product_tag","embeddable":true,"href":"https:\/\/www.autonvaraosahaku.fi\/index.php?rest_route=%2Fwp%2Fv2%2Fproduct_tag&post=46155"}],"curies":[{"name":"wp","href":"https:\/\/api.w.org\/{rel}","templated":true}]}}