{"id":46159,"date":"2021-02-21T17:11:05","date_gmt":"2021-02-21T17:11:05","guid":{"rendered":"https:\/\/www.autonvaraosahaku.fi\/?product=febi-bilstein-10127-alatukivarsi"},"modified":"2021-02-21T17:11:05","modified_gmt":"2021-02-21T17:11:05","slug":"febi-bilstein-10127-alatukivarsi","status":"publish","type":"product","link":"https:\/\/www.autonvaraosahaku.fi\/?product=febi-bilstein-10127-alatukivarsi","title":{"rendered":"FEBI BILSTEIN 10127 Alatukivarsi"},"content":{"rendered":"<p>Parilliset tuotenumerot: 10123; Materiaali: Ter\u00e4svalu; Ohjausmalli: Poikittaistukivarsi; Asennuspuoli: Etuakseli, ala, Oikea; Paino [kg]: 2,240, 2,240; Moottorinumero: 150D; CITRO\u00cbN: C15 VD-_,VISA Cabriolet,C15 Kombi; PEUGEOT: 205 II 20A\/C,205 I Cabriolet 741B, 20D,205 I 741A\/C,205 Kasten; 352131, 352133, 352134, 91516337, 352131, 352133, 352134; Tukivarsi,Tukivarsi, Py\u00f6r\u00e4ntuenta<\/p>\n","protected":false},"excerpt":{"rendered":"<p>FEBI BILSTEIN Alatukivarsi 10127 Tukivarsi,Tukivarsi, Py\u00f6r\u00e4ntuenta CITRO\u00cbN,PEUGEOT,C15 VD-_,VISA Cabriolet,C15 Kombi,205 II 20A\/C<\/p>\n","protected":false},"featured_media":0,"template":"","meta":{"site-sidebar-layout":"default","site-content-layout":"default","ast-global-header-display":"","ast-main-header-display":"","ast-hfb-above-header-display":"","ast-hfb-below-header-display":"","ast-hfb-mobile-header-display":"","site-post-title":"","ast-breadcrumbs-content":"","ast-featured-img":"","footer-sml-layout":"","theme-transparent-header-meta":"","adv-header-id-meta":"","stick-header-meta":"","header-above-stick-meta":"","header-main-stick-meta":"","header-below-stick-meta":""},"pwb-brand":[50],"product_cat":[62],"product_tag":[],"class_list":{"0":"post-46159","1":"product","2":"type-product","3":"status-publish","5":"pwb-brand-febi-bilstein","6":"product_cat-alatukivarsi","7":"desktop-align-left","8":"tablet-align-left","9":"mobile-align-left","11":"first","12":"instock","13":"product-type-external"},"brands":[{"id":50,"name":"FEBI BILSTEIN","slug":"febi-bilstein"}],"_links":{"self":[{"href":"https:\/\/www.autonvaraosahaku.fi\/index.php?rest_route=\/wp\/v2\/product\/46159","targetHints":{"allow":["GET"]}}],"collection":[{"href":"https:\/\/www.autonvaraosahaku.fi\/index.php?rest_route=\/wp\/v2\/product"}],"about":[{"href":"https:\/\/www.autonvaraosahaku.fi\/index.php?rest_route=\/wp\/v2\/types\/product"}],"wp:attachment":[{"href":"https:\/\/www.autonvaraosahaku.fi\/index.php?rest_route=%2Fwp%2Fv2%2Fmedia&parent=46159"}],"wp:term":[{"taxonomy":"pwb-brand","embeddable":true,"href":"https:\/\/www.autonvaraosahaku.fi\/index.php?rest_route=%2Fwp%2Fv2%2Fpwb-brand&post=46159"},{"taxonomy":"product_cat","embeddable":true,"href":"https:\/\/www.autonvaraosahaku.fi\/index.php?rest_route=%2Fwp%2Fv2%2Fproduct_cat&post=46159"},{"taxonomy":"product_tag","embeddable":true,"href":"https:\/\/www.autonvaraosahaku.fi\/index.php?rest_route=%2Fwp%2Fv2%2Fproduct_tag&post=46159"}],"curies":[{"name":"wp","href":"https:\/\/api.w.org\/{rel}","templated":true}]}}