{"id":46160,"date":"2021-02-21T17:11:05","date_gmt":"2021-02-21T17:11:05","guid":{"rendered":"https:\/\/www.autonvaraosahaku.fi\/?product=trw-pjk121-kytkimen-tyosylinteri"},"modified":"2021-02-21T17:11:05","modified_gmt":"2021-02-21T17:11:05","slug":"trw-pjk121-kytkimen-tyosylinteri","status":"publish","type":"product","link":"https:\/\/www.autonvaraosahaku.fi\/?product=trw-pjk121-kytkimen-tyosylinteri","title":{"rendered":"TRW PJK121 Kytkimen ty\u00f6sylinteri"},"content":{"rendered":"<p>L\u00e4pimitta [mm]: 23,81; Vasen \/ oikea liikenne: f\u00fcr Linkslenker; LANCIA: PHEDRA 179,ZETA 220; FIAT: ULYSSE 179AX,ULYSSE 220,SCUDO Kasten 220L,SCUDO Combinato 220P,SCUDO Pritsche\/Fahrgestell 220_; CITRO\u00cbN: C8 EA_, EB_,C5 I DC_,C5 I Break DE_,XANTIA X2,XANTIA X1,XANTIA Break X2,JUMPY U6U,JUMPY Kasten BS_, BT_, BY_, BZ_,XANTIA Break X1,JUMPY Pritsche\/Fahrgestell BU_, BV_, BW_, BX_; PEUGEOT: 407 SW 6E_,807 E,607 9D, 9U,407 6D_,406 Break 8E\/F,406 Coupe 8C,406 8B,407 Coupe 6C_,EXPERT Kasten 222,EXPERT 224,EXPERT Pritsche\/Fahrgestell 223; 218205, 9631876680, 9631876680, 9639573480, 9631876680, 9639573480, 218205, 9631876680; Ty\u00f6sylinteri, Kytkin<\/p>\n","protected":false},"excerpt":{"rendered":"<p>TRW Kytkimen Ty\u00f6sylinteri PJK121 Ty\u00f6sylinteri, Kytkin LANCIA,FIAT,CITRO\u00cbN,PHEDRA 179,ZETA 220,ULYSSE 179AX,ULYSSE 220,SCUDO Kasten 220L<\/p>\n","protected":false},"featured_media":0,"template":"","meta":{"site-sidebar-layout":"default","site-content-layout":"default","ast-global-header-display":"","ast-main-header-display":"","ast-hfb-above-header-display":"","ast-hfb-below-header-display":"","ast-hfb-mobile-header-display":"","site-post-title":"","ast-breadcrumbs-content":"","ast-featured-img":"","footer-sml-layout":"","theme-transparent-header-meta":"","adv-header-id-meta":"","stick-header-meta":"","header-above-stick-meta":"","header-main-stick-meta":"","header-below-stick-meta":""},"pwb-brand":[332],"product_cat":[310],"product_tag":[],"class_list":{"0":"post-46160","1":"product","2":"type-product","3":"status-publish","5":"pwb-brand-trw","6":"product_cat-kytkimen-tyosylinteri","7":"desktop-align-left","8":"tablet-align-left","9":"mobile-align-left","11":"first","12":"instock","13":"product-type-external"},"brands":[{"id":332,"name":"TRW","slug":"trw"}],"_links":{"self":[{"href":"https:\/\/www.autonvaraosahaku.fi\/index.php?rest_route=\/wp\/v2\/product\/46160","targetHints":{"allow":["GET"]}}],"collection":[{"href":"https:\/\/www.autonvaraosahaku.fi\/index.php?rest_route=\/wp\/v2\/product"}],"about":[{"href":"https:\/\/www.autonvaraosahaku.fi\/index.php?rest_route=\/wp\/v2\/types\/product"}],"wp:attachment":[{"href":"https:\/\/www.autonvaraosahaku.fi\/index.php?rest_route=%2Fwp%2Fv2%2Fmedia&parent=46160"}],"wp:term":[{"taxonomy":"pwb-brand","embeddable":true,"href":"https:\/\/www.autonvaraosahaku.fi\/index.php?rest_route=%2Fwp%2Fv2%2Fpwb-brand&post=46160"},{"taxonomy":"product_cat","embeddable":true,"href":"https:\/\/www.autonvaraosahaku.fi\/index.php?rest_route=%2Fwp%2Fv2%2Fproduct_cat&post=46160"},{"taxonomy":"product_tag","embeddable":true,"href":"https:\/\/www.autonvaraosahaku.fi\/index.php?rest_route=%2Fwp%2Fv2%2Fproduct_tag&post=46160"}],"curies":[{"name":"wp","href":"https:\/\/api.w.org\/{rel}","templated":true}]}}