{"id":46162,"date":"2021-02-21T17:11:05","date_gmt":"2021-02-21T17:11:05","guid":{"rendered":"https:\/\/www.autonvaraosahaku.fi\/?product=japanparts-pp-h04af-jarrupalat"},"modified":"2021-02-21T17:11:06","modified_gmt":"2021-02-21T17:11:06","slug":"japanparts-pp-h04af-jarrupalat","status":"publish","type":"product","link":"https:\/\/www.autonvaraosahaku.fi\/?product=japanparts-pp-h04af-jarrupalat","title":{"rendered":"JAPANPARTS PP-H04AF Jarrupalat"},"content":{"rendered":"<p>Asennuspuoli: Taka-akseli; Jarrutyyppi: Levyjarru; Pituus (mm): 98,6; Korkeus (mm): 40,7; Paksuus [mm]: 15,5; WVA-numero: 23543; Tarkistuskilpi: ECE R90 APPROVED; M\u00e4\u00e4r\u00e4yksikk\u00f6: Akselisarja; Alustanumero: KNE; HYUNDAI: GETZ TB,TUCSON JM,SANTA F\u00c9 I SM,MATRIX FC,TRAJET FO,SONATA V NF,SONATA IV EF,GRANDEUR TG,XG XG,ELANTRA Stufenheck HD,GRANDEUR HG; KIA: SPORTAGE JE_, KM_,MAGENTIS GD,MAGENTIS MG,OPIRUS GH; 58215383S0, 582153A000, 5830217A00, 583021CA00, 583021CA10, 583021FA50, 583021FE00, 5830226A00, 5830226A10, 5830226A20, 5830226A30, 583022EA00, 583022EA30, 583022EA31, 583022GA00, 583022HA00, 5830238A10, 5830238A20, 5830238A30, 5830239A40, 583023AA00, 583023AA20, 583023CA10, 583023CA20, 583023FA00, 583023FA10, 583023KA10, 583023KA30, 583023KA31, 583023KA40, 583023KA51, 583023KA60, 58215383S0, 58215383S009, 583021FE00, 583022EA00, 583022GA00, 5830238A10, 583023AA00, 583023CA10, 583023CA20, 583023FA00, 583023FA10, 583023KA31; Jarrupalasarja,Jarrupala, Levyjarru<\/p>\n","protected":false},"excerpt":{"rendered":"<p>JAPANPARTS Jarrupalat PP-H04AF Jarrupalasarja,Jarrupala, Levyjarru HYUNDAI,KIA,GETZ TB,TUCSON JM,SANTA F\u00c9 I SM,MATRIX FC,TRAJET FO,SONATA V NF<\/p>\n","protected":false},"featured_media":0,"template":"","meta":{"site-sidebar-layout":"default","site-content-layout":"default","ast-global-header-display":"","ast-main-header-display":"","ast-hfb-above-header-display":"","ast-hfb-below-header-display":"","ast-hfb-mobile-header-display":"","site-post-title":"","ast-breadcrumbs-content":"","ast-featured-img":"","footer-sml-layout":"","theme-transparent-header-meta":"","adv-header-id-meta":"","stick-header-meta":"","header-above-stick-meta":"","header-main-stick-meta":"","header-below-stick-meta":""},"pwb-brand":[334],"product_cat":[100],"product_tag":[],"class_list":{"0":"post-46162","1":"product","2":"type-product","3":"status-publish","5":"pwb-brand-japanparts","6":"product_cat-jarrupalat","7":"desktop-align-left","8":"tablet-align-left","9":"mobile-align-left","11":"first","12":"instock","13":"product-type-external"},"brands":[{"id":334,"name":"JAPANPARTS","slug":"japanparts"}],"_links":{"self":[{"href":"https:\/\/www.autonvaraosahaku.fi\/index.php?rest_route=\/wp\/v2\/product\/46162","targetHints":{"allow":["GET"]}}],"collection":[{"href":"https:\/\/www.autonvaraosahaku.fi\/index.php?rest_route=\/wp\/v2\/product"}],"about":[{"href":"https:\/\/www.autonvaraosahaku.fi\/index.php?rest_route=\/wp\/v2\/types\/product"}],"wp:attachment":[{"href":"https:\/\/www.autonvaraosahaku.fi\/index.php?rest_route=%2Fwp%2Fv2%2Fmedia&parent=46162"}],"wp:term":[{"taxonomy":"pwb-brand","embeddable":true,"href":"https:\/\/www.autonvaraosahaku.fi\/index.php?rest_route=%2Fwp%2Fv2%2Fpwb-brand&post=46162"},{"taxonomy":"product_cat","embeddable":true,"href":"https:\/\/www.autonvaraosahaku.fi\/index.php?rest_route=%2Fwp%2Fv2%2Fproduct_cat&post=46162"},{"taxonomy":"product_tag","embeddable":true,"href":"https:\/\/www.autonvaraosahaku.fi\/index.php?rest_route=%2Fwp%2Fv2%2Fproduct_tag&post=46162"}],"curies":[{"name":"wp","href":"https:\/\/api.w.org\/{rel}","templated":true}]}}