{"id":46190,"date":"2021-02-21T17:11:10","date_gmt":"2021-02-21T17:11:10","guid":{"rendered":"https:\/\/www.autonvaraosahaku.fi\/?product=febi-bilstein-01472-muut-luokat"},"modified":"2021-02-21T17:11:13","modified_gmt":"2021-02-21T17:11:13","slug":"febi-bilstein-01472-muut-luokat","status":"publish","type":"product","link":"https:\/\/www.autonvaraosahaku.fi\/?product=febi-bilstein-01472-muut-luokat","title":{"rendered":"FEBI BILSTEIN 01472 Muut luokat"},"content":{"rendered":"<p>Paksuus [mm]: 3,0; Sis\u00e4l\u00e4pimitta [mm]: 14,1; Ulkol\u00e4pimitta [mm]: 24,0; Pinta: Fosfatoitu; Paino [kg]: 0,005, 0,005; MERCEDES-BENZ: ACTROS,ACTROS MP2 \/ MP3,ATEGO,AXOR,CITARO (O 530),CITO (O 520),CONECTO (O 345),ECONIC,LK\/LN2,LP,MK,NG,O 100,O 301,O 302,O 303,O 305,O 307,O 309,O 317,O 340,O 402,O 404,O 405,O 407,O 408,SK,TOURINO (O 510),TOURISMO (O 350),TRAVEGO (O 580),UNIMOG; 05103941AA, 5103941AA, 3194020075, A3194020075<\/p>\n","protected":false},"excerpt":{"rendered":"<p>FEBI BILSTEIN Keskitysrengas, Vanne 01472  MERCEDES-BENZ,ACTROS,ACTROS MP2 \/ MP3,ATEGO,AXOR,CITARO (O 530),CITO (O 520),CONECTO (O 345),ECONIC,LK\/LN2<\/p>\n","protected":false},"featured_media":0,"template":"","meta":{"site-sidebar-layout":"default","site-content-layout":"default","ast-global-header-display":"","ast-main-header-display":"","ast-hfb-above-header-display":"","ast-hfb-below-header-display":"","ast-hfb-mobile-header-display":"","site-post-title":"","ast-breadcrumbs-content":"","ast-featured-img":"","footer-sml-layout":"","theme-transparent-header-meta":"","adv-header-id-meta":"","stick-header-meta":"","header-above-stick-meta":"","header-main-stick-meta":"","header-below-stick-meta":""},"pwb-brand":[50],"product_cat":[37],"product_tag":[],"class_list":{"0":"post-46190","1":"product","2":"type-product","3":"status-publish","5":"pwb-brand-febi-bilstein","6":"product_cat-muut-luokat","7":"desktop-align-left","8":"tablet-align-left","9":"mobile-align-left","11":"first","12":"instock","13":"product-type-external"},"brands":[{"id":50,"name":"FEBI BILSTEIN","slug":"febi-bilstein"}],"_links":{"self":[{"href":"https:\/\/www.autonvaraosahaku.fi\/index.php?rest_route=\/wp\/v2\/product\/46190","targetHints":{"allow":["GET"]}}],"collection":[{"href":"https:\/\/www.autonvaraosahaku.fi\/index.php?rest_route=\/wp\/v2\/product"}],"about":[{"href":"https:\/\/www.autonvaraosahaku.fi\/index.php?rest_route=\/wp\/v2\/types\/product"}],"wp:attachment":[{"href":"https:\/\/www.autonvaraosahaku.fi\/index.php?rest_route=%2Fwp%2Fv2%2Fmedia&parent=46190"}],"wp:term":[{"taxonomy":"pwb-brand","embeddable":true,"href":"https:\/\/www.autonvaraosahaku.fi\/index.php?rest_route=%2Fwp%2Fv2%2Fpwb-brand&post=46190"},{"taxonomy":"product_cat","embeddable":true,"href":"https:\/\/www.autonvaraosahaku.fi\/index.php?rest_route=%2Fwp%2Fv2%2Fproduct_cat&post=46190"},{"taxonomy":"product_tag","embeddable":true,"href":"https:\/\/www.autonvaraosahaku.fi\/index.php?rest_route=%2Fwp%2Fv2%2Fproduct_tag&post=46190"}],"curies":[{"name":"wp","href":"https:\/\/api.w.org\/{rel}","templated":true}]}}