{"id":46201,"date":"2021-02-21T17:11:15","date_gmt":"2021-02-21T17:11:15","guid":{"rendered":"https:\/\/www.autonvaraosahaku.fi\/?product=febi-bilstein-21758-peruutusvalon-kytkin"},"modified":"2021-02-21T17:11:16","modified_gmt":"2021-02-21T17:11:16","slug":"febi-bilstein-21758-peruutusvalon-kytkin","status":"publish","type":"product","link":"https:\/\/www.autonvaraosahaku.fi\/?product=febi-bilstein-21758-peruutusvalon-kytkin","title":{"rendered":"FEBI BILSTEIN 21758 Peruutusvalon kytkin"},"content":{"rendered":"<p>Ulkokierre [mm]: M12 x 1,5; K\u00e4ytt\u00f6: S\u00e4hk\u00f6inen; K\u00e4ytt\u00f6tapa: Painekytkin; Paino [kg]: 0,035, 0,035; Valmistusvuosi alkaen: 01\/1990; VW: TRANSPORTER IV Bus 70XB, 70XC, 7DB, 7DW,LUPO 6X1, 6E1,POLO 6N2,POLO 6N1,GOLF II 19E, 1G1,GOLF I Cabriolet 155,GOLF III Cabriolet 1E7,TRANSPORTER IV Kasten 70XA,GOLF Mk III Cabriolet 1E7,TRANSPORTER III Bus,POLO 86C, 80,POLO Coupe 86C, 80,CADDY II Kasten 9K9A,TRANSPORTER IV Pritsche\/Fahrgestell 70XD,POLO Variant 6KV5,POLO CLASSIC 6KV2,JETTA II 19E, 1G2, 165,POLO Kasten 6NF,TRANSPORTER III Kasten,POLO CLASSIC 86C, 80,CADDY II Kombi 9K9B,TRANSPORTER III Pritsche\/Fahrgestell,POLO Kasten 86CF,GOLF II Van 19E, 1G1; SEAT: AROSA 6H,IBIZA II 6K1,CORDOBA 6K1, 6K2,CORDOBA Vario 6K1,CORDOBA 6L2,TOLEDO I 1L,INCA 6K9; 020945415A, 085300043D, 085300043DX, 085300043E, 085300043EX, 085300043G, 085300043GX, 085300049D, 085300049DX, 085300049MX, 085300050F, 085300050FX, 085300050J, 085300050JX, 085300050K, 085300050P, 085300050PX, 085300050Q, 085300050QX, 085300050TX, 085300051H, 085300051Q, 20945415A, 85300043D, 85300043DX, 85300043E, 85300043EX, 85300043G, 85300043GX, 85300049D, 85300049DX, 85300049MX, 85300050F, 85300050FX, 85300050J, 85300050JX, 85300050K, 85300050P, 85300050PX, 85300050Q, 85300050QX, 85300050TX, 85300051H, 85300051Q, 020941521A, 020945415A, 085300043DV, 085300043EV, 085300048B, 085300049DV, 20941521A, 20945415A, 85300043D, 85300043DV, 85300043E, 85300043EV, 85300043G, 85300043GX, 85300048B, 85300049D, 85300049DV, 85300049DX, 85300049M, 85300049MX, 85300049N, 85300049NX, 85300050F, 85300050FX, 85300050J, 85300050JX, 85300050K, 85300050P, 85300050PX, 85300050QX, 85300050T, 85300050TX, 85300051H, 85300051Q; Peruutusvalokytkin,Kytkin, Peruutusvalo<\/p>\n","protected":false},"excerpt":{"rendered":"<p>FEBI BILSTEIN Peruutusvalon Kytkin 21758 Peruutusvalokytkin,Kytkin, Peruutusvalo VW,SEAT,TRANSPORTER IV Bus 70XB, 70XC, 7DB, 7DW,LUPO 6X1, 6E1<\/p>\n","protected":false},"featured_media":0,"template":"","meta":{"site-sidebar-layout":"default","site-content-layout":"default","ast-global-header-display":"","ast-main-header-display":"","ast-hfb-above-header-display":"","ast-hfb-below-header-display":"","ast-hfb-mobile-header-display":"","site-post-title":"","ast-breadcrumbs-content":"","ast-featured-img":"","footer-sml-layout":"","theme-transparent-header-meta":"","adv-header-id-meta":"","stick-header-meta":"","header-above-stick-meta":"","header-main-stick-meta":"","header-below-stick-meta":""},"pwb-brand":[50],"product_cat":[116],"product_tag":[],"class_list":{"0":"post-46201","1":"product","2":"type-product","3":"status-publish","5":"pwb-brand-febi-bilstein","6":"product_cat-peruutusvalon-kytkin","7":"desktop-align-left","8":"tablet-align-left","9":"mobile-align-left","11":"first","12":"instock","13":"product-type-external"},"brands":[{"id":50,"name":"FEBI BILSTEIN","slug":"febi-bilstein"}],"_links":{"self":[{"href":"https:\/\/www.autonvaraosahaku.fi\/index.php?rest_route=\/wp\/v2\/product\/46201","targetHints":{"allow":["GET"]}}],"collection":[{"href":"https:\/\/www.autonvaraosahaku.fi\/index.php?rest_route=\/wp\/v2\/product"}],"about":[{"href":"https:\/\/www.autonvaraosahaku.fi\/index.php?rest_route=\/wp\/v2\/types\/product"}],"wp:attachment":[{"href":"https:\/\/www.autonvaraosahaku.fi\/index.php?rest_route=%2Fwp%2Fv2%2Fmedia&parent=46201"}],"wp:term":[{"taxonomy":"pwb-brand","embeddable":true,"href":"https:\/\/www.autonvaraosahaku.fi\/index.php?rest_route=%2Fwp%2Fv2%2Fpwb-brand&post=46201"},{"taxonomy":"product_cat","embeddable":true,"href":"https:\/\/www.autonvaraosahaku.fi\/index.php?rest_route=%2Fwp%2Fv2%2Fproduct_cat&post=46201"},{"taxonomy":"product_tag","embeddable":true,"href":"https:\/\/www.autonvaraosahaku.fi\/index.php?rest_route=%2Fwp%2Fv2%2Fproduct_tag&post=46201"}],"curies":[{"name":"wp","href":"https:\/\/api.w.org\/{rel}","templated":true}]}}