{"id":46211,"date":"2021-02-21T17:11:15","date_gmt":"2021-02-21T17:11:15","guid":{"rendered":"https:\/\/www.autonvaraosahaku.fi\/?product=febi-bilstein-12554-huohotin"},"modified":"2021-02-21T17:11:18","modified_gmt":"2021-02-21T17:11:18","slug":"febi-bilstein-12554-huohotin","status":"publish","type":"product","link":"https:\/\/www.autonvaraosahaku.fi\/?product=febi-bilstein-12554-huohotin","title":{"rendered":"FEBI BILSTEIN 12554 Huohotin"},"content":{"rendered":"<p>Sis\u00e4l\u00e4pimitta [mm]: 14,0, 21,0; Ulkol\u00e4pimitta [mm]: 22,0, 26,0; V\u00e4ri: Musta; Materiaali: Kumi; Paino [kg]: 0,141, 0,141; Katalysaattorimalli: f\u00fcr Fahrzeuge mit Katalysator; BMW: 3 E30,5 E34,3 Cabriolet E30,5 E28,3 Touring E30,Z1; 11151708801<\/p>\n","protected":false},"excerpt":{"rendered":"<p>FEBI BILSTEIN Letku, Venttiilikopan Tuuletus 12554  BMW,3 E30,5 E34,3 Cabriolet E30,5 E28,3 Touring E30,Z1<\/p>\n","protected":false},"featured_media":0,"template":"","meta":{"site-sidebar-layout":"default","site-content-layout":"default","ast-global-header-display":"","ast-main-header-display":"","ast-hfb-above-header-display":"","ast-hfb-below-header-display":"","ast-hfb-mobile-header-display":"","site-post-title":"","ast-breadcrumbs-content":"","ast-featured-img":"","footer-sml-layout":"","theme-transparent-header-meta":"","adv-header-id-meta":"","stick-header-meta":"","header-above-stick-meta":"","header-main-stick-meta":"","header-below-stick-meta":""},"pwb-brand":[50],"product_cat":[125],"product_tag":[],"class_list":{"0":"post-46211","1":"product","2":"type-product","3":"status-publish","5":"pwb-brand-febi-bilstein","6":"product_cat-huohotin","7":"desktop-align-left","8":"tablet-align-left","9":"mobile-align-left","11":"first","12":"instock","13":"product-type-external"},"brands":[{"id":50,"name":"FEBI BILSTEIN","slug":"febi-bilstein"}],"_links":{"self":[{"href":"https:\/\/www.autonvaraosahaku.fi\/index.php?rest_route=\/wp\/v2\/product\/46211","targetHints":{"allow":["GET"]}}],"collection":[{"href":"https:\/\/www.autonvaraosahaku.fi\/index.php?rest_route=\/wp\/v2\/product"}],"about":[{"href":"https:\/\/www.autonvaraosahaku.fi\/index.php?rest_route=\/wp\/v2\/types\/product"}],"wp:attachment":[{"href":"https:\/\/www.autonvaraosahaku.fi\/index.php?rest_route=%2Fwp%2Fv2%2Fmedia&parent=46211"}],"wp:term":[{"taxonomy":"pwb-brand","embeddable":true,"href":"https:\/\/www.autonvaraosahaku.fi\/index.php?rest_route=%2Fwp%2Fv2%2Fpwb-brand&post=46211"},{"taxonomy":"product_cat","embeddable":true,"href":"https:\/\/www.autonvaraosahaku.fi\/index.php?rest_route=%2Fwp%2Fv2%2Fproduct_cat&post=46211"},{"taxonomy":"product_tag","embeddable":true,"href":"https:\/\/www.autonvaraosahaku.fi\/index.php?rest_route=%2Fwp%2Fv2%2Fproduct_tag&post=46211"}],"curies":[{"name":"wp","href":"https:\/\/api.w.org\/{rel}","templated":true}]}}