{"id":46215,"date":"2021-02-21T17:11:15","date_gmt":"2021-02-21T17:11:15","guid":{"rendered":"https:\/\/www.autonvaraosahaku.fi\/?product=vaico-v60-0078-automaattivaihteistooljy"},"modified":"2021-02-21T17:11:19","modified_gmt":"2021-02-21T17:11:19","slug":"vaico-v60-0078-automaattivaihteistooljy","status":"publish","type":"product","link":"https:\/\/www.autonvaraosahaku.fi\/?product=vaico-v60-0078-automaattivaihteistooljy","title":{"rendered":"VAICO V60-0078 Automaattivaihteisto\u00f6ljy"},"content":{"rendered":"<p>Pituus (mm): 60; Pakkaustyyppi: Pullo; Viskositeettiluokka SAE: ATF III; Erittely: CAT TO-2, Mercedes Benz 236,5, ZF TE-ML 09, Voith H55,6335,3x, ZF TE-ML 04D, ZF TE-ML 11, GM Dexron III-H, MAN 339 Typ Z1\/V1, Volvo 97341, ZF TE-ML 03D, ZF TE-ML 17C, Allison C-4, Ford Mercon, Mercedes Benz 236,1, Mercedes Benz 236,6, Mercedes Benz 236,7, ZF TE-ML 14A; Suositeltu vaihtov\u00e4li [km]: 60000; Leveys (mm): 115; Paino [kg]: 0,93; Suositellun erikoisty\u00f6kalun tuotenumero: V99-1017; Huomioi j\u00e4rjestelm\u00e4-t\u00e4ytt\u00f6m\u00e4\u00e4r\u00e4: ; Tilavuus (litra): 1; Kemialliset ominaisuudet: Osasynteettinen; Suositeltu vaihtov\u00e4li [vuotta]: 5; Vaihteistomalli: automaattivaihteistolle; Korkeus (mm): 225; V\u00e4ri: Punainen; Huomioi ajoneuvovalmistajan vaatimukset: ; lis\u00e4tieto: CST96; Vaihteistomalli: 722.4; MAZDA: BT-50 CD, UN; CHEVROLET: EPICA KL1_; LAND ROVER: RANGE ROVER III LM; MERCEDES-BENZ: C-CLASS W203,A-CLASS W168,C-CLASS W202,190 W201,E-CLASS W210,C-CLASS Coupe CL203,Stufenheck W124,E-CLASS Kombi S210,SL R129,C-CLASS Kombi S202,Stufenheck W123,S-CLASS W220,S-CLASS W126,VANEO 414,KOMBI Kombi S124,E-CLASS W124,G-CLASS W463,COUPE C124,CLK Cabriolet A209,G-CLASS W460,E-CLASS Kombi S124,COUPE C123,SPRINTER 3-t Kasten 903,SPRINTER 2-t Bus 901, 902,G-CLASS W461,SPRINTER 2-t Kasten 901, 902,SPRINTER 3-t Bus 903,SPRINTER 3-t Pritsche\/Fahrgestell 903,E-CLASS Cabriolet A124,E-CLASS Coupe C124,SPRINTER 4-t Pritsche\/Fahrgestell 904,T2\/LN1 Kasten\/Kombi,VARIO Kasten\/Kombi,SPRINTER 2-t Pritsche\/Fahrgestell 901, 902,VARIO Pritsche\/Fahrgestell,SPRINTER 4-t Kasten 904,CABRIOLET A124,T1\/TN Pritsche\/Fahrgestell,G-CLASS Cabrio W463,VARIO Kipper,T2\/LN1 Pritsche\/Fahrgestell,T1\/TN Kasten\/Kombi,SPRINTER 4-t Bus 904,VARIO Bus,T2\/LN1 Kipper,VARIO Triebkopf,ACTROS,ATEGO,ATEGO 2,AXOR,AXOR 2,ECONIC,ECONIC 2; JAGUAR: X-TYPE CF1,X-TYPE Estate; FORD: MONDEO III Kombi BWY,FOCUS II Kombi DA_,MONDEO IV Turnier BA7,FOCUS II DA_,FOCUS DAW, DBW,FOCUS C-MAX,MONDEO III B5Y,C-MAX DM2,MONDEO IV BA7,MONDEO III Stufenheck B4Y,FOCUS Stufenheck DFW,FOCUS II Stufenheck DA_,FOCUS II Cabriolet,RANGER ES, ET,MONDEO IV Stufenheck BA7,SCORPIO II GFR, GGR; CITRO\u00cbN: C4 Picasso I UD_,C4 Grand Picasso I UA_,C8 EA_, EB_,C5 I DC_,C5 I Break DE_,C4 II B7; PEUGEOT: 308 SW,308 4A_, 4C_,308 CC; SCANIA: 4 &#8211; series,P,G,R,T &#8211; series; MAN: M 2000 L,M 2000 M; 2220445, 2305397, 83222220445, 83222305397, 83229407765, 83229407858, 9407765, 9407858, 5127382EA, 5127382EB, 5127382GB, 52107891AA, 8000045, A97SXM2C202AB, Mercon, 339V1, 339Z1, 0009899203, 2361, 2365, 2366, 2367, 83229407765, A0009899203, A83229407765, 83229407860, 1161521, 116154, 97341<\/p>\n","protected":false},"excerpt":{"rendered":"<p>VAICO Automaattivaihteisto\u00f6ljy V60-0078  MAZDA,CHEVROLET,LAND ROVER,BT-50 CD, UN,EPICA KL1_,RANGE ROVER III LM,C-CLASS W203,A-CLASS W168,C-CLASS W202<\/p>\n","protected":false},"featured_media":0,"template":"","meta":{"site-sidebar-layout":"default","site-content-layout":"default","ast-global-header-display":"","ast-main-header-display":"","ast-hfb-above-header-display":"","ast-hfb-below-header-display":"","ast-hfb-mobile-header-display":"","site-post-title":"","ast-breadcrumbs-content":"","ast-featured-img":"","footer-sml-layout":"","theme-transparent-header-meta":"","adv-header-id-meta":"","stick-header-meta":"","header-above-stick-meta":"","header-main-stick-meta":"","header-below-stick-meta":""},"pwb-brand":[330],"product_cat":[143],"product_tag":[],"class_list":{"0":"post-46215","1":"product","2":"type-product","3":"status-publish","5":"pwb-brand-vaico","6":"product_cat-automaattivaihteistooljy","7":"desktop-align-left","8":"tablet-align-left","9":"mobile-align-left","11":"first","12":"instock","13":"product-type-external"},"brands":[{"id":330,"name":"VAICO","slug":"vaico"}],"_links":{"self":[{"href":"https:\/\/www.autonvaraosahaku.fi\/index.php?rest_route=\/wp\/v2\/product\/46215","targetHints":{"allow":["GET"]}}],"collection":[{"href":"https:\/\/www.autonvaraosahaku.fi\/index.php?rest_route=\/wp\/v2\/product"}],"about":[{"href":"https:\/\/www.autonvaraosahaku.fi\/index.php?rest_route=\/wp\/v2\/types\/product"}],"wp:attachment":[{"href":"https:\/\/www.autonvaraosahaku.fi\/index.php?rest_route=%2Fwp%2Fv2%2Fmedia&parent=46215"}],"wp:term":[{"taxonomy":"pwb-brand","embeddable":true,"href":"https:\/\/www.autonvaraosahaku.fi\/index.php?rest_route=%2Fwp%2Fv2%2Fpwb-brand&post=46215"},{"taxonomy":"product_cat","embeddable":true,"href":"https:\/\/www.autonvaraosahaku.fi\/index.php?rest_route=%2Fwp%2Fv2%2Fproduct_cat&post=46215"},{"taxonomy":"product_tag","embeddable":true,"href":"https:\/\/www.autonvaraosahaku.fi\/index.php?rest_route=%2Fwp%2Fv2%2Fproduct_tag&post=46215"}],"curies":[{"name":"wp","href":"https:\/\/api.w.org\/{rel}","templated":true}]}}