{"id":46216,"date":"2021-02-21T17:11:15","date_gmt":"2021-02-21T17:11:15","guid":{"rendered":"https:\/\/www.autonvaraosahaku.fi\/?product=vaico-v20-0957-huohotin"},"modified":"2021-02-21T17:11:19","modified_gmt":"2021-02-21T17:11:19","slug":"vaico-v20-0957-huohotin","status":"publish","type":"product","link":"https:\/\/www.autonvaraosahaku.fi\/?product=vaico-v20-0957-huohotin","title":{"rendered":"VAICO V20-0957 Huohotin"},"content":{"rendered":"<p>Pituus (mm): 230; Korkeus (mm): 95; Materiaali tiiviste: FPM (fluori-kumi)\/APM (polyakryyli-kumi); K\u00e4ytt\u00f6: paineohjattu; Ruuvikanta\/mutteriprofiili: Kuusiokolo, sis\u00e4; Suositeltu vaihtov\u00e4li [km]: 60000; Huomioi huolto-ohjeet: ; Venttiilimalli: Ilmanpoistoventtiili; Lis\u00e4tarvike\/lis\u00e4tieto: Tiivisteill\u00e4; Korvaava tuote\/korvaava tiedote 2: Keskipakosuodattimella, Ruuveilla; Asennuspuoli: Sylinterikansi; Leveys (mm): 90; Huomioi tekniset tiedot: ; T\u00e4yssarja: ; Suositeltu vaihtov\u00e4li [vuotta]: 3; Huomioi ajoneuvovalmistajan vaatimukset: ; Kotelomateriaali: Polyamidi 6.6; Paino [kg]: 0,3299; Pakkausleveys [cm]: 10,2; Pakkauskorkeus [mm]: 25,1; Pakkaussyvyys [cm]: 9,3; lis\u00e4tieto: CST98; Moottorinumero: M57N; BMW: 3 E46,5 E60,5 Touring E61,3 Touring E46,X3 E83,3 Coupe E46,X5 E53,3 Cabriolet E46,7 E65, E66, E67; 11127799225, 7799225; Venttiili, Kampikammiotuuletus<\/p>\n","protected":false},"excerpt":{"rendered":"<p>VAICO Huohotin V20-0957 Venttiili, Kampikammiotuuletus BMW,3 E46,5 E60,5 Touring E61,3 Touring E46,X3 E83,3 Coupe E46,X5 E53,3 Cabriolet E46<\/p>\n","protected":false},"featured_media":0,"template":"","meta":{"site-sidebar-layout":"default","site-content-layout":"default","ast-global-header-display":"","ast-main-header-display":"","ast-hfb-above-header-display":"","ast-hfb-below-header-display":"","ast-hfb-mobile-header-display":"","site-post-title":"","ast-breadcrumbs-content":"","ast-featured-img":"","footer-sml-layout":"","theme-transparent-header-meta":"","adv-header-id-meta":"","stick-header-meta":"","header-above-stick-meta":"","header-main-stick-meta":"","header-below-stick-meta":""},"pwb-brand":[330],"product_cat":[125],"product_tag":[],"class_list":{"0":"post-46216","1":"product","2":"type-product","3":"status-publish","5":"pwb-brand-vaico","6":"product_cat-huohotin","7":"desktop-align-left","8":"tablet-align-left","9":"mobile-align-left","11":"first","12":"instock","13":"product-type-external"},"brands":[{"id":330,"name":"VAICO","slug":"vaico"}],"_links":{"self":[{"href":"https:\/\/www.autonvaraosahaku.fi\/index.php?rest_route=\/wp\/v2\/product\/46216","targetHints":{"allow":["GET"]}}],"collection":[{"href":"https:\/\/www.autonvaraosahaku.fi\/index.php?rest_route=\/wp\/v2\/product"}],"about":[{"href":"https:\/\/www.autonvaraosahaku.fi\/index.php?rest_route=\/wp\/v2\/types\/product"}],"wp:attachment":[{"href":"https:\/\/www.autonvaraosahaku.fi\/index.php?rest_route=%2Fwp%2Fv2%2Fmedia&parent=46216"}],"wp:term":[{"taxonomy":"pwb-brand","embeddable":true,"href":"https:\/\/www.autonvaraosahaku.fi\/index.php?rest_route=%2Fwp%2Fv2%2Fpwb-brand&post=46216"},{"taxonomy":"product_cat","embeddable":true,"href":"https:\/\/www.autonvaraosahaku.fi\/index.php?rest_route=%2Fwp%2Fv2%2Fproduct_cat&post=46216"},{"taxonomy":"product_tag","embeddable":true,"href":"https:\/\/www.autonvaraosahaku.fi\/index.php?rest_route=%2Fwp%2Fv2%2Fproduct_tag&post=46216"}],"curies":[{"name":"wp","href":"https:\/\/api.w.org\/{rel}","templated":true}]}}