{"id":46226,"date":"2021-02-21T17:11:21","date_gmt":"2021-02-21T17:11:21","guid":{"rendered":"https:\/\/www.autonvaraosahaku.fi\/?product=corteco-19027874b-tiivisteet"},"modified":"2021-02-21T17:11:23","modified_gmt":"2021-02-21T17:11:23","slug":"corteco-19027874b-tiivisteet","status":"publish","type":"product","link":"https:\/\/www.autonvaraosahaku.fi\/?product=corteco-19027874b-tiivisteet","title":{"rendered":"CORTECO 19027874B Tiivisteet"},"content":{"rendered":"<p>Sis\u00e4l\u00e4pimitta 1 [mm]: 25; Ulkol\u00e4pimitta 1 [mm]: 35; Korkeus 1 (mm): 6; Materiaali: ACM (polyakryyli-kautsu); Suojavaippa: Suojakumilla; Asennuspuoli: Eingang; HYUNDAI: GETZ TB,MATRIX FC,COUPE GK,TRAJET FO,SONATA IV EF,COUPE RD,ELANTRA XD,ELANTRA Stufenheck XD,ACCENT I X-3,ACCENT II Stufenheck LC,XG XG,LANTRA II Wagon J-2,LANTRA II J-2,SANTAMO,ACCENT Stufenheck X-3,SONATA III Y-3,PONY X-2,LANTRA I J-1,S COUPE SLC,PONY \/ EXCEL Stufenheck X-2,SONATA II Y-2,PONY Stufenheck X-1; VOLVO: S40 I VS; MITSUBISHI: GRANDIS NA_W,COLT V CJ_, CP_,OUTLANDER I CU_W,LANCER Kombi CS_W,GALANT VI EA_,SPACE WAGON N9_W, N8_W,LANCER Stufenheck CS_A, CT0,COLT IV CA_A,ECLIPSE I D2_A,SPACE RUNNER N6_W,SPACE RUNNER N1_W, N2_W,COLT III C5_A,LANCER VI CJ-CP_,SIGMA F2_A, F1_A,LANCER V Station Wagon CB_W, CD_W,GALANT IV E3_A,LANCER V CB\/D_A,SPACE WAGON N3_W, N4_W,GALANT IV Stufenheck E3_A,LANCER IV C6_A, C7_A,GALANT V E5_A, E7_A, E8_A,COLT II C1_A,LANCER III Station Wagon C1_V, C3_V,GALANT III E1_A,LANCER IV Stufenheck C6_A; 2142132030, 4313434000, 4313439011, MD741818, MD041012, MD050608, MD069950, MD741818, 30874170<\/p>\n","protected":false},"excerpt":{"rendered":"<p>CORTECO Akselitiiviste, Vaihteisto 19027874B  HYUNDAI,VOLVO,MITSUBISHI,GETZ TB,MATRIX FC,COUPE GK,TRAJET FO,SONATA IV EF,COUPE RD,ELANTRA XD<\/p>\n","protected":false},"featured_media":0,"template":"","meta":{"site-sidebar-layout":"default","site-content-layout":"default","ast-global-header-display":"","ast-main-header-display":"","ast-hfb-above-header-display":"","ast-hfb-below-header-display":"","ast-hfb-mobile-header-display":"","site-post-title":"","ast-breadcrumbs-content":"","ast-featured-img":"","footer-sml-layout":"","theme-transparent-header-meta":"","adv-header-id-meta":"","stick-header-meta":"","header-above-stick-meta":"","header-main-stick-meta":"","header-below-stick-meta":""},"pwb-brand":[53],"product_cat":[27],"product_tag":[],"class_list":{"0":"post-46226","1":"product","2":"type-product","3":"status-publish","5":"pwb-brand-corteco","6":"product_cat-tiivisteet","7":"desktop-align-left","8":"tablet-align-left","9":"mobile-align-left","11":"first","12":"instock","13":"product-type-external"},"brands":[{"id":53,"name":"CORTECO","slug":"corteco"}],"_links":{"self":[{"href":"https:\/\/www.autonvaraosahaku.fi\/index.php?rest_route=\/wp\/v2\/product\/46226","targetHints":{"allow":["GET"]}}],"collection":[{"href":"https:\/\/www.autonvaraosahaku.fi\/index.php?rest_route=\/wp\/v2\/product"}],"about":[{"href":"https:\/\/www.autonvaraosahaku.fi\/index.php?rest_route=\/wp\/v2\/types\/product"}],"wp:attachment":[{"href":"https:\/\/www.autonvaraosahaku.fi\/index.php?rest_route=%2Fwp%2Fv2%2Fmedia&parent=46226"}],"wp:term":[{"taxonomy":"pwb-brand","embeddable":true,"href":"https:\/\/www.autonvaraosahaku.fi\/index.php?rest_route=%2Fwp%2Fv2%2Fpwb-brand&post=46226"},{"taxonomy":"product_cat","embeddable":true,"href":"https:\/\/www.autonvaraosahaku.fi\/index.php?rest_route=%2Fwp%2Fv2%2Fproduct_cat&post=46226"},{"taxonomy":"product_tag","embeddable":true,"href":"https:\/\/www.autonvaraosahaku.fi\/index.php?rest_route=%2Fwp%2Fv2%2Fproduct_tag&post=46226"}],"curies":[{"name":"wp","href":"https:\/\/api.w.org\/{rel}","templated":true}]}}