{"id":46241,"date":"2021-02-21T17:11:26","date_gmt":"2021-02-21T17:11:26","guid":{"rendered":"https:\/\/www.autonvaraosahaku.fi\/?product=triscan-8140-10196-kasijarruvaijeri"},"modified":"2021-02-21T17:11:27","modified_gmt":"2021-02-21T17:11:27","slug":"triscan-8140-10196-kasijarruvaijeri","status":"publish","type":"product","link":"https:\/\/www.autonvaraosahaku.fi\/?product=triscan-8140-10196-kasijarruvaijeri","title":{"rendered":"TRISCAN 8140 10196 K\u00e4sijarruvaijeri"},"content":{"rendered":"<p>Pituus 1 \/ pituus 2: 1765\/1610; Jarrutyyppi: Levyt\/rummut; Tarvittava kappalem\u00e4\u00e4r\u00e4: 1; Asennuspuoli: vorne; LANCIA: PHEDRA 179; FIAT: SCUDO 270_,ULYSSE 179AX,SCUDO Kasten 270_,SCUDO Pritsche\/Fahrgestell 270_; CITRO\u00cbN: C8 EA_, EB_,JUMPY,JUMPY Kasten,JUMPY Pritsche\/Fahrgestell; PEUGEOT: 807 E,EXPERT Tepee VF3V_,EXPERT Kasten VF3A_, VF3U_, VF3X_,EXPERT Pritsche\/Fahrgestell; 1401271780, 474607, 474623, 474652, 475442, 1400204480, 1400930580, 1400950680, 1401215380, 1401441780, 1401215380, 474607, 474623, 474652; Jarruvaijeri,Vaijeri, K\u00e4sijarru<\/p>\n","protected":false},"excerpt":{"rendered":"<p>TRISCAN K\u00e4sijarruvaijeri 8140 10196 Jarruvaijeri,Vaijeri, K\u00e4sijarru LANCIA,FIAT,CITRO\u00cbN,PHEDRA 179,SCUDO 270_,ULYSSE 179AX,SCUDO Kasten 270_<\/p>\n","protected":false},"featured_media":0,"template":"","meta":{"site-sidebar-layout":"default","site-content-layout":"default","ast-global-header-display":"","ast-main-header-display":"","ast-hfb-above-header-display":"","ast-hfb-below-header-display":"","ast-hfb-mobile-header-display":"","site-post-title":"","ast-breadcrumbs-content":"","ast-featured-img":"","footer-sml-layout":"","theme-transparent-header-meta":"","adv-header-id-meta":"","stick-header-meta":"","header-above-stick-meta":"","header-main-stick-meta":"","header-below-stick-meta":""},"pwb-brand":[337],"product_cat":[210],"product_tag":[],"class_list":{"0":"post-46241","1":"product","2":"type-product","3":"status-publish","5":"pwb-brand-triscan","6":"product_cat-kasijarruvaijeri","7":"desktop-align-left","8":"tablet-align-left","9":"mobile-align-left","11":"first","12":"instock","13":"product-type-external"},"brands":[{"id":337,"name":"TRISCAN","slug":"triscan"}],"_links":{"self":[{"href":"https:\/\/www.autonvaraosahaku.fi\/index.php?rest_route=\/wp\/v2\/product\/46241","targetHints":{"allow":["GET"]}}],"collection":[{"href":"https:\/\/www.autonvaraosahaku.fi\/index.php?rest_route=\/wp\/v2\/product"}],"about":[{"href":"https:\/\/www.autonvaraosahaku.fi\/index.php?rest_route=\/wp\/v2\/types\/product"}],"wp:attachment":[{"href":"https:\/\/www.autonvaraosahaku.fi\/index.php?rest_route=%2Fwp%2Fv2%2Fmedia&parent=46241"}],"wp:term":[{"taxonomy":"pwb-brand","embeddable":true,"href":"https:\/\/www.autonvaraosahaku.fi\/index.php?rest_route=%2Fwp%2Fv2%2Fpwb-brand&post=46241"},{"taxonomy":"product_cat","embeddable":true,"href":"https:\/\/www.autonvaraosahaku.fi\/index.php?rest_route=%2Fwp%2Fv2%2Fproduct_cat&post=46241"},{"taxonomy":"product_tag","embeddable":true,"href":"https:\/\/www.autonvaraosahaku.fi\/index.php?rest_route=%2Fwp%2Fv2%2Fproduct_tag&post=46241"}],"curies":[{"name":"wp","href":"https:\/\/api.w.org\/{rel}","templated":true}]}}