{"id":46272,"date":"2021-02-21T17:11:32","date_gmt":"2021-02-21T17:11:32","guid":{"rendered":"https:\/\/www.autonvaraosahaku.fi\/?product=mahle-original-oc-272-oljynsuodatin"},"modified":"2021-02-21T17:11:35","modified_gmt":"2021-02-21T17:11:35","slug":"mahle-original-oc-272-oljynsuodatin","status":"publish","type":"product","link":"https:\/\/www.autonvaraosahaku.fi\/?product=mahle-original-oc-272-oljynsuodatin","title":{"rendered":"MAHLE ORIGINAL OC 272 \u00d6ljynsuodatin"},"content":{"rendered":"<p>Suodatintyyppi: Ruuvattava suodatin; L\u00e4pimitta [mm]: 76,0; Korkeus (mm): 73,5; Korkeus 1 (mm): 72,0; Ulkol\u00e4pimitta 2 [mm]: 72,0; Sis\u00e4l\u00e4pimitta 2 [mm]: 62,0; Liitinkierre: M20x1,5; Kiristysmomentti: 20; Suositellun erikoisty\u00f6kalun tuotenumero: OCS 1, OCS 1; Paino [g]: 0,66; Korkeus (tuumaa): 2,95; Leveys (tuumaa): 3,15; Pituus (tuumaa): 3,15; Valmistusvuosi alkaen: 01\/2000; LANCIA: YPSILON 843,Y 840A,THESIS 841AX,LYBRA SW 839BX,LYBRA 839AX,DELTA II 836; OPEL: ASCONA C 81_, 86_, 87_, 88_,ASCONA C CC 84_, 89_; ALFA ROMEO: 147 937,156 Sportwagon 932,156 932,GT 937,SPIDER 916S_,166 936,GTV 916C_,145 930,155 167,146 930; FIAT: PUNTO 188,PANDA 169,STILO 192,SEICENTO 187,BARCHETTA 183,DOBLO Cargo 223,STILO Multi Wagon 192,DOBLO 119,PANDA Van 169,COUPE FA\/175,STRADA Pick-up 178E,PUNTO Van 188AX,MAREA Weekend 185,UNO 146A\/E,PALIO Weekend 178DX,SEICENTO Van 187,MAREA 185,PALIO 178BX; 46808398, 6001073256, 60612882, 60621890, 60810852, 71736159, 71771758, 0000007715489, 0000060612882, 0000071771758, 0006001073256, 0060621890, 0060810852, 46423474, 46808398, 50008507, 6001073256, 60612882, 606128821, 60621830, 60621890, 60657858, 60810852, 71736159, 71771758, 7715489, 93156652, 93156659, 46808398, 6001073256, 60612882, 60621890, 60810852, 71736159, 71771758, 0650386, 650386, 93156652, VOF114, VOF114<\/p>\n","protected":false},"excerpt":{"rendered":"<p>MAHLE ORIGINAL \u00d6ljynsuodatin OC 272  LANCIA,OPEL,ALFA ROMEO,YPSILON 843,Y 840A,THESIS 841AX,LYBRA SW 839BX,LYBRA 839AX,DELTA II 836<\/p>\n","protected":false},"featured_media":0,"template":"","meta":{"site-sidebar-layout":"default","site-content-layout":"default","ast-global-header-display":"","ast-main-header-display":"","ast-hfb-above-header-display":"","ast-hfb-below-header-display":"","ast-hfb-mobile-header-display":"","site-post-title":"","ast-breadcrumbs-content":"","ast-featured-img":"","footer-sml-layout":"","theme-transparent-header-meta":"","adv-header-id-meta":"","stick-header-meta":"","header-above-stick-meta":"","header-main-stick-meta":"","header-below-stick-meta":""},"pwb-brand":[153],"product_cat":[30],"product_tag":[],"class_list":{"0":"post-46272","1":"product","2":"type-product","3":"status-publish","5":"pwb-brand-mahle-original","6":"product_cat-oljynsuodatin","7":"desktop-align-left","8":"tablet-align-left","9":"mobile-align-left","11":"first","12":"instock","13":"product-type-external"},"brands":[{"id":153,"name":"MAHLE ORIGINAL","slug":"mahle-original"}],"_links":{"self":[{"href":"https:\/\/www.autonvaraosahaku.fi\/index.php?rest_route=\/wp\/v2\/product\/46272","targetHints":{"allow":["GET"]}}],"collection":[{"href":"https:\/\/www.autonvaraosahaku.fi\/index.php?rest_route=\/wp\/v2\/product"}],"about":[{"href":"https:\/\/www.autonvaraosahaku.fi\/index.php?rest_route=\/wp\/v2\/types\/product"}],"wp:attachment":[{"href":"https:\/\/www.autonvaraosahaku.fi\/index.php?rest_route=%2Fwp%2Fv2%2Fmedia&parent=46272"}],"wp:term":[{"taxonomy":"pwb-brand","embeddable":true,"href":"https:\/\/www.autonvaraosahaku.fi\/index.php?rest_route=%2Fwp%2Fv2%2Fpwb-brand&post=46272"},{"taxonomy":"product_cat","embeddable":true,"href":"https:\/\/www.autonvaraosahaku.fi\/index.php?rest_route=%2Fwp%2Fv2%2Fproduct_cat&post=46272"},{"taxonomy":"product_tag","embeddable":true,"href":"https:\/\/www.autonvaraosahaku.fi\/index.php?rest_route=%2Fwp%2Fv2%2Fproduct_tag&post=46272"}],"curies":[{"name":"wp","href":"https:\/\/api.w.org\/{rel}","templated":true}]}}