{"id":46280,"date":"2021-02-21T17:11:37","date_gmt":"2021-02-21T17:11:37","guid":{"rendered":"https:\/\/www.autonvaraosahaku.fi\/?product=topran-104-483-muut-luokat"},"modified":"2021-02-21T17:11:38","modified_gmt":"2021-02-21T17:11:38","slug":"topran-104-483-muut-luokat","status":"publish","type":"product","link":"https:\/\/www.autonvaraosahaku.fi\/?product=topran-104-483-muut-luokat","title":{"rendered":"TOPRAN 104 483 Muut luokat"},"content":{"rendered":"<p>Sulaketyyppi: Vakio-lattasulake, L\u00e4mp\u00f6sulake; V\u00e4ri: Keltainen; Suojaus [A]: 20; DIN \/ ISO: 72581\/3C; J\u00e4nnite korkeint. [V]: 32; N01713123, N0171317, 1238324, 90167851, 650423, 7700410576, 650423, 1591031, D9ZB14A094EA, 7700410576, 1238324, 90167851, 650423, N01713123, N0171317, 7700410576, N01713123, N0171317, N01713123, N0171317, 1238324, 90167851, N01713123, N0171317<\/p>\n","protected":false},"excerpt":{"rendered":"<p>TOPRAN Sulake 104 483<\/p>\n","protected":false},"featured_media":0,"template":"","meta":{"site-sidebar-layout":"default","site-content-layout":"default","ast-global-header-display":"","ast-main-header-display":"","ast-hfb-above-header-display":"","ast-hfb-below-header-display":"","ast-hfb-mobile-header-display":"","site-post-title":"","ast-breadcrumbs-content":"","ast-featured-img":"","footer-sml-layout":"","theme-transparent-header-meta":"","adv-header-id-meta":"","stick-header-meta":"","header-above-stick-meta":"","header-main-stick-meta":"","header-below-stick-meta":""},"pwb-brand":[18],"product_cat":[37],"product_tag":[],"class_list":{"0":"post-46280","1":"product","2":"type-product","3":"status-publish","5":"pwb-brand-topran","6":"product_cat-muut-luokat","7":"desktop-align-left","8":"tablet-align-left","9":"mobile-align-left","11":"first","12":"instock","13":"product-type-external"},"brands":[{"id":18,"name":"TOPRAN","slug":"topran"}],"_links":{"self":[{"href":"https:\/\/www.autonvaraosahaku.fi\/index.php?rest_route=\/wp\/v2\/product\/46280","targetHints":{"allow":["GET"]}}],"collection":[{"href":"https:\/\/www.autonvaraosahaku.fi\/index.php?rest_route=\/wp\/v2\/product"}],"about":[{"href":"https:\/\/www.autonvaraosahaku.fi\/index.php?rest_route=\/wp\/v2\/types\/product"}],"wp:attachment":[{"href":"https:\/\/www.autonvaraosahaku.fi\/index.php?rest_route=%2Fwp%2Fv2%2Fmedia&parent=46280"}],"wp:term":[{"taxonomy":"pwb-brand","embeddable":true,"href":"https:\/\/www.autonvaraosahaku.fi\/index.php?rest_route=%2Fwp%2Fv2%2Fpwb-brand&post=46280"},{"taxonomy":"product_cat","embeddable":true,"href":"https:\/\/www.autonvaraosahaku.fi\/index.php?rest_route=%2Fwp%2Fv2%2Fproduct_cat&post=46280"},{"taxonomy":"product_tag","embeddable":true,"href":"https:\/\/www.autonvaraosahaku.fi\/index.php?rest_route=%2Fwp%2Fv2%2Fproduct_tag&post=46280"}],"curies":[{"name":"wp","href":"https:\/\/api.w.org\/{rel}","templated":true}]}}