{"id":46332,"date":"2021-02-21T17:11:48","date_gmt":"2021-02-21T17:11:48","guid":{"rendered":"https:\/\/www.autonvaraosahaku.fi\/?product=ridex-402b0282-jarrupalat"},"modified":"2021-02-21T17:11:51","modified_gmt":"2021-02-21T17:11:51","slug":"ridex-402b0282-jarrupalat","status":"publish","type":"product","link":"https:\/\/www.autonvaraosahaku.fi\/?product=ridex-402b0282-jarrupalat","title":{"rendered":"RIDEX 402B0282 Jarrupalat"},"content":{"rendered":"<p>Korkeus 1 (mm): 58; Korkeus 2 (mm): 59,2; Paksuus [mm]: 17,3; Kulumisenilmaisimen liitos: Kulumisenilmaisemelle, Ilman kulumisenilmaisinta; Jarruj\u00e4rjestelm\u00e4: ATE; M\u00e4\u00e4r\u00e4yksikk\u00f6: Akselisarja; Leveys (mm): 123; Korvaava tuote\/korvaava tiedote 2: M\u00e4nn\u00e4n lukoilla; Asennuspuoli: Taka-akseli, Hinterachse; BMW: 3 Touring E91,3 E90,X1 E84,3 Coupe E92,3 Cabriolet E93; 2288895, 2288896, 34121288895, 34121288896, 34212288895, 34212288896, 34216769105, 34216775678, 34216790762, 34216791938, 6769105, 6775678, 6791938; Jarrupalasarja,Jarrupala, Levyjarru<\/p>\n","protected":false},"excerpt":{"rendered":"<p>RIDEX Jarrupalat 402B0282 Jarrupalasarja,Jarrupala, Levyjarru BMW,3 Touring E91,3 E90,X1 E84,3 Coupe E92,3 Cabriolet E93<\/p>\n","protected":false},"featured_media":0,"template":"","meta":{"site-sidebar-layout":"default","site-content-layout":"default","ast-global-header-display":"","ast-main-header-display":"","ast-hfb-above-header-display":"","ast-hfb-below-header-display":"","ast-hfb-mobile-header-display":"","site-post-title":"","ast-breadcrumbs-content":"","ast-featured-img":"","footer-sml-layout":"","theme-transparent-header-meta":"","adv-header-id-meta":"","stick-header-meta":"","header-above-stick-meta":"","header-main-stick-meta":"","header-below-stick-meta":""},"pwb-brand":[157],"product_cat":[100],"product_tag":[],"class_list":{"0":"post-46332","1":"product","2":"type-product","3":"status-publish","5":"pwb-brand-ridex","6":"product_cat-jarrupalat","7":"desktop-align-left","8":"tablet-align-left","9":"mobile-align-left","11":"first","12":"instock","13":"product-type-external"},"brands":[{"id":157,"name":"RIDEX","slug":"ridex"}],"_links":{"self":[{"href":"https:\/\/www.autonvaraosahaku.fi\/index.php?rest_route=\/wp\/v2\/product\/46332","targetHints":{"allow":["GET"]}}],"collection":[{"href":"https:\/\/www.autonvaraosahaku.fi\/index.php?rest_route=\/wp\/v2\/product"}],"about":[{"href":"https:\/\/www.autonvaraosahaku.fi\/index.php?rest_route=\/wp\/v2\/types\/product"}],"wp:attachment":[{"href":"https:\/\/www.autonvaraosahaku.fi\/index.php?rest_route=%2Fwp%2Fv2%2Fmedia&parent=46332"}],"wp:term":[{"taxonomy":"pwb-brand","embeddable":true,"href":"https:\/\/www.autonvaraosahaku.fi\/index.php?rest_route=%2Fwp%2Fv2%2Fpwb-brand&post=46332"},{"taxonomy":"product_cat","embeddable":true,"href":"https:\/\/www.autonvaraosahaku.fi\/index.php?rest_route=%2Fwp%2Fv2%2Fproduct_cat&post=46332"},{"taxonomy":"product_tag","embeddable":true,"href":"https:\/\/www.autonvaraosahaku.fi\/index.php?rest_route=%2Fwp%2Fv2%2Fproduct_tag&post=46332"}],"curies":[{"name":"wp","href":"https:\/\/api.w.org\/{rel}","templated":true}]}}