{"id":46348,"date":"2021-02-21T17:11:53","date_gmt":"2021-02-21T17:11:53","guid":{"rendered":"https:\/\/www.autonvaraosahaku.fi\/?product=jp-group-1193100200-jaahdytysnesteen-lampotila-anturi"},"modified":"2021-02-21T17:11:55","modified_gmt":"2021-02-21T17:11:55","slug":"jp-group-1193100200-jaahdytysnesteen-lampotila-anturi","status":"publish","type":"product","link":"https:\/\/www.autonvaraosahaku.fi\/?product=jp-group-1193100200-jaahdytysnesteen-lampotila-anturi","title":{"rendered":"JP GROUP 1193100200 J\u00e4\u00e4hdytysnesteen l\u00e4mp\u00f6tila anturi"},"content":{"rendered":"<p>J\u00e4nnite (V): 12; Kierremitta: M12x1.5; Avainv\u00e4li: 19 mm; Liittimi\u00e4: 2; VW: GOLF III 1H1,SHARAN 7M8, 7M9, 7M6,PASSAT Variant 3B5,PASSAT Variant 3A5, 35I,PASSAT 3B2,GOLF III Cabriolet 1E7,GOLF Mk III Cabriolet 1E7,GOLF III Variant 1H5,PASSAT 3A2, 35I,CORRADO 53I,POLO Variant 6KV5,POLO CLASSIC 6KV2,VENTO 1H2; OPEL: CALIBRA A 85_,VECTRA A 86_, 87_; SEAT: IBIZA II 6K1,CORDOBA 6K1, 6K2,CORDOBA Vario 6K1,TOLEDO I 1L; ALFA ROMEO: 166 936,33 907A,33 Sportwagon 907B; PORSCHE: 928; FERRARI: 5__ MARANELLO; VAUXHALL: CALIBRA,CAVALIER Mk III 87; 46433052, 13621711371, 143080, 46433052, 60574615, 37880P5TG00, ERR2082A, 90423088, 90541577, 143080, 92860614300, UE74490, ERR2082, ERR2082A, 046905379, 046905379; J\u00e4\u00e4hdytysnestel\u00e4mp\u00f6tilan Sensori<\/p>\n","protected":false},"excerpt":{"rendered":"<p>JP GROUP J\u00e4\u00e4hdytysnesteen L\u00e4mp\u00f6tila Anturi JP Group 1193100200 J\u00e4\u00e4hdytysnestel\u00e4mp\u00f6tilan Sensori VW,OPEL,SEAT,GOLF III 1H1,SHARAN 7M8, 7M9, 7M6<\/p>\n","protected":false},"featured_media":0,"template":"","meta":{"site-sidebar-layout":"default","site-content-layout":"default","ast-global-header-display":"","ast-main-header-display":"","ast-hfb-above-header-display":"","ast-hfb-below-header-display":"","ast-hfb-mobile-header-display":"","site-post-title":"","ast-breadcrumbs-content":"","ast-featured-img":"","footer-sml-layout":"","theme-transparent-header-meta":"","adv-header-id-meta":"","stick-header-meta":"","header-above-stick-meta":"","header-main-stick-meta":"","header-below-stick-meta":""},"pwb-brand":[131],"product_cat":[200],"product_tag":[],"class_list":{"0":"post-46348","1":"product","2":"type-product","3":"status-publish","5":"pwb-brand-jp-group","6":"product_cat-jaahdytysnesteen-lampotila-anturi","7":"desktop-align-left","8":"tablet-align-left","9":"mobile-align-left","11":"first","12":"instock","13":"product-type-external"},"brands":[{"id":131,"name":"JP GROUP","slug":"jp-group"}],"_links":{"self":[{"href":"https:\/\/www.autonvaraosahaku.fi\/index.php?rest_route=\/wp\/v2\/product\/46348","targetHints":{"allow":["GET"]}}],"collection":[{"href":"https:\/\/www.autonvaraosahaku.fi\/index.php?rest_route=\/wp\/v2\/product"}],"about":[{"href":"https:\/\/www.autonvaraosahaku.fi\/index.php?rest_route=\/wp\/v2\/types\/product"}],"wp:attachment":[{"href":"https:\/\/www.autonvaraosahaku.fi\/index.php?rest_route=%2Fwp%2Fv2%2Fmedia&parent=46348"}],"wp:term":[{"taxonomy":"pwb-brand","embeddable":true,"href":"https:\/\/www.autonvaraosahaku.fi\/index.php?rest_route=%2Fwp%2Fv2%2Fpwb-brand&post=46348"},{"taxonomy":"product_cat","embeddable":true,"href":"https:\/\/www.autonvaraosahaku.fi\/index.php?rest_route=%2Fwp%2Fv2%2Fproduct_cat&post=46348"},{"taxonomy":"product_tag","embeddable":true,"href":"https:\/\/www.autonvaraosahaku.fi\/index.php?rest_route=%2Fwp%2Fv2%2Fproduct_tag&post=46348"}],"curies":[{"name":"wp","href":"https:\/\/api.w.org\/{rel}","templated":true}]}}