{"id":46349,"date":"2021-02-21T17:11:53","date_gmt":"2021-02-21T17:11:53","guid":{"rendered":"https:\/\/www.autonvaraosahaku.fi\/?product=ridex-402b0475-jarrupalat"},"modified":"2021-02-21T17:11:56","modified_gmt":"2021-02-21T17:11:56","slug":"ridex-402b0475-jarrupalat","status":"publish","type":"product","link":"https:\/\/www.autonvaraosahaku.fi\/?product=ridex-402b0475-jarrupalat","title":{"rendered":"RIDEX 402B0475 Jarrupalat"},"content":{"rendered":"<p>Pituus (mm): 155; Pituus 2 (mm): 155; Leveys, ulko (mm): 55,1; Leveys, sis\u00e4 (mm): 62,7; Paksuus [mm]: 16,7; M\u00e4\u00e4r\u00e4yksikk\u00f6: Akselisarja; Korvaava tuote\/korvaava tiedote 2: M\u00e4nn\u00e4n lukoilla; Kulumisenilmaisimen liitos: akustisella kulumavaroittimella; Asennuspuoli: Etuakseli; Vannekoko (tuumaa): 15; HONDA: ACCORD VIII CU,CIVIC IX FK,ACCORD VIII Kombi,CIVIC IX Stufenheck FB, FG,CIVIC IX Tourer FK,HR-V RU,ACCORD IX Stufenheck; 45022TL1G00, 45022TL1G01, 45022TV0E00, 45022TV0E01, 45022TV0E02, 45022TV2E00, 45022TV2E01, 45022TV2E02; Jarrupalasarja,Jarrupala, Levyjarru<\/p>\n","protected":false},"excerpt":{"rendered":"<p>RIDEX Jarrupalat 402B0475 Jarrupalasarja,Jarrupala, Levyjarru HONDA,ACCORD VIII CU,CIVIC IX FK,ACCORD VIII Kombi,CIVIC IX Stufenheck FB, FG<\/p>\n","protected":false},"featured_media":0,"template":"","meta":{"site-sidebar-layout":"default","site-content-layout":"default","ast-global-header-display":"","ast-main-header-display":"","ast-hfb-above-header-display":"","ast-hfb-below-header-display":"","ast-hfb-mobile-header-display":"","site-post-title":"","ast-breadcrumbs-content":"","ast-featured-img":"","footer-sml-layout":"","theme-transparent-header-meta":"","adv-header-id-meta":"","stick-header-meta":"","header-above-stick-meta":"","header-main-stick-meta":"","header-below-stick-meta":""},"pwb-brand":[157],"product_cat":[100],"product_tag":[],"class_list":{"0":"post-46349","1":"product","2":"type-product","3":"status-publish","5":"pwb-brand-ridex","6":"product_cat-jarrupalat","7":"desktop-align-left","8":"tablet-align-left","9":"mobile-align-left","11":"first","12":"instock","13":"product-type-external"},"brands":[{"id":157,"name":"RIDEX","slug":"ridex"}],"_links":{"self":[{"href":"https:\/\/www.autonvaraosahaku.fi\/index.php?rest_route=\/wp\/v2\/product\/46349","targetHints":{"allow":["GET"]}}],"collection":[{"href":"https:\/\/www.autonvaraosahaku.fi\/index.php?rest_route=\/wp\/v2\/product"}],"about":[{"href":"https:\/\/www.autonvaraosahaku.fi\/index.php?rest_route=\/wp\/v2\/types\/product"}],"wp:attachment":[{"href":"https:\/\/www.autonvaraosahaku.fi\/index.php?rest_route=%2Fwp%2Fv2%2Fmedia&parent=46349"}],"wp:term":[{"taxonomy":"pwb-brand","embeddable":true,"href":"https:\/\/www.autonvaraosahaku.fi\/index.php?rest_route=%2Fwp%2Fv2%2Fpwb-brand&post=46349"},{"taxonomy":"product_cat","embeddable":true,"href":"https:\/\/www.autonvaraosahaku.fi\/index.php?rest_route=%2Fwp%2Fv2%2Fproduct_cat&post=46349"},{"taxonomy":"product_tag","embeddable":true,"href":"https:\/\/www.autonvaraosahaku.fi\/index.php?rest_route=%2Fwp%2Fv2%2Fproduct_tag&post=46349"}],"curies":[{"name":"wp","href":"https:\/\/api.w.org\/{rel}","templated":true}]}}