{"id":46352,"date":"2021-02-21T17:11:53","date_gmt":"2021-02-21T17:11:53","guid":{"rendered":"https:\/\/www.autonvaraosahaku.fi\/?product=vaico-v95-0288-jarrukengat"},"modified":"2021-02-21T17:11:56","modified_gmt":"2021-02-21T17:11:56","slug":"vaico-v95-0288-jarrukengat","status":"publish","type":"product","link":"https:\/\/www.autonvaraosahaku.fi\/?product=vaico-v95-0288-jarrukengat","title":{"rendered":"VAICO V95-0288 Jarrukeng\u00e4t"},"content":{"rendered":"<p>Leveys (mm): 25; Jarruj\u00e4rjestelm\u00e4: LUCAS; L\u00e4pimitta [mm]: 177,8; Asennuspuoli: Taka-akseli; Paino [kg]: 1,064; Pakkausleveys [cm]: 12,6; Pakkauskorkeus [mm]: 8,2; Pakkaussyvyys [cm]: 19,8; lis\u00e4tieto: CST97; VOLVO: V70 II SW,XC90 I,V70 I LV,S60 I,V70 III BW,S80 I TS, XY,XC70 CROSS COUNTRY,XC70 II,S80 II AS; 2723989; Jarrukenk\u00e4sarja<\/p>\n","protected":false},"excerpt":{"rendered":"<p>VAICO Jarrukeng\u00e4t V95-0288 Jarrukenk\u00e4sarja VOLVO,V70 II SW,XC90 I,V70 I LV,S60 I,V70 III BW,S80 I TS, XY,XC70 CROSS COUNTRY,XC70 II,S80 II AS<\/p>\n","protected":false},"featured_media":0,"template":"","meta":{"site-sidebar-layout":"default","site-content-layout":"default","ast-global-header-display":"","ast-main-header-display":"","ast-hfb-above-header-display":"","ast-hfb-below-header-display":"","ast-hfb-mobile-header-display":"","site-post-title":"","ast-breadcrumbs-content":"","ast-featured-img":"","footer-sml-layout":"","theme-transparent-header-meta":"","adv-header-id-meta":"","stick-header-meta":"","header-above-stick-meta":"","header-main-stick-meta":"","header-below-stick-meta":""},"pwb-brand":[330],"product_cat":[176],"product_tag":[],"class_list":{"0":"post-46352","1":"product","2":"type-product","3":"status-publish","5":"pwb-brand-vaico","6":"product_cat-jarrukengat","7":"desktop-align-left","8":"tablet-align-left","9":"mobile-align-left","11":"first","12":"instock","13":"product-type-external"},"brands":[{"id":330,"name":"VAICO","slug":"vaico"}],"_links":{"self":[{"href":"https:\/\/www.autonvaraosahaku.fi\/index.php?rest_route=\/wp\/v2\/product\/46352","targetHints":{"allow":["GET"]}}],"collection":[{"href":"https:\/\/www.autonvaraosahaku.fi\/index.php?rest_route=\/wp\/v2\/product"}],"about":[{"href":"https:\/\/www.autonvaraosahaku.fi\/index.php?rest_route=\/wp\/v2\/types\/product"}],"wp:attachment":[{"href":"https:\/\/www.autonvaraosahaku.fi\/index.php?rest_route=%2Fwp%2Fv2%2Fmedia&parent=46352"}],"wp:term":[{"taxonomy":"pwb-brand","embeddable":true,"href":"https:\/\/www.autonvaraosahaku.fi\/index.php?rest_route=%2Fwp%2Fv2%2Fpwb-brand&post=46352"},{"taxonomy":"product_cat","embeddable":true,"href":"https:\/\/www.autonvaraosahaku.fi\/index.php?rest_route=%2Fwp%2Fv2%2Fproduct_cat&post=46352"},{"taxonomy":"product_tag","embeddable":true,"href":"https:\/\/www.autonvaraosahaku.fi\/index.php?rest_route=%2Fwp%2Fv2%2Fproduct_tag&post=46352"}],"curies":[{"name":"wp","href":"https:\/\/api.w.org\/{rel}","templated":true}]}}