{"id":46364,"date":"2021-02-21T17:11:59","date_gmt":"2021-02-21T17:11:59","guid":{"rendered":"https:\/\/www.autonvaraosahaku.fi\/?product=ridex-12h0019-ohjaustehostimen-pumppu"},"modified":"2021-02-21T17:12:00","modified_gmt":"2021-02-21T17:12:00","slug":"ridex-12h0019-ohjaustehostimen-pumppu","status":"publish","type":"product","link":"https:\/\/www.autonvaraosahaku.fi\/?product=ridex-12h0019-ohjaustehostimen-pumppu","title":{"rendered":"RIDEX 12H0019 Ohjaustehostimen pumppu"},"content":{"rendered":"<p>K\u00e4ytt\u00f6: Hydraulinen; kiiloja: 6; Hihnapy\u00f6r\u00e4-\u00d8[mm]: 125; Varusteet: f\u00fcr Fahrzeuge ohne Servotronic-Lenkung; FIAT: DUCATO Pritsche\/Fahrgestell 230,DUCATO Bus 230,DUCATO Kasten 244,DUCATO Pritsche\/Fahrgestell 244,DUCATO Kasten 230L,ULYSSE 179AX,DUCATO Bus 244, Z_,ULYSSE 220,SCUDO Kasten 220L,SCUDO Combinato 220P; PEUGEOT: 807 E,607 9D, 9U,406 Break 8E\/F,406 Coupe 8C,406 8B,806 221,BOXER Kasten 230L,BOXER Kasten 244,EXPERT Kasten 222,BIPPER AA_,BIPPER Tepee,BOXER Bus 244, Z_,EXPERT 224,BOXER Pritsche\/Fahrgestell 244,EXPERT Pritsche\/Fahrgestell 223; CITRO\u00cbN: C8 EA_, EB_,C5 II Break RE_,C5 I DC_,C5 I Break DE_,C5 II RC_,JUMPER Kasten 244,NEMO Kasten AA_,EVASION 22, U6,NEMO Kombi,JUMPY U6U,JUMPY Kasten BS_, BT_, BY_, BZ_,JUMPER Bus 244, Z_,JUMPER Pritsche\/Fahrgestell 244,JUMPY Pritsche\/Fahrgestell BU_, BV_, BW_, BX_; LANCIA: PHEDRA 179,ZETA 220; Hydrauliikkapumppu, Ohjaus<\/p>\n","protected":false},"excerpt":{"rendered":"<p>RIDEX Ohjaustehostimen Pumppu 12H0019 Hydrauliikkapumppu, Ohjaus FIAT,PEUGEOT,CITRO\u00cbN,DUCATO Pritsche\/Fahrgestell 230,DUCATO Bus 230,DUCATO Kasten 244<\/p>\n","protected":false},"featured_media":0,"template":"","meta":{"site-sidebar-layout":"default","site-content-layout":"default","ast-global-header-display":"","ast-main-header-display":"","ast-hfb-above-header-display":"","ast-hfb-below-header-display":"","ast-hfb-mobile-header-display":"","site-post-title":"","ast-breadcrumbs-content":"","ast-featured-img":"","footer-sml-layout":"","theme-transparent-header-meta":"","adv-header-id-meta":"","stick-header-meta":"","header-above-stick-meta":"","header-main-stick-meta":"","header-below-stick-meta":""},"pwb-brand":[157],"product_cat":[287],"product_tag":[],"class_list":{"0":"post-46364","1":"product","2":"type-product","3":"status-publish","5":"pwb-brand-ridex","6":"product_cat-ohjaustehostimen-pumppu","7":"desktop-align-left","8":"tablet-align-left","9":"mobile-align-left","11":"first","12":"instock","13":"product-type-external"},"brands":[{"id":157,"name":"RIDEX","slug":"ridex"}],"_links":{"self":[{"href":"https:\/\/www.autonvaraosahaku.fi\/index.php?rest_route=\/wp\/v2\/product\/46364","targetHints":{"allow":["GET"]}}],"collection":[{"href":"https:\/\/www.autonvaraosahaku.fi\/index.php?rest_route=\/wp\/v2\/product"}],"about":[{"href":"https:\/\/www.autonvaraosahaku.fi\/index.php?rest_route=\/wp\/v2\/types\/product"}],"wp:attachment":[{"href":"https:\/\/www.autonvaraosahaku.fi\/index.php?rest_route=%2Fwp%2Fv2%2Fmedia&parent=46364"}],"wp:term":[{"taxonomy":"pwb-brand","embeddable":true,"href":"https:\/\/www.autonvaraosahaku.fi\/index.php?rest_route=%2Fwp%2Fv2%2Fpwb-brand&post=46364"},{"taxonomy":"product_cat","embeddable":true,"href":"https:\/\/www.autonvaraosahaku.fi\/index.php?rest_route=%2Fwp%2Fv2%2Fproduct_cat&post=46364"},{"taxonomy":"product_tag","embeddable":true,"href":"https:\/\/www.autonvaraosahaku.fi\/index.php?rest_route=%2Fwp%2Fv2%2Fproduct_tag&post=46364"}],"curies":[{"name":"wp","href":"https:\/\/api.w.org\/{rel}","templated":true}]}}