{"id":46370,"date":"2021-02-21T17:11:59","date_gmt":"2021-02-21T17:11:59","guid":{"rendered":"https:\/\/www.autonvaraosahaku.fi\/?product=mapco-59123-raidetanko"},"modified":"2021-02-21T17:12:02","modified_gmt":"2021-02-21T17:12:02","slug":"mapco-59123-raidetanko","status":"publish","type":"product","link":"https:\/\/www.autonvaraosahaku.fi\/?product=mapco-59123-raidetanko","title":{"rendered":"MAPCO 59123 Raidetanko"},"content":{"rendered":"<p>Asennuspuoli: Etuakseli, oikea; parilliset tuotenumerot: 59126; Tarvittava kappalem\u00e4\u00e4r\u00e4: 1; Rakennemalli: Modus; RENAULT: CLIO III BR0\/1, CR0\/1,MODUS \/ GRAND MODUS F\/JP0_,CLIO Grandtour KR0\/1_; NISSAN: MICRA III K12,MICRA C+C K12<\/p>\n","protected":false},"excerpt":{"rendered":"<p>MAPCO Raidetanko 59123  RENAULT,NISSAN,CLIO III BR0\/1, CR0\/1,MODUS \/ GRAND MODUS F\/JP0_,CLIO Grandtour KR0\/1_,MICRA III K12,MICRA C+C K12<\/p>\n","protected":false},"featured_media":0,"template":"","meta":{"site-sidebar-layout":"default","site-content-layout":"default","ast-global-header-display":"","ast-main-header-display":"","ast-hfb-above-header-display":"","ast-hfb-below-header-display":"","ast-hfb-mobile-header-display":"","site-post-title":"","ast-breadcrumbs-content":"","ast-featured-img":"","footer-sml-layout":"","theme-transparent-header-meta":"","adv-header-id-meta":"","stick-header-meta":"","header-above-stick-meta":"","header-main-stick-meta":"","header-below-stick-meta":""},"pwb-brand":[36],"product_cat":[258],"product_tag":[],"class_list":{"0":"post-46370","1":"product","2":"type-product","3":"status-publish","5":"pwb-brand-mapco","6":"product_cat-raidetanko","7":"desktop-align-left","8":"tablet-align-left","9":"mobile-align-left","11":"first","12":"instock","13":"product-type-external"},"brands":[{"id":36,"name":"MAPCO","slug":"mapco"}],"_links":{"self":[{"href":"https:\/\/www.autonvaraosahaku.fi\/index.php?rest_route=\/wp\/v2\/product\/46370","targetHints":{"allow":["GET"]}}],"collection":[{"href":"https:\/\/www.autonvaraosahaku.fi\/index.php?rest_route=\/wp\/v2\/product"}],"about":[{"href":"https:\/\/www.autonvaraosahaku.fi\/index.php?rest_route=\/wp\/v2\/types\/product"}],"wp:attachment":[{"href":"https:\/\/www.autonvaraosahaku.fi\/index.php?rest_route=%2Fwp%2Fv2%2Fmedia&parent=46370"}],"wp:term":[{"taxonomy":"pwb-brand","embeddable":true,"href":"https:\/\/www.autonvaraosahaku.fi\/index.php?rest_route=%2Fwp%2Fv2%2Fpwb-brand&post=46370"},{"taxonomy":"product_cat","embeddable":true,"href":"https:\/\/www.autonvaraosahaku.fi\/index.php?rest_route=%2Fwp%2Fv2%2Fproduct_cat&post=46370"},{"taxonomy":"product_tag","embeddable":true,"href":"https:\/\/www.autonvaraosahaku.fi\/index.php?rest_route=%2Fwp%2Fv2%2Fproduct_tag&post=46370"}],"curies":[{"name":"wp","href":"https:\/\/api.w.org\/{rel}","templated":true}]}}