{"id":46376,"date":"2021-02-21T17:11:59","date_gmt":"2021-02-21T17:11:59","guid":{"rendered":"https:\/\/www.autonvaraosahaku.fi\/?product=ridex-1382f0008-polttoainepumppu"},"modified":"2021-02-21T17:12:03","modified_gmt":"2021-02-21T17:12:03","slug":"ridex-1382f0008-polttoainepumppu","status":"publish","type":"product","link":"https:\/\/www.autonvaraosahaku.fi\/?product=ridex-1382f0008-polttoainepumppu","title":{"rendered":"RIDEX 1382F0008 Polttoainepumppu"},"content":{"rendered":"<p>K\u00e4ytt\u00f6: S\u00e4hk\u00f6inen; Paino [kg]: 0,73; Paine (bar): 4; Korvaava tuote\/korvaava tiedote 2: Suodattimella; OPEL: CORSA C F08, F68,ZAFIRA B A05,ZAFIRA A F75_,ASTRA G Caravan F35_,VECTRA C Caravan,SIGNUM,VECTRA C,VECTRA C GTS,TIGRA TwinTop,COMBO Kasten\/Kombi,COMBO Tour,CORSA C Kasten F08, W5L; SAAB: 9-3 YS3F,9-3 Kombi YS3F,9-3 Cabriolet YS3F; VAUXHALL: VECTRA Mk II C CC,CORSA Mk II C W5L, F08,VECTRA Mk II C Estate,VECTRA Mk II C,SIGNUM,CORSAVAN Mk II C,TIGRA Convertible,VECTRA B CC,VECTRA B,COMBO TOUR Mk II C F25,ASTRA Mk IV G Estate,COMBO Mk II C Kasten\/Kombi F25; 13178573, 13178582, 13178585, 13178586, 13178588, 13178590, 13178591, 13197709, 5815027, 5815028, 5815029, 5815031, 5815032, 5815036, 5815037, 5815038, 5815041, 5815053, 815026, 815039, 815046, 815047, 815069, 815070, 815071, 815072, 815167, 816007, 9227844, 93171075, 93173977, 93174221, 93183433, 93183434, 93183804, 93184983, 93184986, 93184987, 93185093, 93186283, 93188233, 93188240; Polttoaineen Sy\u00f6tt\u00f6yksikk\u00f6<\/p>\n","protected":false},"excerpt":{"rendered":"<p>RIDEX Polttoainepumppu 1382F0008 Polttoaineen Sy\u00f6tt\u00f6yksikk\u00f6 OPEL,SAAB,VAUXHALL,CORSA C F08, F68,ZAFIRA B A05,ZAFIRA A F75_,ASTRA G Caravan F35_<\/p>\n","protected":false},"featured_media":0,"template":"","meta":{"site-sidebar-layout":"default","site-content-layout":"default","ast-global-header-display":"","ast-main-header-display":"","ast-hfb-above-header-display":"","ast-hfb-below-header-display":"","ast-hfb-mobile-header-display":"","site-post-title":"","ast-breadcrumbs-content":"","ast-featured-img":"","footer-sml-layout":"","theme-transparent-header-meta":"","adv-header-id-meta":"","stick-header-meta":"","header-above-stick-meta":"","header-main-stick-meta":"","header-below-stick-meta":""},"pwb-brand":[157],"product_cat":[73],"product_tag":[],"class_list":{"0":"post-46376","1":"product","2":"type-product","3":"status-publish","5":"pwb-brand-ridex","6":"product_cat-polttoainepumppu","7":"desktop-align-left","8":"tablet-align-left","9":"mobile-align-left","11":"first","12":"instock","13":"product-type-external"},"brands":[{"id":157,"name":"RIDEX","slug":"ridex"}],"_links":{"self":[{"href":"https:\/\/www.autonvaraosahaku.fi\/index.php?rest_route=\/wp\/v2\/product\/46376","targetHints":{"allow":["GET"]}}],"collection":[{"href":"https:\/\/www.autonvaraosahaku.fi\/index.php?rest_route=\/wp\/v2\/product"}],"about":[{"href":"https:\/\/www.autonvaraosahaku.fi\/index.php?rest_route=\/wp\/v2\/types\/product"}],"wp:attachment":[{"href":"https:\/\/www.autonvaraosahaku.fi\/index.php?rest_route=%2Fwp%2Fv2%2Fmedia&parent=46376"}],"wp:term":[{"taxonomy":"pwb-brand","embeddable":true,"href":"https:\/\/www.autonvaraosahaku.fi\/index.php?rest_route=%2Fwp%2Fv2%2Fpwb-brand&post=46376"},{"taxonomy":"product_cat","embeddable":true,"href":"https:\/\/www.autonvaraosahaku.fi\/index.php?rest_route=%2Fwp%2Fv2%2Fproduct_cat&post=46376"},{"taxonomy":"product_tag","embeddable":true,"href":"https:\/\/www.autonvaraosahaku.fi\/index.php?rest_route=%2Fwp%2Fv2%2Fproduct_tag&post=46376"}],"curies":[{"name":"wp","href":"https:\/\/api.w.org\/{rel}","templated":true}]}}