{"id":46385,"date":"2021-02-21T17:12:05","date_gmt":"2021-02-21T17:12:05","guid":{"rendered":"https:\/\/www.autonvaraosahaku.fi\/?product=ridex-3926a0133-ilmamassamittari"},"modified":"2021-02-21T17:12:06","modified_gmt":"2021-02-21T17:12:06","slug":"ridex-3926a0133-ilmamassamittari","status":"publish","type":"product","link":"https:\/\/www.autonvaraosahaku.fi\/?product=ridex-3926a0133-ilmamassamittari","title":{"rendered":"RIDEX 3926A0133 Ilmamassamittari"},"content":{"rendered":"<p>Kotelomalli: Kopalla; J\u00e4nnite (V): 12; Liittimi\u00e4: 4; Pakokaasunormi: Euro 4 (D4); CHEVROLET: EPICA KL1_; LANCIA: YPSILON 843,MUSA 350; OPEL: COMBO Kasten\/Kombi X12,COMBO Tour X12; FORD: KA RU8; ALFA ROMEO: 147 937,MITO 955,GT 937; FIAT: GRANDE PUNTO 199,PANDA 169,500 312,STILO 192,BRAVO II 198,PUNTO EVO 199,DOBLO Cargo 223,500 C 312,STILO Multi Wagon 192,DOBLO 119,DOBLO Kasten\/Kombi 263,PANDA Van 169,PUNTO 199,IDEA,STRADA Pick-up 178E,MULTIPLA 186,DOBLO Gro\u00dfraumlimousine 152, 263,LINEA 323,PUNTO Van 199,DOBLO Pritsche\/Fahrgestell 263,GRANDE PUNTO Van 199_,PUNTO EVO Van 199_; VAUXHALL: COMBO Mk III D Kasten\/Kombi; 51782034, 55183650, 71789484, 71789485, 71793250, 96806111, 96806111, 51782034, 55183650, 71789484, 71789485, 71793250, 1542478, 9S5112B579AA, 51782034, 55183650, 71793250, 836016, 95513367, 95513367; Ilmam\u00e4\u00e4r\u00e4mittari,MAF Anturi<\/p>\n","protected":false},"excerpt":{"rendered":"<p>RIDEX Ilmamassamittari 3926A0133 Ilmam\u00e4\u00e4r\u00e4mittari,MAF Anturi CHEVROLET,LANCIA,OPEL,EPICA KL1_,YPSILON 843,MUSA 350,COMBO Kasten\/Kombi X12<\/p>\n","protected":false},"featured_media":0,"template":"","meta":{"site-sidebar-layout":"default","site-content-layout":"default","ast-global-header-display":"","ast-main-header-display":"","ast-hfb-above-header-display":"","ast-hfb-below-header-display":"","ast-hfb-mobile-header-display":"","site-post-title":"","ast-breadcrumbs-content":"","ast-featured-img":"","footer-sml-layout":"","theme-transparent-header-meta":"","adv-header-id-meta":"","stick-header-meta":"","header-above-stick-meta":"","header-main-stick-meta":"","header-below-stick-meta":""},"pwb-brand":[157],"product_cat":[270],"product_tag":[],"class_list":{"0":"post-46385","1":"product","2":"type-product","3":"status-publish","5":"pwb-brand-ridex","6":"product_cat-ilmamassamittari","7":"desktop-align-left","8":"tablet-align-left","9":"mobile-align-left","11":"first","12":"instock","13":"product-type-external"},"brands":[{"id":157,"name":"RIDEX","slug":"ridex"}],"_links":{"self":[{"href":"https:\/\/www.autonvaraosahaku.fi\/index.php?rest_route=\/wp\/v2\/product\/46385","targetHints":{"allow":["GET"]}}],"collection":[{"href":"https:\/\/www.autonvaraosahaku.fi\/index.php?rest_route=\/wp\/v2\/product"}],"about":[{"href":"https:\/\/www.autonvaraosahaku.fi\/index.php?rest_route=\/wp\/v2\/types\/product"}],"wp:attachment":[{"href":"https:\/\/www.autonvaraosahaku.fi\/index.php?rest_route=%2Fwp%2Fv2%2Fmedia&parent=46385"}],"wp:term":[{"taxonomy":"pwb-brand","embeddable":true,"href":"https:\/\/www.autonvaraosahaku.fi\/index.php?rest_route=%2Fwp%2Fv2%2Fpwb-brand&post=46385"},{"taxonomy":"product_cat","embeddable":true,"href":"https:\/\/www.autonvaraosahaku.fi\/index.php?rest_route=%2Fwp%2Fv2%2Fproduct_cat&post=46385"},{"taxonomy":"product_tag","embeddable":true,"href":"https:\/\/www.autonvaraosahaku.fi\/index.php?rest_route=%2Fwp%2Fv2%2Fproduct_tag&post=46385"}],"curies":[{"name":"wp","href":"https:\/\/api.w.org\/{rel}","templated":true}]}}