{"id":46393,"date":"2021-02-21T17:12:05","date_gmt":"2021-02-21T17:12:05","guid":{"rendered":"https:\/\/www.autonvaraosahaku.fi\/?product=elring-508-209-kampiakselin-tiiviste"},"modified":"2021-02-21T17:12:08","modified_gmt":"2021-02-21T17:12:08","slug":"elring-508-209-kampiakselin-tiiviste","status":"publish","type":"product","link":"https:\/\/www.autonvaraosahaku.fi\/?product=elring-508-209-kampiakselin-tiiviste","title":{"rendered":"ELRING 508.209 Kampiakselin tiiviste"},"content":{"rendered":"<p>Sis\u00e4l\u00e4pimitta [mm]: 90; Ulkol\u00e4pimitta [mm]: 110; Korkeus (mm): 7; Akselitiivisteen malli: ASW; Rihlamalli: Vasen kierre; Materiaali: FPM (fluori-kumi)\/APM (polyakryyli-kumi); Suojavaippa: Suojakumilla; Asennuspuoli: getriebeseitig; MAZDA: B-SERIE UN,BT-50 CD, UN,B-SERIE UF,MPV I LV,BT-50 Pritsche\/Fahrgestell CD, UN,B-SERIE Pritsche\/Fahrgestell UN,B-SERIE Pritsche\/Fahrgestell UF; LADA: NIVA 2121; LEXUS: IS I JCE1_, GXE1_,GS UZS161, JZS160,IS SportCross,GS JZS147,SC Coupe UZZ3_, JZZ3_; HYUNDAI: LANTRA II Wagon J-2,LANTRA II J-2; ROVER: 200 RF,200 Hatchback XW,400 Tourer XW,400 XW; SUZUKI: SAMURAI SJ,GRAND VITARA I FT,VITARA ET, TA,VITARA Cabrio ET, TA,BALENO Kombi EG,BALENO EG,BALENO Schr\u00e4gheck EG,VITARA ET,VITARA Cabrio ET; LANCIA: PHEDRA 179,ZETA 220; FORD: FOCUS II Kombi DA_,FOCUS II DA_,FOCUS C-MAX,C-MAX DM2,FOCUS II Stufenheck DA_,FOCUS II Cabriolet; TOYOTA: COROLLA Liftback _E11_,COROLLA Compact _E11_,COROLLA _E11_,COROLLA Wagon __E11_,SUPRA JZA80,CROWN Stufenheck JZS13_, YS13_, LS13_, GS13_; FIAT: DUCATO Pritsche\/Fahrgestell 230,DUCATO Bus 230,DUCATO Kasten 244,DUCATO Pritsche\/Fahrgestell 244,DUCATO Kasten 230L,ULYSSE 179AX,DUCATO Bus 244, Z_,ULYSSE 220,SCUDO Kasten 220L,SCUDO Combinato 220P,SCUDO Pritsche\/Fahrgestell 220_; 012728, 93501714, 93510910, 9614379380, 9614379380, 3M5Q6701BC, 2322129000, 9614379380, 012728, 9614379380, 1131486CA1, SU00100060; Akselitiiviste, Kampiakseli<\/p>\n","protected":false},"excerpt":{"rendered":"<p>ELRING Kampiakselin Tiiviste 508.209 Akselitiiviste, Kampiakseli MAZDA,LADA,LEXUS,B-SERIE UN,BT-50 CD, UN,B-SERIE UF,MPV I LV<\/p>\n","protected":false},"featured_media":0,"template":"","meta":{"site-sidebar-layout":"default","site-content-layout":"default","ast-global-header-display":"","ast-main-header-display":"","ast-hfb-above-header-display":"","ast-hfb-below-header-display":"","ast-hfb-mobile-header-display":"","site-post-title":"","ast-breadcrumbs-content":"","ast-featured-img":"","footer-sml-layout":"","theme-transparent-header-meta":"","adv-header-id-meta":"","stick-header-meta":"","header-above-stick-meta":"","header-main-stick-meta":"","header-below-stick-meta":""},"pwb-brand":[26],"product_cat":[88],"product_tag":[],"class_list":{"0":"post-46393","1":"product","2":"type-product","3":"status-publish","5":"pwb-brand-elring","6":"product_cat-kampiakselin-tiiviste","7":"desktop-align-left","8":"tablet-align-left","9":"mobile-align-left","11":"first","12":"instock","13":"product-type-external"},"brands":[{"id":26,"name":"ELRING","slug":"elring"}],"_links":{"self":[{"href":"https:\/\/www.autonvaraosahaku.fi\/index.php?rest_route=\/wp\/v2\/product\/46393","targetHints":{"allow":["GET"]}}],"collection":[{"href":"https:\/\/www.autonvaraosahaku.fi\/index.php?rest_route=\/wp\/v2\/product"}],"about":[{"href":"https:\/\/www.autonvaraosahaku.fi\/index.php?rest_route=\/wp\/v2\/types\/product"}],"wp:attachment":[{"href":"https:\/\/www.autonvaraosahaku.fi\/index.php?rest_route=%2Fwp%2Fv2%2Fmedia&parent=46393"}],"wp:term":[{"taxonomy":"pwb-brand","embeddable":true,"href":"https:\/\/www.autonvaraosahaku.fi\/index.php?rest_route=%2Fwp%2Fv2%2Fpwb-brand&post=46393"},{"taxonomy":"product_cat","embeddable":true,"href":"https:\/\/www.autonvaraosahaku.fi\/index.php?rest_route=%2Fwp%2Fv2%2Fproduct_cat&post=46393"},{"taxonomy":"product_tag","embeddable":true,"href":"https:\/\/www.autonvaraosahaku.fi\/index.php?rest_route=%2Fwp%2Fv2%2Fproduct_tag&post=46393"}],"curies":[{"name":"wp","href":"https:\/\/api.w.org\/{rel}","templated":true}]}}