{"id":46412,"date":"2021-02-21T17:12:10","date_gmt":"2021-02-21T17:12:10","guid":{"rendered":"https:\/\/www.autonvaraosahaku.fi\/?product=brembo-p-50-026-jarrupalat"},"modified":"2021-02-21T17:12:13","modified_gmt":"2021-02-21T17:12:13","slug":"brembo-p-50-026-jarrupalat","status":"publish","type":"product","link":"https:\/\/www.autonvaraosahaku.fi\/?product=brembo-p-50-026-jarrupalat","title":{"rendered":"BREMBO P 50 026 Jarrupalat"},"content":{"rendered":"<p>WVA-numero: 21794, 21670; Leveys 2 (mm): 155,2; Leveys 1 (mm): 156,4; Jarruj\u00e4rjestelm\u00e4: Teves; Kulumisenilmaisimen liitos: Kulumisenilmaisemelle; Korkeus 2 (mm): 69,3; Korkeus 1 (mm): 63,5; Paksuus [mm]: 20,3; M\u00e4\u00e4r\u00e4yksikk\u00f6: Akselisarja; Asennuspuoli: Vorderachse; MERCEDES-BENZ: SLK R170,E-CLASS W210,E-CLASS Kombi S210,CLK C208,S-CLASS W220,CLK Cabriolet A208; CHRYSLER: CROSSFIRE,CROSSFIRE Roadster; 00K05139218AB, 05114555AA, 05139218AA, 5114555AA, 5139218AA, 0024204520, 0024205020, 0034202920, 0034208320, 0044200320, A0024204520, A0024205020, A0034202920, A0034208320, A0044200320; Jarrupalasarja,Jarrupala, Levyjarru<\/p>\n","protected":false},"excerpt":{"rendered":"<p>BREMBO Jarrupalat P 50 026 Jarrupalasarja,Jarrupala, Levyjarru MERCEDES-BENZ,CHRYSLER,SLK R170,E-CLASS W210,E-CLASS Kombi S210,CLK C208,S-CLASS W220<\/p>\n","protected":false},"featured_media":0,"template":"","meta":{"site-sidebar-layout":"default","site-content-layout":"default","ast-global-header-display":"","ast-main-header-display":"","ast-hfb-above-header-display":"","ast-hfb-below-header-display":"","ast-hfb-mobile-header-display":"","site-post-title":"","ast-breadcrumbs-content":"","ast-featured-img":"","footer-sml-layout":"","theme-transparent-header-meta":"","adv-header-id-meta":"","stick-header-meta":"","header-above-stick-meta":"","header-main-stick-meta":"","header-below-stick-meta":""},"pwb-brand":[146],"product_cat":[100],"product_tag":[],"class_list":{"0":"post-46412","1":"product","2":"type-product","3":"status-publish","5":"pwb-brand-brembo","6":"product_cat-jarrupalat","7":"desktop-align-left","8":"tablet-align-left","9":"mobile-align-left","11":"first","12":"instock","13":"product-type-external"},"brands":[{"id":146,"name":"BREMBO","slug":"brembo"}],"_links":{"self":[{"href":"https:\/\/www.autonvaraosahaku.fi\/index.php?rest_route=\/wp\/v2\/product\/46412","targetHints":{"allow":["GET"]}}],"collection":[{"href":"https:\/\/www.autonvaraosahaku.fi\/index.php?rest_route=\/wp\/v2\/product"}],"about":[{"href":"https:\/\/www.autonvaraosahaku.fi\/index.php?rest_route=\/wp\/v2\/types\/product"}],"wp:attachment":[{"href":"https:\/\/www.autonvaraosahaku.fi\/index.php?rest_route=%2Fwp%2Fv2%2Fmedia&parent=46412"}],"wp:term":[{"taxonomy":"pwb-brand","embeddable":true,"href":"https:\/\/www.autonvaraosahaku.fi\/index.php?rest_route=%2Fwp%2Fv2%2Fpwb-brand&post=46412"},{"taxonomy":"product_cat","embeddable":true,"href":"https:\/\/www.autonvaraosahaku.fi\/index.php?rest_route=%2Fwp%2Fv2%2Fproduct_cat&post=46412"},{"taxonomy":"product_tag","embeddable":true,"href":"https:\/\/www.autonvaraosahaku.fi\/index.php?rest_route=%2Fwp%2Fv2%2Fproduct_tag&post=46412"}],"curies":[{"name":"wp","href":"https:\/\/api.w.org\/{rel}","templated":true}]}}