{"id":46422,"date":"2021-02-21T17:12:16","date_gmt":"2021-02-21T17:12:16","guid":{"rendered":"https:\/\/www.autonvaraosahaku.fi\/?product=beru-uxk56-sytytystulpat"},"modified":"2021-02-21T17:12:16","modified_gmt":"2021-02-21T17:12:16","slug":"beru-uxk56-sytytystulpat","status":"publish","type":"product","link":"https:\/\/www.autonvaraosahaku.fi\/?product=beru-uxk56-sytytystulpat","title":{"rendered":"BERU UXK56 Sytytystulpat"},"content":{"rendered":"<p>Liittimet: SAE\/M4; Kierremitta: M14x1,25; Avainv\u00e4li: 16 mm; Kiristysmomentti: 15; Sytytystulppa: 4-maaelektroodia; Kierteen pituus (mm): 19; Itsepalvelupakattu, katso osaluettelo: ; Tuotelinja: ULTRA X; Tarvittava kappalem\u00e4\u00e4r\u00e4: 4; MAZDA: TRIBUTE EP; VOLVO: 240 Kombi P245,240 P242, P244,760 704, 764,760 Kombi 704, 765,260 P262, P264,260 Coupe P262,260 Kombi P265,780; MERCEDES-BENZ: 190 W201; OPEL: MANTA B 58_, 59_,ASCONA B 81_, 86_, 87_, 88_; CITRO\u00cbN: BX XB-_,CX II,BX Break XB-_,C15 VD-_,VISA Cabriolet,CX II Break,C15 Kombi,OLTCIT; PEUGEOT: 205 II 20A\/C,205 I Cabriolet 741B, 20D,205 I 741A\/C,309 I 10C, 10A,505 551A,104,305 II 581M,505 Break 551D,104 Coupe,305 II Break 581E; RENAULT: ESPACE II J\/S63_,5 122_,ESPACE I J11_,21 Stufenheck L48_,25 B29_,18 134_,21 Kombi K48_,18 Variable 135_,30 127_,FUEGO 136_,21 B48_,20 127_,14 121_; ALPINE: A310,V6; TALBOT: SAMBA 51A,TAGORA; AUSTIN: AMBASSADOR; Tulpat,Sytytystulppa<\/p>\n","protected":false},"excerpt":{"rendered":"<p>BERU Sytytystulpat UXK56 Tulpat,Sytytystulppa MAZDA,VOLVO,MERCEDES-BENZ,TRIBUTE EP,240 Kombi P245,240 P242, P244,760 704, 764,760 Kombi 704, 765<\/p>\n","protected":false},"featured_media":0,"template":"","meta":{"site-sidebar-layout":"default","site-content-layout":"default","ast-global-header-display":"","ast-main-header-display":"","ast-hfb-above-header-display":"","ast-hfb-below-header-display":"","ast-hfb-mobile-header-display":"","site-post-title":"","ast-breadcrumbs-content":"","ast-featured-img":"","footer-sml-layout":"","theme-transparent-header-meta":"","adv-header-id-meta":"","stick-header-meta":"","header-above-stick-meta":"","header-main-stick-meta":"","header-below-stick-meta":""},"pwb-brand":[327],"product_cat":[165],"product_tag":[],"class_list":{"0":"post-46422","1":"product","2":"type-product","3":"status-publish","5":"pwb-brand-beru","6":"product_cat-sytytystulpat","7":"desktop-align-left","8":"tablet-align-left","9":"mobile-align-left","11":"first","12":"instock","13":"product-type-external"},"brands":[{"id":327,"name":"BERU","slug":"beru"}],"_links":{"self":[{"href":"https:\/\/www.autonvaraosahaku.fi\/index.php?rest_route=\/wp\/v2\/product\/46422","targetHints":{"allow":["GET"]}}],"collection":[{"href":"https:\/\/www.autonvaraosahaku.fi\/index.php?rest_route=\/wp\/v2\/product"}],"about":[{"href":"https:\/\/www.autonvaraosahaku.fi\/index.php?rest_route=\/wp\/v2\/types\/product"}],"wp:attachment":[{"href":"https:\/\/www.autonvaraosahaku.fi\/index.php?rest_route=%2Fwp%2Fv2%2Fmedia&parent=46422"}],"wp:term":[{"taxonomy":"pwb-brand","embeddable":true,"href":"https:\/\/www.autonvaraosahaku.fi\/index.php?rest_route=%2Fwp%2Fv2%2Fpwb-brand&post=46422"},{"taxonomy":"product_cat","embeddable":true,"href":"https:\/\/www.autonvaraosahaku.fi\/index.php?rest_route=%2Fwp%2Fv2%2Fproduct_cat&post=46422"},{"taxonomy":"product_tag","embeddable":true,"href":"https:\/\/www.autonvaraosahaku.fi\/index.php?rest_route=%2Fwp%2Fv2%2Fproduct_tag&post=46422"}],"curies":[{"name":"wp","href":"https:\/\/api.w.org\/{rel}","templated":true}]}}