{"id":46423,"date":"2021-02-21T17:12:16","date_gmt":"2021-02-21T17:12:16","guid":{"rendered":"https:\/\/www.autonvaraosahaku.fi\/?product=elring-832-413-muut-luokat"},"modified":"2021-02-21T17:12:17","modified_gmt":"2021-02-21T17:12:17","slug":"elring-832-413-muut-luokat","status":"publish","type":"product","link":"https:\/\/www.autonvaraosahaku.fi\/?product=elring-832-413-muut-luokat","title":{"rendered":"ELRING 832.413 Muut luokat"},"content":{"rendered":"<p>Sis\u00e4l\u00e4pimitta [mm]: 10; Ulkol\u00e4pimitta [mm]: 20,1; Paksuus [mm]: 2,62; Materiaali: Ter\u00e4s; Tarvittava kappalem\u00e4\u00e4r\u00e4: 4; MERCEDES-BENZ: Stufenheck W123,S-CLASS W126,G-CLASS W460,COUPE C123,S-CLASS W116,KOMBI Kombi S123,T1 Bus 601,100 Bus 631,T1 Pritsche\/Fahrgestell 602,T2\/L Kasten\/Kombi,T1 Kasten 602,100 Kasten 631,T1 Pritsche\/Fahrgestell 601,T2\/LN1 Kasten\/Kombi,T1 Kasten 601,100 Pritsche\/Fahrgestell 631,T2\/L Pritsche\/Fahrgestell,T1\/TN Pritsche\/Fahrgestell,T2\/LN1 Pritsche\/Fahrgestell,T1\/TN Kasten\/Kombi,T2\/LN1 Kipper,O 309,UNIMOG; SEAT: 132; PUCH: G-MODELL W 460; 6170170360<\/p>\n","protected":false},"excerpt":{"rendered":"<p>ELRING L\u00e4mp\u00f6suojalevy, Ruiskutusj\u00e4rj. 832.413  MERCEDES-BENZ,SEAT,PUCH,Stufenheck W123,S-CLASS W126,G-CLASS W460,COUPE C123,S-CLASS W116<\/p>\n","protected":false},"featured_media":0,"template":"","meta":{"site-sidebar-layout":"default","site-content-layout":"default","ast-global-header-display":"","ast-main-header-display":"","ast-hfb-above-header-display":"","ast-hfb-below-header-display":"","ast-hfb-mobile-header-display":"","site-post-title":"","ast-breadcrumbs-content":"","ast-featured-img":"","footer-sml-layout":"","theme-transparent-header-meta":"","adv-header-id-meta":"","stick-header-meta":"","header-above-stick-meta":"","header-main-stick-meta":"","header-below-stick-meta":""},"pwb-brand":[26],"product_cat":[37],"product_tag":[],"class_list":{"0":"post-46423","1":"product","2":"type-product","3":"status-publish","5":"pwb-brand-elring","6":"product_cat-muut-luokat","7":"desktop-align-left","8":"tablet-align-left","9":"mobile-align-left","11":"first","12":"instock","13":"product-type-external"},"brands":[{"id":26,"name":"ELRING","slug":"elring"}],"_links":{"self":[{"href":"https:\/\/www.autonvaraosahaku.fi\/index.php?rest_route=\/wp\/v2\/product\/46423","targetHints":{"allow":["GET"]}}],"collection":[{"href":"https:\/\/www.autonvaraosahaku.fi\/index.php?rest_route=\/wp\/v2\/product"}],"about":[{"href":"https:\/\/www.autonvaraosahaku.fi\/index.php?rest_route=\/wp\/v2\/types\/product"}],"wp:attachment":[{"href":"https:\/\/www.autonvaraosahaku.fi\/index.php?rest_route=%2Fwp%2Fv2%2Fmedia&parent=46423"}],"wp:term":[{"taxonomy":"pwb-brand","embeddable":true,"href":"https:\/\/www.autonvaraosahaku.fi\/index.php?rest_route=%2Fwp%2Fv2%2Fpwb-brand&post=46423"},{"taxonomy":"product_cat","embeddable":true,"href":"https:\/\/www.autonvaraosahaku.fi\/index.php?rest_route=%2Fwp%2Fv2%2Fproduct_cat&post=46423"},{"taxonomy":"product_tag","embeddable":true,"href":"https:\/\/www.autonvaraosahaku.fi\/index.php?rest_route=%2Fwp%2Fv2%2Fproduct_tag&post=46423"}],"curies":[{"name":"wp","href":"https:\/\/api.w.org\/{rel}","templated":true}]}}