{"id":46424,"date":"2021-02-21T17:12:16","date_gmt":"2021-02-21T17:12:16","guid":{"rendered":"https:\/\/www.autonvaraosahaku.fi\/?product=elring-196-890-imusarjan-tiivisteet"},"modified":"2021-02-21T17:12:17","modified_gmt":"2021-02-21T17:12:17","slug":"elring-196-890-imusarjan-tiivisteet","status":"publish","type":"product","link":"https:\/\/www.autonvaraosahaku.fi\/?product=elring-196-890-imusarjan-tiivisteet","title":{"rendered":"ELRING 196.890 Imusarjan tiivisteet"},"content":{"rendered":"<p>Asennuspuoli: Sylinterikansi; Tarvittava kappalem\u00e4\u00e4r\u00e4: 4; TOYOTA: LAND CRUISER KDJ12_, GRJ12_,LAND CRUISER 90 _J9_,LAND CRUISER PZJ7_, KZJ7_, HZJ7_, BJ7_, LJ7_, RJ7_,LAND CRUISER 80 _J8_,HILUX VI Pick-up _N1_,HILUX V Pick-up LN_, KZN1_, VZN1_,4 RUNNER RN10_, VZN13_, VZN10_, RN13_,4 RUNNER KZN18_, VZN18_, RZN18_,HIACE III Wagon LH1_, RZH1_,LAND CRUISER Hardtop _J7_,HILUX II Pritsche\/Fahrgestell LN6_, LN5_, YN6_, YN5_, VZN1_,HIACE III Kasten YH7_, LH6_, LH7_, LH5_, YH5_, YH6_,HILUX Gel\u00e4ndewagen geschlossen RZN1_, LN1_,HILUX Gel\u00e4ndewagen geschlossen ZN13_, LN9_, RN1_, YN8_, LN8; 1717767010, 1717767011; Tiiviste, Imusarja<\/p>\n","protected":false},"excerpt":{"rendered":"<p>ELRING Imusarjan Tiivisteet 196.890 Tiiviste, Imusarja TOYOTA,LAND CRUISER KDJ12_, GRJ12_,LAND CRUISER 90 _J9_<\/p>\n","protected":false},"featured_media":0,"template":"","meta":{"site-sidebar-layout":"default","site-content-layout":"default","ast-global-header-display":"","ast-main-header-display":"","ast-hfb-above-header-display":"","ast-hfb-below-header-display":"","ast-hfb-mobile-header-display":"","site-post-title":"","ast-breadcrumbs-content":"","ast-featured-img":"","footer-sml-layout":"","theme-transparent-header-meta":"","adv-header-id-meta":"","stick-header-meta":"","header-above-stick-meta":"","header-main-stick-meta":"","header-below-stick-meta":""},"pwb-brand":[26],"product_cat":[43],"product_tag":[],"class_list":{"0":"post-46424","1":"product","2":"type-product","3":"status-publish","5":"pwb-brand-elring","6":"product_cat-imusarjan-tiivisteet","7":"desktop-align-left","8":"tablet-align-left","9":"mobile-align-left","11":"first","12":"instock","13":"product-type-external"},"brands":[{"id":26,"name":"ELRING","slug":"elring"}],"_links":{"self":[{"href":"https:\/\/www.autonvaraosahaku.fi\/index.php?rest_route=\/wp\/v2\/product\/46424","targetHints":{"allow":["GET"]}}],"collection":[{"href":"https:\/\/www.autonvaraosahaku.fi\/index.php?rest_route=\/wp\/v2\/product"}],"about":[{"href":"https:\/\/www.autonvaraosahaku.fi\/index.php?rest_route=\/wp\/v2\/types\/product"}],"wp:attachment":[{"href":"https:\/\/www.autonvaraosahaku.fi\/index.php?rest_route=%2Fwp%2Fv2%2Fmedia&parent=46424"}],"wp:term":[{"taxonomy":"pwb-brand","embeddable":true,"href":"https:\/\/www.autonvaraosahaku.fi\/index.php?rest_route=%2Fwp%2Fv2%2Fpwb-brand&post=46424"},{"taxonomy":"product_cat","embeddable":true,"href":"https:\/\/www.autonvaraosahaku.fi\/index.php?rest_route=%2Fwp%2Fv2%2Fproduct_cat&post=46424"},{"taxonomy":"product_tag","embeddable":true,"href":"https:\/\/www.autonvaraosahaku.fi\/index.php?rest_route=%2Fwp%2Fv2%2Fproduct_tag&post=46424"}],"curies":[{"name":"wp","href":"https:\/\/api.w.org\/{rel}","templated":true}]}}