{"id":46428,"date":"2021-02-21T17:12:16","date_gmt":"2021-02-21T17:12:16","guid":{"rendered":"https:\/\/www.autonvaraosahaku.fi\/?product=pierburg-7-01633-04-0-turboahdin"},"modified":"2021-02-21T17:12:18","modified_gmt":"2021-02-21T17:12:18","slug":"pierburg-7-01633-04-0-turboahdin","status":"publish","type":"product","link":"https:\/\/www.autonvaraosahaku.fi\/?product=pierburg-7-01633-04-0-turboahdin","title":{"rendered":"PIERBURG 7.01633.04.0 Turboahdin"},"content":{"rendered":"<p>Venttiilimalli: Magneettiventtiili; K\u00e4ytt\u00f6: S\u00e4hk\u00f6-pneumaattinen; J\u00e4nnite (V): 12; Teknisten tietojen numero: SI 0096; TECDOC-moottorinumero: 24689; LANCIA: PHEDRA 179; FIAT: SCUDO 270_,ULYSSE 179AX,SCUDO Kasten 270_,SCUDO Pritsche\/Fahrgestell 270_; CITRO\u00cbN: C5 III Break TD_,C4 Picasso I UD_,C8 EA_, EB_,C4 I LC_,C5 II Break RE_,C5 III RD_,C4 Coupe LA_,C5 II RC_,JUMPY,C6 TD_,JUMPY Kasten; PEUGEOT: 307 SW 3H,307 CC 3B,407 SW 6E_,307 3A\/C,308 SW,807 E,308 4A_, 4C_,307 Break 3E,607 9D, 9U,407 6D_,308 CC,407 Coupe 6C_,EXPERT Kasten VF3A_, VF3U_, VF3X_,EXPERT Pritsche\/Fahrgestell; 1618X2, 9661960380, 9661960380, 1618X2; Paineenmuuntaja, Turboahdin<\/p>\n","protected":false},"excerpt":{"rendered":"<p>PIERBURG Painemuunnin 7.01633.04.0 Paineenmuuntaja, Turboahdin LANCIA,FIAT,CITRO\u00cbN,PHEDRA 179,SCUDO 270_,ULYSSE 179AX,SCUDO Kasten 270_<\/p>\n","protected":false},"featured_media":0,"template":"","meta":{"site-sidebar-layout":"default","site-content-layout":"default","ast-global-header-display":"","ast-main-header-display":"","ast-hfb-above-header-display":"","ast-hfb-below-header-display":"","ast-hfb-mobile-header-display":"","site-post-title":"","ast-breadcrumbs-content":"","ast-featured-img":"","footer-sml-layout":"","theme-transparent-header-meta":"","adv-header-id-meta":"","stick-header-meta":"","header-above-stick-meta":"","header-main-stick-meta":"","header-below-stick-meta":""},"pwb-brand":[380],"product_cat":[250],"product_tag":[],"class_list":{"0":"post-46428","1":"product","2":"type-product","3":"status-publish","5":"pwb-brand-pierburg","6":"product_cat-turboahdin","7":"desktop-align-left","8":"tablet-align-left","9":"mobile-align-left","11":"first","12":"instock","13":"product-type-external"},"brands":[{"id":380,"name":"PIERBURG","slug":"pierburg"}],"_links":{"self":[{"href":"https:\/\/www.autonvaraosahaku.fi\/index.php?rest_route=\/wp\/v2\/product\/46428","targetHints":{"allow":["GET"]}}],"collection":[{"href":"https:\/\/www.autonvaraosahaku.fi\/index.php?rest_route=\/wp\/v2\/product"}],"about":[{"href":"https:\/\/www.autonvaraosahaku.fi\/index.php?rest_route=\/wp\/v2\/types\/product"}],"wp:attachment":[{"href":"https:\/\/www.autonvaraosahaku.fi\/index.php?rest_route=%2Fwp%2Fv2%2Fmedia&parent=46428"}],"wp:term":[{"taxonomy":"pwb-brand","embeddable":true,"href":"https:\/\/www.autonvaraosahaku.fi\/index.php?rest_route=%2Fwp%2Fv2%2Fpwb-brand&post=46428"},{"taxonomy":"product_cat","embeddable":true,"href":"https:\/\/www.autonvaraosahaku.fi\/index.php?rest_route=%2Fwp%2Fv2%2Fproduct_cat&post=46428"},{"taxonomy":"product_tag","embeddable":true,"href":"https:\/\/www.autonvaraosahaku.fi\/index.php?rest_route=%2Fwp%2Fv2%2Fproduct_tag&post=46428"}],"curies":[{"name":"wp","href":"https:\/\/api.w.org\/{rel}","templated":true}]}}