{"id":46467,"date":"2021-02-21T17:12:26","date_gmt":"2021-02-21T17:12:26","guid":{"rendered":"https:\/\/www.autonvaraosahaku.fi\/?product=trw-jhm419t-iskunvaimennin"},"modified":"2021-02-21T17:12:28","modified_gmt":"2021-02-21T17:12:28","slug":"trw-jhm419t-iskunvaimennin","status":"publish","type":"product","link":"https:\/\/www.autonvaraosahaku.fi\/?product=trw-jhm419t-iskunvaimennin","title":{"rendered":"TRW JHM419T Iskunvaimennin"},"content":{"rendered":"<p>Asennuspuoli: Etuakseli; Lukum\u00e4\u00e4r\u00e4 akselille: 1; Iskunvaimennin tyyppi: \u00d6ljypaine; Iskunvaimennin malli: Joustintuki; Iskunvaimennusj\u00e4rjestelm\u00e4: Kaksiputki; Iskunvaimennin asennustapa: Tappi ylh\u00e4\u00e4ll\u00e4; L\u00e4pimitta [mm]: 51; Kierremitta: M14x1,5; Pituus 1 (mm): 481; Pituus 2 (mm): 302; M\u00e4nn\u00e4nvarren l\u00e4pimitta [mm]: 20; Huomioi tekniset tiedot: ; Tuotelinja: TWIN; CITRO\u00cbN: C15 VD-_,C15 Kombi; PEUGEOT: 205 II 20A\/C,205 I Cabriolet 741B, 20D,309 II 3C, 3A,205 I 741A\/C,309 I 10C, 10A,104,104 Coupe,205 Kasten; 91516880, 9455304219, 520217, 520241, 520254, 520269, 520314, 520315, 520657; Iskarit,Iskunvaimennin<\/p>\n","protected":false},"excerpt":{"rendered":"<p>TRW Iskunvaimentimet JHM419T Iskarit,Iskunvaimennin CITRO\u00cbN,PEUGEOT,C15 VD-_,C15 Kombi,205 II 20A\/C,205 I Cabriolet 741B, 20D,309 II 3C, 3A<\/p>\n","protected":false},"featured_media":0,"template":"","meta":{"site-sidebar-layout":"default","site-content-layout":"default","ast-global-header-display":"","ast-main-header-display":"","ast-hfb-above-header-display":"","ast-hfb-below-header-display":"","ast-hfb-mobile-header-display":"","site-post-title":"","ast-breadcrumbs-content":"","ast-featured-img":"","footer-sml-layout":"","theme-transparent-header-meta":"","adv-header-id-meta":"","stick-header-meta":"","header-above-stick-meta":"","header-main-stick-meta":"","header-below-stick-meta":""},"pwb-brand":[332],"product_cat":[80],"product_tag":[],"class_list":{"0":"post-46467","1":"product","2":"type-product","3":"status-publish","5":"pwb-brand-trw","6":"product_cat-iskunvaimennin","7":"desktop-align-left","8":"tablet-align-left","9":"mobile-align-left","11":"first","12":"instock","13":"product-type-external"},"brands":[{"id":332,"name":"TRW","slug":"trw"}],"_links":{"self":[{"href":"https:\/\/www.autonvaraosahaku.fi\/index.php?rest_route=\/wp\/v2\/product\/46467","targetHints":{"allow":["GET"]}}],"collection":[{"href":"https:\/\/www.autonvaraosahaku.fi\/index.php?rest_route=\/wp\/v2\/product"}],"about":[{"href":"https:\/\/www.autonvaraosahaku.fi\/index.php?rest_route=\/wp\/v2\/types\/product"}],"wp:attachment":[{"href":"https:\/\/www.autonvaraosahaku.fi\/index.php?rest_route=%2Fwp%2Fv2%2Fmedia&parent=46467"}],"wp:term":[{"taxonomy":"pwb-brand","embeddable":true,"href":"https:\/\/www.autonvaraosahaku.fi\/index.php?rest_route=%2Fwp%2Fv2%2Fpwb-brand&post=46467"},{"taxonomy":"product_cat","embeddable":true,"href":"https:\/\/www.autonvaraosahaku.fi\/index.php?rest_route=%2Fwp%2Fv2%2Fproduct_cat&post=46467"},{"taxonomy":"product_tag","embeddable":true,"href":"https:\/\/www.autonvaraosahaku.fi\/index.php?rest_route=%2Fwp%2Fv2%2Fproduct_tag&post=46467"}],"curies":[{"name":"wp","href":"https:\/\/api.w.org\/{rel}","templated":true}]}}