{"id":46470,"date":"2021-02-21T17:12:26","date_gmt":"2021-02-21T17:12:26","guid":{"rendered":"https:\/\/www.autonvaraosahaku.fi\/?product=swag-81-93-0263-kierretulppa"},"modified":"2021-02-21T17:12:29","modified_gmt":"2021-02-21T17:12:29","slug":"swag-81-93-0263-kierretulppa","status":"publish","type":"product","link":"https:\/\/www.autonvaraosahaku.fi\/?product=swag-81-93-0263-kierretulppa","title":{"rendered":"SWAG 81 93 0263 Kierretulppa"},"content":{"rendered":"<p>Paksuus [mm]: 1,6; Sis\u00e4l\u00e4pimitta [mm]: 12,3; Ulkol\u00e4pimitta [mm]: 21,0; Materiaali: Alumiini, Alumiini; Paino [kg]: 0,001, 0,001; Huomioi tekniset tiedot: ; LEXUS: IS II GSE2_, ALE2_, USE2_,RX MHU3_, GSU3_, MCU3_,IS I JCE1_, GXE1_,GS GRS19_, UZS19_, GWS19_,RX GYL1_, GGL15, AGL10,CT ZWA1_,GS UZS161, JZS160,IS SportCross,RX MCU15,IS III GSE3_, AVE3_,LS UVF4_, USF4_,LS UCF20,GS GRL1_, GWL1_,LS UCF30,GS JZS147,IS C GSE2_,LX URJ201,GX _J12_,ES AVV6_, GSV6_, ASV6_,ES GSV4_, ACV4_,ES F1, F2,ES MCV_, VZV_,RX _L2_,LS VXFA5_; DAIHATSU: SIRION M3_,CUORE VII L251,CUORE VIII,MATERIA M4_,TERIOS J2_,TREVIS,SIRION M1,COPEN L880_, L881_; TOYOTA: YARIS SCP9_, NSP9_, KSP9_, NCP9_, ZSP9_,YARIS SCP1_, NLP1_, NCP1_,AVENSIS Kombi T25,COROLLA Verso ZER_, ZZE12_, R1_,AYGO WNB1_, KGB1_,AURIS NRE15_, ZZE15_, ADE15_, ZRE15_, NDE15_,RAV 4 III ACA3_, ACE_, ALA3_, GSA3_, ZSA3_,RAV 4 II CLA2_, XA2_, ZCA2_, ACA2_,COROLLA ZZE12_, NDE12_, ZDE12_,AVENSIS Station Wagon ZRT27, ADT27,AVENSIS T25_,YARIS VERSO _NLP2_, _NCP2_,YARIS NHP13_, NSP13_, NCP13_, KSP13_, NLP13_,AURIS NZE18_, ZRE18_,COROLLA Kombi _E12J_, _E12T_,PRIUS Liftback NHW20_,AVENSIS Stufenheck T25,AVENSIS _T22_,COROLLA Liftback _E11_,AURIS TOURING SPORTS ADE18_, ZWE18_, ZRE18_,IQ KPJ1_, NGJ1_, KGJ1_, NUJ1_,COROLLA Compact _E11_,AVENSIS Station Wagon _T22_,COROLLA Verso ZDE12_, CDE12_,CELICA ZZT23_,PRIUS ZVW3_,AVENSIS Stufenheck ZRT27, ADT27,RAV 4 IV ZSA4_, ALA4_,PREVIA MCR3_, ACR3_, CLR3_,LAND CRUISER KDJ12_, GRJ12_,HILUX III Pick-up TGN1_, GGN2_, GGN1_, KUN2_, KUN1_,VERSO S NLP12_, NCP12_, NSP12_,COROLLA Stufenheck _E12J_, _E12T_,AVENSIS Liftback _T22_,LAND CRUISER 90 _J9_,; 9004430281, 9008043037, 9043012031, 9008043037, 9043012031, 9008043037, 9043012031; Tiiviste, \u00d6ljynlaskutulppa<\/p>\n","protected":false},"excerpt":{"rendered":"<p>SWAG \u00d6ljytulpan Tiiviste 81 93 0263 Tiiviste, \u00d6ljynlaskutulppa LEXUS,DAIHATSU,TOYOTA,IS II GSE2_, ALE2_, USE2_,RX MHU3_, GSU3_, MCU3_<\/p>\n","protected":false},"featured_media":0,"template":"","meta":{"site-sidebar-layout":"default","site-content-layout":"default","ast-global-header-display":"","ast-main-header-display":"","ast-hfb-above-header-display":"","ast-hfb-below-header-display":"","ast-hfb-mobile-header-display":"","site-post-title":"","ast-breadcrumbs-content":"","ast-featured-img":"","footer-sml-layout":"","theme-transparent-header-meta":"","adv-header-id-meta":"","stick-header-meta":"","header-above-stick-meta":"","header-main-stick-meta":"","header-below-stick-meta":""},"pwb-brand":[103],"product_cat":[40],"product_tag":[],"class_list":{"0":"post-46470","1":"product","2":"type-product","3":"status-publish","5":"pwb-brand-swag","6":"product_cat-kierretulppa","7":"desktop-align-left","8":"tablet-align-left","9":"mobile-align-left","11":"first","12":"instock","13":"product-type-external"},"brands":[{"id":103,"name":"SWAG","slug":"swag"}],"_links":{"self":[{"href":"https:\/\/www.autonvaraosahaku.fi\/index.php?rest_route=\/wp\/v2\/product\/46470","targetHints":{"allow":["GET"]}}],"collection":[{"href":"https:\/\/www.autonvaraosahaku.fi\/index.php?rest_route=\/wp\/v2\/product"}],"about":[{"href":"https:\/\/www.autonvaraosahaku.fi\/index.php?rest_route=\/wp\/v2\/types\/product"}],"wp:attachment":[{"href":"https:\/\/www.autonvaraosahaku.fi\/index.php?rest_route=%2Fwp%2Fv2%2Fmedia&parent=46470"}],"wp:term":[{"taxonomy":"pwb-brand","embeddable":true,"href":"https:\/\/www.autonvaraosahaku.fi\/index.php?rest_route=%2Fwp%2Fv2%2Fpwb-brand&post=46470"},{"taxonomy":"product_cat","embeddable":true,"href":"https:\/\/www.autonvaraosahaku.fi\/index.php?rest_route=%2Fwp%2Fv2%2Fproduct_cat&post=46470"},{"taxonomy":"product_tag","embeddable":true,"href":"https:\/\/www.autonvaraosahaku.fi\/index.php?rest_route=%2Fwp%2Fv2%2Fproduct_tag&post=46470"}],"curies":[{"name":"wp","href":"https:\/\/api.w.org\/{rel}","templated":true}]}}