{"id":46471,"date":"2021-02-21T17:12:26","date_gmt":"2021-02-21T17:12:26","guid":{"rendered":"https:\/\/www.autonvaraosahaku.fi\/?product=trw-jgt420t-iskunvaimennin"},"modified":"2021-02-21T17:12:29","modified_gmt":"2021-02-21T17:12:29","slug":"trw-jgt420t-iskunvaimennin","status":"publish","type":"product","link":"https:\/\/www.autonvaraosahaku.fi\/?product=trw-jgt420t-iskunvaimennin","title":{"rendered":"TRW JGT420T Iskunvaimennin"},"content":{"rendered":"<p>Lukum\u00e4\u00e4r\u00e4 akselille: 1; Asennuspuoli: Taka-akseli; Iskunvaimennin tyyppi: Kaasupaine; Iskunvaimennin malli: Teleskooppi-iskunvaimentaja; Iskunvaimennusj\u00e4rjestelm\u00e4: Kaksiputki; Iskunvaimennin asennustapa: Silmukka ylh\u00e4\u00e4ll\u00e4, Silmukka alhaalla; L\u00e4pimitta [mm]: 38; Pituus 1 (mm): 446; Pituus 2 (mm): 296; Huomioi tekniset tiedot: ; Tuotelinja: TWIN; Alustarakenne: f\u00fcr Fahrzeuge mit tiefergelegtem Fahrwerk; OPEL: VECTRA C Caravan,SIGNUM,VECTRA C,VECTRA C GTS; FIAT: CROMA 194; VAUXHALL: VECTRA Mk II C CC,ASTRA Mk V H Estate,VECTRA Mk II C Estate,VECTRA Mk II C,SIGNUM; 436190, 436296, 436298, 436299, 436300, 436303, 436309, 436310, 436338, 436339, 436340, 436343, 436344, 436346, 436370, 436372, 93171845, 93173258, 93174131, 93175218, 93175219, 93175223, 93177873, 93177874, 93183290, 93183291, 93183292, 93183313, 93183314, 93183316, 93187022, 93187201, 436303, 436309, 436339, 436343, 436344, 436346, 436370, 93173258, 93174131, 93175218, 93175219, 93175223, 93177873, 93177874, 93183290, 93183291, 93183292, 93183313, 93183314, 93183316, 93187022, 93187201; Iskarit,Iskunvaimennin<\/p>\n","protected":false},"excerpt":{"rendered":"<p>TRW Iskunvaimentimet JGT420T Iskarit,Iskunvaimennin OPEL,FIAT,VAUXHALL,VECTRA C Caravan,SIGNUM,VECTRA C,VECTRA C GTS,CROMA 194,VECTRA Mk II C CC<\/p>\n","protected":false},"featured_media":0,"template":"","meta":{"site-sidebar-layout":"default","site-content-layout":"default","ast-global-header-display":"","ast-main-header-display":"","ast-hfb-above-header-display":"","ast-hfb-below-header-display":"","ast-hfb-mobile-header-display":"","site-post-title":"","ast-breadcrumbs-content":"","ast-featured-img":"","footer-sml-layout":"","theme-transparent-header-meta":"","adv-header-id-meta":"","stick-header-meta":"","header-above-stick-meta":"","header-main-stick-meta":"","header-below-stick-meta":""},"pwb-brand":[332],"product_cat":[80],"product_tag":[],"class_list":{"0":"post-46471","1":"product","2":"type-product","3":"status-publish","5":"pwb-brand-trw","6":"product_cat-iskunvaimennin","7":"desktop-align-left","8":"tablet-align-left","9":"mobile-align-left","11":"first","12":"instock","13":"product-type-external"},"brands":[{"id":332,"name":"TRW","slug":"trw"}],"_links":{"self":[{"href":"https:\/\/www.autonvaraosahaku.fi\/index.php?rest_route=\/wp\/v2\/product\/46471","targetHints":{"allow":["GET"]}}],"collection":[{"href":"https:\/\/www.autonvaraosahaku.fi\/index.php?rest_route=\/wp\/v2\/product"}],"about":[{"href":"https:\/\/www.autonvaraosahaku.fi\/index.php?rest_route=\/wp\/v2\/types\/product"}],"wp:attachment":[{"href":"https:\/\/www.autonvaraosahaku.fi\/index.php?rest_route=%2Fwp%2Fv2%2Fmedia&parent=46471"}],"wp:term":[{"taxonomy":"pwb-brand","embeddable":true,"href":"https:\/\/www.autonvaraosahaku.fi\/index.php?rest_route=%2Fwp%2Fv2%2Fpwb-brand&post=46471"},{"taxonomy":"product_cat","embeddable":true,"href":"https:\/\/www.autonvaraosahaku.fi\/index.php?rest_route=%2Fwp%2Fv2%2Fproduct_cat&post=46471"},{"taxonomy":"product_tag","embeddable":true,"href":"https:\/\/www.autonvaraosahaku.fi\/index.php?rest_route=%2Fwp%2Fv2%2Fproduct_tag&post=46471"}],"curies":[{"name":"wp","href":"https:\/\/api.w.org\/{rel}","templated":true}]}}