{"id":46478,"date":"2021-02-21T17:12:26","date_gmt":"2021-02-21T17:12:26","guid":{"rendered":"https:\/\/www.autonvaraosahaku.fi\/?product=febi-bilstein-10616-jarrulevyt"},"modified":"2021-02-21T17:12:31","modified_gmt":"2021-02-21T17:12:31","slug":"febi-bilstein-10616-jarrulevyt","status":"publish","type":"product","link":"https:\/\/www.autonvaraosahaku.fi\/?product=febi-bilstein-10616-jarrulevyt","title":{"rendered":"FEBI BILSTEIN 10616 Jarrulevyt"},"content":{"rendered":"<p>Jarrulevyn paksuus (mm): 10,8; Kiinnitysreikien lukum\u00e4\u00e4r\u00e4: 4, 2; Paksuus [mm]: 45,8; Ulkol\u00e4pimitta [mm]: 227,5; Reik\u00e4ympyr\u00e4-\u00d8 [mm]: 98; Pinta: pinnoitettu; Jarrulevytyyppi: Vakiomalli; V\u00e4himm\u00e4ispaksuus (mm): 9; Paino [kg]: 3,0; keskitt\u00e4misl\u00e4pimitta [mm]: 62; Huomioi huolto-ohjeet: , ; Asennuspuoli: Vorderachse; SEAT: MARBELLA 28,IBIZA I 021A,MALAGA 023A,TERRA 24; LANCIA: DELTA I 831AB0,Y10 156; FIAT: PANDA 141A_,UNO 146A\/E,X 1\/9 128 AS,127,128 Coupe,128,PANDA Van 141_,125,131,RITMO I 138A,132,REGATA 138,ARGENTA 132A,RITMO Cabriolet,127 Panorama,128 Familiare,131 Familiare\/Panorama,REGATA Weekend 138; 4139010, 4208311, 4385812, 71738422, 4385812, 71738422, SE022165002A; Jarrulevy<\/p>\n","protected":false},"excerpt":{"rendered":"<p>FEBI BILSTEIN Jarrulevyt 10616 Jarrulevy SEAT,LANCIA,FIAT,MARBELLA 28,IBIZA I 021A,MALAGA 023A,TERRA 24,DELTA I 831AB0,Y10 156,PANDA 141A_,UNO 146A\/E<\/p>\n","protected":false},"featured_media":0,"template":"","meta":{"site-sidebar-layout":"default","site-content-layout":"default","ast-global-header-display":"","ast-main-header-display":"","ast-hfb-above-header-display":"","ast-hfb-below-header-display":"","ast-hfb-mobile-header-display":"","site-post-title":"","ast-breadcrumbs-content":"","ast-featured-img":"","footer-sml-layout":"","theme-transparent-header-meta":"","adv-header-id-meta":"","stick-header-meta":"","header-above-stick-meta":"","header-main-stick-meta":"","header-below-stick-meta":""},"pwb-brand":[50],"product_cat":[66],"product_tag":[],"class_list":{"0":"post-46478","1":"product","2":"type-product","3":"status-publish","5":"pwb-brand-febi-bilstein","6":"product_cat-jarrulevyt","7":"desktop-align-left","8":"tablet-align-left","9":"mobile-align-left","11":"first","12":"instock","13":"product-type-external"},"brands":[{"id":50,"name":"FEBI BILSTEIN","slug":"febi-bilstein"}],"_links":{"self":[{"href":"https:\/\/www.autonvaraosahaku.fi\/index.php?rest_route=\/wp\/v2\/product\/46478","targetHints":{"allow":["GET"]}}],"collection":[{"href":"https:\/\/www.autonvaraosahaku.fi\/index.php?rest_route=\/wp\/v2\/product"}],"about":[{"href":"https:\/\/www.autonvaraosahaku.fi\/index.php?rest_route=\/wp\/v2\/types\/product"}],"wp:attachment":[{"href":"https:\/\/www.autonvaraosahaku.fi\/index.php?rest_route=%2Fwp%2Fv2%2Fmedia&parent=46478"}],"wp:term":[{"taxonomy":"pwb-brand","embeddable":true,"href":"https:\/\/www.autonvaraosahaku.fi\/index.php?rest_route=%2Fwp%2Fv2%2Fpwb-brand&post=46478"},{"taxonomy":"product_cat","embeddable":true,"href":"https:\/\/www.autonvaraosahaku.fi\/index.php?rest_route=%2Fwp%2Fv2%2Fproduct_cat&post=46478"},{"taxonomy":"product_tag","embeddable":true,"href":"https:\/\/www.autonvaraosahaku.fi\/index.php?rest_route=%2Fwp%2Fv2%2Fproduct_tag&post=46478"}],"curies":[{"name":"wp","href":"https:\/\/api.w.org\/{rel}","templated":true}]}}