{"id":46482,"date":"2021-02-21T17:12:32","date_gmt":"2021-02-21T17:12:32","guid":{"rendered":"https:\/\/www.autonvaraosahaku.fi\/?product=trw-gdb3494-jarrupalat"},"modified":"2021-02-21T17:12:33","modified_gmt":"2021-02-21T17:12:33","slug":"trw-gdb3494-jarrupalat","status":"publish","type":"product","link":"https:\/\/www.autonvaraosahaku.fi\/?product=trw-gdb3494-jarrupalat","title":{"rendered":"TRW GDB3494 Jarrupalat"},"content":{"rendered":"<p>Valmistaja rajaus: AKEBONO; Pituus (mm): 99,8; Korkeus (mm): 41,2; Paksuus [mm]: 15,5; Kulumisenilmaisimen liitos: akustisella kulumavaroittimella; Tarkistuskilpi: E9 90R &#8211; 01120\/2689; M\u00e4\u00e4r\u00e4yksikk\u00f6: Akselisarja; Tuotelinja: COTEC; Asennuspuoli: Hinterachse; HYUNDAI: TUCSON JM,i40 CW VF,i30 GD,i30 CW GD,SONATA V NF,VELOSTER FS,i40 VF,GRANDEUR TG,i10 IA,ACCENT IV RB,SONATA VI YF,ELANTRA Stufenheck HD,ACCENT IV Stufenheck RB,GRANDEUR HG,i20 Coupe,i10 Stufenheck; KIA: RIO III UB,SOUL AM,OPIRUS GH,OPTIMA,RIO III Stufenheck UB,SOUL II PS,RIO IV YB; SSANGYONG: KORANDO,ACTYON II; 58101B9A30, 583020AA10, 583021RA30, 583022EA31, 583022HA51, 583022KA00, 583022KA10, 583022TA60, 583023FA01, 583023FA11, 583023KA31, 583023KA35, 583023KA62, 583023KA63, 583023LA10, 583023LA20, 583023QA10, 583023ZA70, 58302A6A30, 58302B4A30, 583020AA10, 583021RA30, 583021WA35, 583022HA51, 583022KA00, 583022KA10, 583022TA60, 583023FA01, 583023FA11, 583023KA62, 583023KA63, 583023LA10, 583023LA20, 583023QA10, 48413341A0; Jarrupalasarja,Jarrupala, Levyjarru<\/p>\n","protected":false},"excerpt":{"rendered":"<p>TRW Jarrupalat GDB3494 Jarrupalasarja,Jarrupala, Levyjarru HYUNDAI,KIA,SSANGYONG,TUCSON JM,i40 CW VF,i30 GD,i30 CW GD,SONATA V NF,VELOSTER FS,i40 VF<\/p>\n","protected":false},"featured_media":0,"template":"","meta":{"site-sidebar-layout":"default","site-content-layout":"default","ast-global-header-display":"","ast-main-header-display":"","ast-hfb-above-header-display":"","ast-hfb-below-header-display":"","ast-hfb-mobile-header-display":"","site-post-title":"","ast-breadcrumbs-content":"","ast-featured-img":"","footer-sml-layout":"","theme-transparent-header-meta":"","adv-header-id-meta":"","stick-header-meta":"","header-above-stick-meta":"","header-main-stick-meta":"","header-below-stick-meta":""},"pwb-brand":[332],"product_cat":[100],"product_tag":[],"class_list":{"0":"post-46482","1":"product","2":"type-product","3":"status-publish","5":"pwb-brand-trw","6":"product_cat-jarrupalat","7":"desktop-align-left","8":"tablet-align-left","9":"mobile-align-left","11":"first","12":"instock","13":"product-type-external"},"brands":[{"id":332,"name":"TRW","slug":"trw"}],"_links":{"self":[{"href":"https:\/\/www.autonvaraosahaku.fi\/index.php?rest_route=\/wp\/v2\/product\/46482","targetHints":{"allow":["GET"]}}],"collection":[{"href":"https:\/\/www.autonvaraosahaku.fi\/index.php?rest_route=\/wp\/v2\/product"}],"about":[{"href":"https:\/\/www.autonvaraosahaku.fi\/index.php?rest_route=\/wp\/v2\/types\/product"}],"wp:attachment":[{"href":"https:\/\/www.autonvaraosahaku.fi\/index.php?rest_route=%2Fwp%2Fv2%2Fmedia&parent=46482"}],"wp:term":[{"taxonomy":"pwb-brand","embeddable":true,"href":"https:\/\/www.autonvaraosahaku.fi\/index.php?rest_route=%2Fwp%2Fv2%2Fpwb-brand&post=46482"},{"taxonomy":"product_cat","embeddable":true,"href":"https:\/\/www.autonvaraosahaku.fi\/index.php?rest_route=%2Fwp%2Fv2%2Fproduct_cat&post=46482"},{"taxonomy":"product_tag","embeddable":true,"href":"https:\/\/www.autonvaraosahaku.fi\/index.php?rest_route=%2Fwp%2Fv2%2Fproduct_tag&post=46482"}],"curies":[{"name":"wp","href":"https:\/\/api.w.org\/{rel}","templated":true}]}}