{"id":46483,"date":"2021-02-21T17:12:32","date_gmt":"2021-02-21T17:12:32","guid":{"rendered":"https:\/\/www.autonvaraosahaku.fi\/?product=wahler-4150-79d50-termostaatti"},"modified":"2021-02-21T17:12:33","modified_gmt":"2021-02-21T17:12:33","slug":"wahler-4150-79d50-termostaatti","status":"publish","type":"product","link":"https:\/\/www.autonvaraosahaku.fi\/?product=wahler-4150-79d50-termostaatti","title":{"rendered":"WAHLER 4150.79D50 Termostaatti"},"content":{"rendered":"<p>Avausl\u00e4mp\u00f6tila [\u00b0C]: 79; Lis\u00e4tarvike\/lis\u00e4tieto: Tiivisteill\u00e4; Tarvittava kappalem\u00e4\u00e4r\u00e4: 2; MERCEDES-BENZ: O 303; SOLARIS: URBINO; NEOPLAN: Centroliner,Cityliner,Jetliner,Megashuttle,Skyliner,Spaceliner,Sportliner,Starliner,Transliner; MAZ-MAN: F 2000; MAN: CLA,E2000,EL,EM,F2000,F9,F90,F90 Unterflur,G,G90,HOCL,L2000,LION\u00b4S CITY,LION\u00b4S COACH,LION\u00b4S COMFORT,LION\u00b4S STAR,M 2000 L,M 2000 M,M90,NG,NL,NM,N\u00dc,R,SD,SG,SL,SL II,SM,SR,S\u00dc,TGA,TGL,TGM,TGS,TGX,\u00dcL; ASKAM: Hi-Ex; 51064020034, 51064020043, 51064020044, 51064020049, 51064020050, 51064020051, 51064020053, 51064020056, 51064020061, 51064020064, 51064020067, 51064020069; Termostaatti, J\u00e4\u00e4hdytysneste<\/p>\n","protected":false},"excerpt":{"rendered":"<p>WAHLER Termostaatti 4150.79D50 Termostaatti, J\u00e4\u00e4hdytysneste MERCEDES-BENZ,SOLARIS,NEOPLAN,O 303,URBINO,Centroliner,Cityliner,Jetliner,Megashuttle<\/p>\n","protected":false},"featured_media":0,"template":"","meta":{"site-sidebar-layout":"default","site-content-layout":"default","ast-global-header-display":"","ast-main-header-display":"","ast-hfb-above-header-display":"","ast-hfb-below-header-display":"","ast-hfb-mobile-header-display":"","site-post-title":"","ast-breadcrumbs-content":"","ast-featured-img":"","footer-sml-layout":"","theme-transparent-header-meta":"","adv-header-id-meta":"","stick-header-meta":"","header-above-stick-meta":"","header-main-stick-meta":"","header-below-stick-meta":""},"pwb-brand":[446],"product_cat":[174],"product_tag":[],"class_list":{"0":"post-46483","1":"product","2":"type-product","3":"status-publish","5":"pwb-brand-wahler","6":"product_cat-termostaatti","7":"desktop-align-left","8":"tablet-align-left","9":"mobile-align-left","11":"first","12":"instock","13":"product-type-external"},"brands":[{"id":446,"name":"WAHLER","slug":"wahler"}],"_links":{"self":[{"href":"https:\/\/www.autonvaraosahaku.fi\/index.php?rest_route=\/wp\/v2\/product\/46483","targetHints":{"allow":["GET"]}}],"collection":[{"href":"https:\/\/www.autonvaraosahaku.fi\/index.php?rest_route=\/wp\/v2\/product"}],"about":[{"href":"https:\/\/www.autonvaraosahaku.fi\/index.php?rest_route=\/wp\/v2\/types\/product"}],"wp:attachment":[{"href":"https:\/\/www.autonvaraosahaku.fi\/index.php?rest_route=%2Fwp%2Fv2%2Fmedia&parent=46483"}],"wp:term":[{"taxonomy":"pwb-brand","embeddable":true,"href":"https:\/\/www.autonvaraosahaku.fi\/index.php?rest_route=%2Fwp%2Fv2%2Fpwb-brand&post=46483"},{"taxonomy":"product_cat","embeddable":true,"href":"https:\/\/www.autonvaraosahaku.fi\/index.php?rest_route=%2Fwp%2Fv2%2Fproduct_cat&post=46483"},{"taxonomy":"product_tag","embeddable":true,"href":"https:\/\/www.autonvaraosahaku.fi\/index.php?rest_route=%2Fwp%2Fv2%2Fproduct_tag&post=46483"}],"curies":[{"name":"wp","href":"https:\/\/api.w.org\/{rel}","templated":true}]}}