{"id":46504,"date":"2021-02-21T17:12:37","date_gmt":"2021-02-21T17:12:37","guid":{"rendered":"https:\/\/www.autonvaraosahaku.fi\/?product=vaico-v10-8265-kasijarrukengat"},"modified":"2021-02-21T17:12:39","modified_gmt":"2021-02-21T17:12:39","slug":"vaico-v10-8265-kasijarrukengat","status":"publish","type":"product","link":"https:\/\/www.autonvaraosahaku.fi\/?product=vaico-v10-8265-kasijarrukengat","title":{"rendered":"VAICO V10-8265 K\u00e4sijarrukeng\u00e4t"},"content":{"rendered":"<p>Jarrupala\/-hihna: P\u00e4\u00e4llysteell\u00e4; Asennuspuoli: Taka-akseli; L\u00e4pimitta [mm]: 210; Leveys (mm): 31; Paino [kg]: 1,886; Pakkausleveys [cm]: 18,8; Pakkauskorkeus [mm]: 9,7; Pakkaussyvyys [cm]: 21,5; lis\u00e4tieto: CST97; Valmistusvuoteen: 10\/2012; VW: TOUAREG 7LA, 7L6, 7L7; AUDI: Q7 4L; LAND ROVER: RANGE ROVER III LM; MERCEDES-BENZ: M-CLASS W164,R-CLASS W251, V251,M-CLASS W166,GL-CLASS X164; PORSCHE: CAYENNE 955; 7L0698525, SFS000050, SFS000051, 1644200620, A1644200620, 7L0698525, 95535294500, 95535295200, 7L0698525, 7L0698525, 7L0698525; Jarrukenk\u00e4sarja, K\u00e4sijarru<\/p>\n","protected":false},"excerpt":{"rendered":"<p>VAICO K\u00e4sijarrukeng\u00e4t V10-8265 Jarrukenk\u00e4sarja, K\u00e4sijarru VW,AUDI,LAND ROVER,TOUAREG 7LA, 7L6, 7L7,Q7 4L,RANGE ROVER III LM,M-CLASS W164<\/p>\n","protected":false},"featured_media":0,"template":"","meta":{"site-sidebar-layout":"default","site-content-layout":"default","ast-global-header-display":"","ast-main-header-display":"","ast-hfb-above-header-display":"","ast-hfb-below-header-display":"","ast-hfb-mobile-header-display":"","site-post-title":"","ast-breadcrumbs-content":"","ast-featured-img":"","footer-sml-layout":"","theme-transparent-header-meta":"","adv-header-id-meta":"","stick-header-meta":"","header-above-stick-meta":"","header-main-stick-meta":"","header-below-stick-meta":""},"pwb-brand":[330],"product_cat":[236],"product_tag":[],"class_list":{"0":"post-46504","1":"product","2":"type-product","3":"status-publish","5":"pwb-brand-vaico","6":"product_cat-kasijarrukengat","7":"desktop-align-left","8":"tablet-align-left","9":"mobile-align-left","11":"first","12":"instock","13":"product-type-external"},"brands":[{"id":330,"name":"VAICO","slug":"vaico"}],"_links":{"self":[{"href":"https:\/\/www.autonvaraosahaku.fi\/index.php?rest_route=\/wp\/v2\/product\/46504","targetHints":{"allow":["GET"]}}],"collection":[{"href":"https:\/\/www.autonvaraosahaku.fi\/index.php?rest_route=\/wp\/v2\/product"}],"about":[{"href":"https:\/\/www.autonvaraosahaku.fi\/index.php?rest_route=\/wp\/v2\/types\/product"}],"wp:attachment":[{"href":"https:\/\/www.autonvaraosahaku.fi\/index.php?rest_route=%2Fwp%2Fv2%2Fmedia&parent=46504"}],"wp:term":[{"taxonomy":"pwb-brand","embeddable":true,"href":"https:\/\/www.autonvaraosahaku.fi\/index.php?rest_route=%2Fwp%2Fv2%2Fpwb-brand&post=46504"},{"taxonomy":"product_cat","embeddable":true,"href":"https:\/\/www.autonvaraosahaku.fi\/index.php?rest_route=%2Fwp%2Fv2%2Fproduct_cat&post=46504"},{"taxonomy":"product_tag","embeddable":true,"href":"https:\/\/www.autonvaraosahaku.fi\/index.php?rest_route=%2Fwp%2Fv2%2Fproduct_tag&post=46504"}],"curies":[{"name":"wp","href":"https:\/\/api.w.org\/{rel}","templated":true}]}}