{"id":46516,"date":"2021-02-21T17:12:37","date_gmt":"2021-02-21T17:12:37","guid":{"rendered":"https:\/\/www.autonvaraosahaku.fi\/?product=trw-bwc107-takajarrusylinteri"},"modified":"2021-02-21T17:12:41","modified_gmt":"2021-02-21T17:12:41","slug":"trw-bwc107-takajarrusylinteri","status":"publish","type":"product","link":"https:\/\/www.autonvaraosahaku.fi\/?product=trw-bwc107-takajarrusylinteri","title":{"rendered":"TRW BWC107 Takajarrusylinteri"},"content":{"rendered":"<p>Valmistaja rajaus: ATE; Jarrut: Autoihin, joissa jarrupaineens\u00e4\u00e4din; L\u00e4pimitta [mm]: 17,5; Materiaali: Valurauta; Asennuspuoli: Hinterachse; VW: POLO 9N_,LUPO 6X1, 6E1,POLO 6R, 6C,GOLF III 1H1,GOLF IV Variant 1J5,POLO 6N2,POLO 6N1,GOLF II 19E, 1G1,FOX 5Z1, 5Z3,UP,GOLF I Cabriolet 155,GOLF III Cabriolet 1E7,GOLF III Variant 1H5,POLO 86C, 80,POLO Coupe 86C, 80,POLO Variant 6KV5,POLO CLASSIC 6KV2,SCIROCCO 53B,VENTO 1H2,GOLF I 17,CADDY I 14,JETTA II 19E, 1G2, 165,POLO Stufenheck,PASSAT Variant 32B,POLO Kasten 6NF,POLO Stufenheck 9A4,POLO CLASSIC 86C, 80,PASSAT 32B,POLO 86,411412,SCIROCCO 53,JETTA I 16,POLO Stufenheck 9N4,DERBY 86C, 80,POLO Kasten 86CF,PASSAT 32,DERBY 86,PASSAT Stufenheck 32B,PASSAT Variant 33,SANTANA 32B,GOLF II Van 19E, 1G1,GOLF III Van 1H1,LOAD UP; AUDI: 80 8C, B4,A2 8Z0,80 Avant 8C, B4,100 44, 44Q, C3,80 81, 85, B2,100 Avant 44, 44Q, C3,COUPE 81, 85,80 80, 82, B1,90 81, 85, B2,100 43, C2,50 86,100 Avant 43, C2; SKODA: CITIGO; SEAT: IBIZA IV 6L1,AROSA 6H,IBIZA II 6K1,Mii KF1_,CORDOBA 6K1, 6K2,CORDOBA Vario 6K1,CORDOBA 6L2,TOLEDO I 1L; 171698051A, 3096110511, 331611051A, 331698051, 331698051A, 331698053, 331698261A, 331698261C, 6N0611053, 6Q0611053C, 171698051A, 3096110511, 331611051A, 331698051, 331698053, 331698261A, 331698261C, 6N0611053, 6Q0611053C, 6W0611053C, 171698051A, 3096110511, 331698051, 331698053, 331698261A, 331698261C, 6Q0611053C, 171698051A, 309611051, 3096110511, 309611053, 321611053A, 331611051A, 331611053, 331611053A, 331611053B, 331698051, 331698051A, 331698053, 331698261A, 331698261C, 6N0611053, 6Q0611053C; Py\u00f6r\u00e4n Jarrusylinteri,Jarrusylinteri<\/p>\n","protected":false},"excerpt":{"rendered":"<p>TRW Takajarrusylinteri BWC107 Py\u00f6r\u00e4n Jarrusylinteri,Jarrusylinteri VW,AUDI,SKODA,POLO 9N_,LUPO 6X1, 6E1,POLO 6R, 6C,GOLF III 1H1,GOLF IV Variant 1J5<\/p>\n","protected":false},"featured_media":0,"template":"","meta":{"site-sidebar-layout":"default","site-content-layout":"default","ast-global-header-display":"","ast-main-header-display":"","ast-hfb-above-header-display":"","ast-hfb-below-header-display":"","ast-hfb-mobile-header-display":"","site-post-title":"","ast-breadcrumbs-content":"","ast-featured-img":"","footer-sml-layout":"","theme-transparent-header-meta":"","adv-header-id-meta":"","stick-header-meta":"","header-above-stick-meta":"","header-main-stick-meta":"","header-below-stick-meta":""},"pwb-brand":[332],"product_cat":[158],"product_tag":[],"class_list":{"0":"post-46516","1":"product","2":"type-product","3":"status-publish","5":"pwb-brand-trw","6":"product_cat-takajarrusylinteri","7":"desktop-align-left","8":"tablet-align-left","9":"mobile-align-left","11":"first","12":"instock","13":"product-type-external"},"brands":[{"id":332,"name":"TRW","slug":"trw"}],"_links":{"self":[{"href":"https:\/\/www.autonvaraosahaku.fi\/index.php?rest_route=\/wp\/v2\/product\/46516","targetHints":{"allow":["GET"]}}],"collection":[{"href":"https:\/\/www.autonvaraosahaku.fi\/index.php?rest_route=\/wp\/v2\/product"}],"about":[{"href":"https:\/\/www.autonvaraosahaku.fi\/index.php?rest_route=\/wp\/v2\/types\/product"}],"wp:attachment":[{"href":"https:\/\/www.autonvaraosahaku.fi\/index.php?rest_route=%2Fwp%2Fv2%2Fmedia&parent=46516"}],"wp:term":[{"taxonomy":"pwb-brand","embeddable":true,"href":"https:\/\/www.autonvaraosahaku.fi\/index.php?rest_route=%2Fwp%2Fv2%2Fpwb-brand&post=46516"},{"taxonomy":"product_cat","embeddable":true,"href":"https:\/\/www.autonvaraosahaku.fi\/index.php?rest_route=%2Fwp%2Fv2%2Fproduct_cat&post=46516"},{"taxonomy":"product_tag","embeddable":true,"href":"https:\/\/www.autonvaraosahaku.fi\/index.php?rest_route=%2Fwp%2Fv2%2Fproduct_tag&post=46516"}],"curies":[{"name":"wp","href":"https:\/\/api.w.org\/{rel}","templated":true}]}}